{"id":14930,"date":"2022-08-22T08:47:01","date_gmt":"2022-08-22T08:47:01","guid":{"rendered":"https:\/\/www.tenyutool.com\/?post_type=product&#038;p=14930"},"modified":"2022-08-29T08:57:09","modified_gmt":"2022-08-29T08:57:09","slug":"hss-m2-6542-matkap-uclari","status":"publish","type":"product","link":"https:\/\/www.tenyutool.com\/tr\/product\/hss-m2-6542-drill-bits\/","title":{"rendered":"Y\u00fcksek H\u0131z \u00c7eli\u011fi Matkap Ucu \u00c7e\u015fitli Malzeme Tiplerini Kesti M2 HSS 6542 Metal i\u00e7in D\u00fc\u015f\u00fck Fiyatl\u0131 Paslanmaz \u00c7elik"},"content":{"rendered":"<p>\u00d6zellikler:<\/p>\n<ul>\n<li>M2 matkap u\u00e7lar\u0131 di\u011fer matkap u\u00e7lar\u0131ndan daha pahal\u0131d\u0131r, ancak paslanmaz \u00e7elikte delme, uzun \u00f6m\u00fcr, en iyi se\u00e7im<\/li>\n<li data-spm-anchor-id=\"0.0.0.i140.2dea4f05jD1M0Y\">Merkez z\u0131mbaya gerek yok, temas halinde 135 \u00b0 ayr\u0131k noktal\u0131 matkaplar ve y\u00fcr\u00fcmeyi \u00f6nler<\/li>\n<li data-spm-anchor-id=\"0.0.0.i140.2dea4f05jD1M0Y\">En \u00fcst d\u00fczey do\u011fruluk ve performans i\u00e7in hassas zemin noktas\u0131, yivler, g\u00f6vde, bo\u015fluk ve matkap \u00e7ap\u0131<\/li>\n<li data-spm-anchor-id=\"0.0.0.i140.2dea4f05jD1M0Y\">Ta\u015flanm\u0131\u015f yivler, ucun t\u00fcm \u00e7al\u0131\u015fma y\u00fczeyi boyunca maksimize, verimlili\u011fi kald\u0131rmak i\u00e7in h\u0131zl\u0131 tala\u015f sa\u011flar<\/li>\n<\/ul>\n<figure id=\"attachment_14932\" aria-describedby=\"caption-attachment-14932\" style=\"width: 800px\" class=\"wp-caption alignnone\"><img fetchpriority=\"high\" decoding=\"async\" class=\"size-full wp-image-14932\" src=\"https:\/\/www.tenyutool.com\/wp-content\/uploads\/2022\/08\/Twist-Drill-China6-1.jpg\" alt=\"y\u00fcksek h\u0131z \u00e7eli\u011fi matkap ucu, d\u00fc\u015f\u00fck fiyat ile metal paslanmaz \u00e7elik i\u00e7in m2 hss 6542 \u00e7e\u015fitli malzeme tiplerini kesti\" width=\"800\" height=\"800\" srcset=\"https:\/\/www.tenyutool.com\/wp-content\/uploads\/2022\/08\/Twist-Drill-China6-1.jpg 800w, https:\/\/www.tenyutool.com\/wp-content\/uploads\/2022\/08\/Twist-Drill-China6-1-150x150.jpg 150w, https:\/\/www.tenyutool.com\/wp-content\/uploads\/2022\/08\/Twist-Drill-China6-1-768x768.jpg 768w, https:\/\/www.tenyutool.com\/wp-content\/uploads\/2022\/08\/Twist-Drill-China6-1-12x12.jpg 12w, https:\/\/www.tenyutool.com\/wp-content\/uploads\/2022\/08\/Twist-Drill-China6-1-300x300.jpg 300w, https:\/\/www.tenyutool.com\/wp-content\/uploads\/2022\/08\/Twist-Drill-China6-1-600x600.jpg 600w, https:\/\/www.tenyutool.com\/wp-content\/uploads\/2022\/08\/Twist-Drill-China6-1-100x100.jpg 100w\" sizes=\"(max-width: 800px) 100vw, 800px\" \/><figcaption id=\"caption-attachment-14932\" class=\"wp-caption-text\">y\u00fcksek h\u0131z \u00e7eli\u011fi matkap ucu, d\u00fc\u015f\u00fck fiyat ile metal paslanmaz \u00e7elik i\u00e7in m2 hss 6542 \u00e7e\u015fitli malzeme tiplerini kesti<\/figcaption><\/figure>\n<table class=\"has-title hight-light-first-column all magic-7\">\n<tbody>\n<tr>\n<td colspan=\"5\" rowspan=\"1\">\n<div class=\"magic-8\" data-spm-anchor-id=\"a2700.details.0.i38.413b3f69vXqKDK\"><span class=\"magic-9\" style=\"font-family: Arial;\">\u00dcr\u00fcn A\u00e7\u0131klamas\u0131<\/span><\/div>\n<\/td>\n<\/tr>\n<tr>\n<td colspan=\"5\" rowspan=\"1\">\n<div class=\"magic-8\"><span class=\"magic-13\"><span class=\"magic-14\" style=\"font-family: Arial;\"><b class=\"magic-14\" data-spm-anchor-id=\"0.0.0.i53.2dea4f05jD1M0Y\"><span class=\"magic-14\">Sizin \u0130\u00e7in Daha Fazla Se\u00e7enek<\/span>:\u00a0<a class=\"magic-14\" href=\"https:\/\/www.tenyutool.com\/tr\/\" target=\"_blank\" rel=\"noopener\">Ev<\/a>\u00a0&gt;\u00a0<a class=\"magic-14\" href=\"https:\/\/tenyutools.en.alibaba.com\/productgrouplist-806424819\/HSS_Drill_Bit.html?spm=a2700.icbuShop.88.22.6f5065bcUQbh6v\" target=\"_blank\" rel=\"noopener\">HSS Matkap Ucu\u00a0<\/a><\/b><\/span><b><\/b><\/span><\/div>\n<\/td>\n<\/tr>\n<tr>\n<td colspan=\"1\" rowspan=\"1\">\n<div class=\"magic-15\">\u00dcr\u00fcn ad\u0131<\/div>\n<\/td>\n<td colspan=\"4\" rowspan=\"1\">\n<div class=\"magic-16\">Y\u00fcksek H\u0131z \u00c7eli\u011fi Matkap Ucu \u00c7e\u015fitli Malzeme Tiplerini Kesti M2 HSS 6542 Metal i\u00e7in D\u00fc\u015f\u00fck Fiyatl\u0131 Paslanmaz \u00c7elik<\/div>\n<\/td>\n<\/tr>\n<tr>\n<td colspan=\"1\" rowspan=\"1\">\n<div class=\"magic-15\">Malzeme<\/div>\n<\/td>\n<td colspan=\"4\" rowspan=\"1\">\n<div class=\"magic-16\">M2 HSS 6542 ( M35 HSS-E HSS-Co5% )<\/div>\n<\/td>\n<\/tr>\n<tr>\n<td colspan=\"1\" rowspan=\"1\">\n<div class=\"magic-15\">\u0130\u015flem<\/div>\n<\/td>\n<td colspan=\"4\" rowspan=\"1\">\n<div class=\"magic-16\">Tamamen \u00d6\u011f\u00fct\u00fclm\u00fc\u015f (Ayr\u0131ca Haddelenmi\u015f ve Cilalanm\u0131\u015f, Haddelenmi\u015f, Frezelenmi\u015f)<\/div>\n<\/td>\n<\/tr>\n<tr>\n<td colspan=\"1\" rowspan=\"1\">\n<div class=\"magic-15\">Standart<\/div>\n<\/td>\n<td colspan=\"4\" rowspan=\"1\">\n<div class=\"magic-16\">DIN338 (Saplama DIN1897, Uzun DIN340, Ekstra Uzun DIN1869, Demirci Azalt\u0131lm\u0131\u015f \u015eaft 10mm, 13mm, DIN345 Konik \u015eaft Mevcuttur)<br \/>\nJobber Uzunlu\u011fu (Ayr\u0131ca Saplama Vidas\u0131 Makine Uzunlu\u011fu, Uzun Konik Uzunluk, Airctraft Extensoin, Ekstra Uzun 12&quot;, 18&quot;, 24&quot;, G\u00fcm\u00fc\u015f ve Deming 1\/2&quot; Azalt\u0131lm\u0131\u015f Sap)<\/div>\n<\/td>\n<\/tr>\n<tr>\n<td colspan=\"1\" rowspan=\"1\">\n<div class=\"magic-15\">Boyut<\/div>\n<\/td>\n<td colspan=\"4\" rowspan=\"1\">\n<div class=\"magic-16\">1\/16\u2033 \u2013 1\u2033 (0.5mm-25mm)<\/div>\n<\/td>\n<\/tr>\n<tr>\n<td colspan=\"1\" rowspan=\"1\">\n<div class=\"magic-15\">Puan T\u00fcr\u00fc<\/div>\n<\/td>\n<td colspan=\"4\" rowspan=\"1\">\n<div class=\"magic-16\" data-spm-anchor-id=\"a2700.details.0.i39.413b3f69vXqKDK\">135 Derece Ay\u0131rma Noktas\u0131 (Ayr\u0131ca 118 Derece Normal Nokta, Turbo Maks Noktas\u0131, Pilot Noktas\u0131 vard\u0131r)<\/div>\n<\/td>\n<\/tr>\n<tr>\n<td colspan=\"1\" rowspan=\"1\">\n<div class=\"magic-17\">\u015eaft Tipi<\/div>\n<\/td>\n<td class=\"magic-18\" colspan=\"4\" rowspan=\"1\">\n<div class=\"magic-19\">D\u00fcz \u015eaft (Ayr\u0131ca Tri-Flats \u015eaft, Alt\u0131gen \u015eaft, \u00c7ift R Alt\u0131gen \u015eaft, Azalt\u0131lm\u0131\u015f \u015eaft, Di\u015fli Alt\u0131gen \u015eaft, Konik \u015eaft)<\/div>\n<\/td>\n<\/tr>\n<tr>\n<td colspan=\"1\" rowspan=\"1\">\n<div class=\"magic-15\">Helezon a\u00e7\u0131s\u0131<\/div>\n<\/td>\n<td colspan=\"4\" rowspan=\"1\">\n<div class=\"magic-19\">Normal Spiral Tip N (Ayr\u0131ca Yava\u015f Spiral Tip H, H\u0131zl\u0131 Spiral Tip W, Sol Y\u00f6nl\u00fc Spiral de vard\u0131r)<\/div>\n<\/td>\n<\/tr>\n<tr>\n<td colspan=\"1\" rowspan=\"1\">\n<div class=\"magic-15\">Web &amp; Fl\u00fct Tipi<\/div>\n<\/td>\n<td colspan=\"4\" rowspan=\"1\">\n<div class=\"magic-19\">Normal Web ve Fl\u00fct (Ayr\u0131ca Parabolik Fl\u00fctl\u00fc Kal\u0131n Web, Normal Fl\u00fctl\u00fc A\u011f\u0131r Hizmet Web&#039;i de vard\u0131r)<\/div>\n<\/td>\n<\/tr>\n<tr>\n<td colspan=\"1\" rowspan=\"1\">\n<div class=\"magic-15\">Y\u00fczey<\/div>\n<\/td>\n<td colspan=\"4\" rowspan=\"1\">\n<div class=\"magic-19\">Parlak (Siyah Oksit, Siyah ve Alt\u0131n, Titanyum, Siyah ve Parlak, Kehribar Rengi de vard\u0131r)<\/div>\n<\/td>\n<\/tr>\n<tr>\n<td colspan=\"1\" rowspan=\"1\">\n<div class=\"magic-15\">paket<\/div>\n<\/td>\n<td colspan=\"4\" rowspan=\"1\">\n<div class=\"magic-19\">10\/5 Adet PVC Torbal\u0131, Plastik Kutulu, Tek Tek Ciltli Kart, \u00c7ift Blister, Kapakl\u0131<\/div>\n<\/td>\n<\/tr>\n<\/tbody>\n<\/table>","protected":false},"excerpt":{"rendered":"<p>Features\uff1a M2 drill bits are more expensive than other drill bits, but drilling in stainless steel, long life, best choose No need center punch, 135 \u00b0 split-point drills on contact and prevents walking Precision ground point, flutes, body, clearance and drill diameter for the ultimate in accuracy and performance Ground flutes provide fast chip to [&hellip;]<\/p>\n","protected":false},"featured_media":14932,"comment_status":"closed","ping_status":"closed","template":"","meta":{"_acf_changed":false,"_seopress_robots_primary_cat":"none","_seopress_titles_title":"hss m2 6542 drill bits | for Metal Stainless Steel","_seopress_titles_desc":"","_seopress_robots_index":"","site-sidebar-layout":"default","site-content-layout":"default","ast-site-content-layout":"default","site-content-style":"default","site-sidebar-style":"default","ast-global-header-display":"","ast-banner-title-visibility":"","ast-main-header-display":"","ast-hfb-above-header-display":"","ast-hfb-below-header-display":"","ast-hfb-mobile-header-display":"","site-post-title":"","ast-breadcrumbs-content":"","ast-featured-img":"","footer-sml-layout":"","ast-disable-related-posts":"","theme-transparent-header-meta":"default","adv-header-id-meta":"","stick-header-meta":"","header-above-stick-meta":"","header-main-stick-meta":"","header-below-stick-meta":"","astra-migrate-meta-layouts":"default","ast-page-background-enabled":"default","ast-page-background-meta":{"desktop":{"background-color":"","background-image":"","background-repeat":"repeat","background-position":"center center","background-size":"auto","background-attachment":"scroll","background-type":"","background-media":"","overlay-type":"","overlay-color":"","overlay-opacity":"","overlay-gradient":""},"tablet":{"background-color":"","background-image":"","background-repeat":"repeat","background-position":"center center","background-size":"auto","background-attachment":"scroll","background-type":"","background-media":"","overlay-type":"","overlay-color":"","overlay-opacity":"","overlay-gradient":""},"mobile":{"background-color":"","background-image":"","background-repeat":"repeat","background-position":"center center","background-size":"auto","background-attachment":"scroll","background-type":"","background-media":"","overlay-type":"","overlay-color":"","overlay-opacity":"","overlay-gradient":""}},"ast-content-background-meta":{"desktop":{"background-color":"var(--ast-global-color-5)","background-image":"","background-repeat":"repeat","background-position":"center center","background-size":"auto","background-attachment":"scroll","background-type":"","background-media":"","overlay-type":"","overlay-color":"","overlay-opacity":"","overlay-gradient":""},"tablet":{"background-color":"var(--ast-global-color-5)","background-image":"","background-repeat":"repeat","background-position":"center center","background-size":"auto","background-attachment":"scroll","background-type":"","background-media":"","overlay-type":"","overlay-color":"","overlay-opacity":"","overlay-gradient":""},"mobile":{"background-color":"var(--ast-global-color-5)","background-image":"","background-repeat":"repeat","background-position":"center center","background-size":"auto","background-attachment":"scroll","background-type":"","background-media":"","overlay-type":"","overlay-color":"","overlay-opacity":"","overlay-gradient":""}}},"product_brand":[],"product_cat":[22],"product_tag":[],"class_list":{"0":"post-14930","1":"product","2":"type-product","3":"status-publish","4":"has-post-thumbnail","6":"product_cat-drillbits","7":"desktop-align-left","8":"tablet-align-left","9":"mobile-align-left","11":"first","12":"instock","13":"shipping-taxable","14":"product-type-simple"},"acf":[],"_links":{"self":[{"href":"https:\/\/www.tenyutool.com\/tr\/wp-json\/wp\/v2\/product\/14930","targetHints":{"allow":["GET"]}}],"collection":[{"href":"https:\/\/www.tenyutool.com\/tr\/wp-json\/wp\/v2\/product"}],"about":[{"href":"https:\/\/www.tenyutool.com\/tr\/wp-json\/wp\/v2\/types\/product"}],"replies":[{"embeddable":true,"href":"https:\/\/www.tenyutool.com\/tr\/wp-json\/wp\/v2\/comments?post=14930"}],"wp:featuredmedia":[{"embeddable":true,"href":"https:\/\/www.tenyutool.com\/tr\/wp-json\/wp\/v2\/media\/14932"}],"wp:attachment":[{"href":"https:\/\/www.tenyutool.com\/tr\/wp-json\/wp\/v2\/media?parent=14930"}],"wp:term":[{"taxonomy":"product_brand","embeddable":true,"href":"https:\/\/www.tenyutool.com\/tr\/wp-json\/wp\/v2\/product_brand?post=14930"},{"taxonomy":"product_cat","embeddable":true,"href":"https:\/\/www.tenyutool.com\/tr\/wp-json\/wp\/v2\/product_cat?post=14930"},{"taxonomy":"product_tag","embeddable":true,"href":"https:\/\/www.tenyutool.com\/tr\/wp-json\/wp\/v2\/product_tag?post=14930"}],"curies":[{"name":"wp","href":"https:\/\/api.w.org\/{rel}","templated":true}]}}