{"id":15228,"date":"2022-08-29T09:14:33","date_gmt":"2022-08-29T09:14:33","guid":{"rendered":"https:\/\/www.tenyutool.com\/?post_type=product&#038;p=15228"},"modified":"2022-08-29T09:14:33","modified_gmt":"2022-08-29T09:14:33","slug":"akulu-matkap-1-2-inc-matkap","status":"publish","type":"product","link":"https:\/\/www.tenyutool.com\/tr\/product\/cordless-drill-1-2-inch-drill\/","title":{"rendered":"Ak\u00fcl\u00fc Matkap 1\/2 \u0130n\u00e7 Matkap, 400 In-lbs Tork, H\u0131zl\u0131 \u015earj Cihaz\u0131 ile 20 V Pil, Beton Duvar, Ah\u015fap, Metal i\u00e7in Ak\u00fcl\u00fc Matkap"},"content":{"rendered":"<p>\u00d6zellik:<\/p>\n<ul>\n<li>1\/2 in\u00e7 c\u0131rc\u0131rl\u0131 mandren, \u00fcst\u00fcn bit kavrama g\u00fcc\u00fc sa\u011flar.<\/li>\n<li>Matkap g\u00f6vdesi, \u00e7ok daha sa\u011flam, daha y\u00fcksek performansla 3\/8&quot; matkaplardan biraz daha b\u00fcy\u00fck. Yan tutamak konforu, dengeyi art\u0131rd\u0131 ve alet kontrol\u00fcn\u00fc kolayla\u015ft\u0131rd\u0131.<\/li>\n<li>400 in-lbs tork, 2 de\u011fi\u015fken h\u0131z ayar\u0131(0-400rpm&amp;0-1,600rpm), 20+1 tork ayar\u0131.<\/li>\n<\/ul>\n<figure id=\"attachment_15222\" aria-describedby=\"caption-attachment-15222\" style=\"width: 800px\" class=\"wp-caption alignnone\"><img fetchpriority=\"high\" decoding=\"async\" class=\"size-full wp-image-15222\" src=\"https:\/\/www.tenyutool.com\/wp-content\/uploads\/2022\/08\/Electric-Hammer5.jpg\" alt=\"elektrikli \u00e7eki\u00e75\" width=\"800\" height=\"800\" srcset=\"https:\/\/www.tenyutool.com\/wp-content\/uploads\/2022\/08\/Electric-Hammer5.jpg 800w, https:\/\/www.tenyutool.com\/wp-content\/uploads\/2022\/08\/Electric-Hammer5-150x150.jpg 150w, https:\/\/www.tenyutool.com\/wp-content\/uploads\/2022\/08\/Electric-Hammer5-768x768.jpg 768w, https:\/\/www.tenyutool.com\/wp-content\/uploads\/2022\/08\/Electric-Hammer5-12x12.jpg 12w, https:\/\/www.tenyutool.com\/wp-content\/uploads\/2022\/08\/Electric-Hammer5-300x300.jpg 300w, https:\/\/www.tenyutool.com\/wp-content\/uploads\/2022\/08\/Electric-Hammer5-600x600.jpg 600w, https:\/\/www.tenyutool.com\/wp-content\/uploads\/2022\/08\/Electric-Hammer5-100x100.jpg 100w\" sizes=\"(max-width: 800px) 100vw, 800px\" \/><figcaption id=\"caption-attachment-15222\" class=\"wp-caption-text\">Elektrikli \u00c7eki\u00e7<\/figcaption><\/figure>\n<table width=\"1114\">\n<tbody>\n<tr>\n<td colspan=\"9\" width=\"1114\">\u00dcr\u00fcn A\u00e7\u0131klamas\u0131<\/td>\n<\/tr>\n<tr>\n<td colspan=\"9\">Sizin \u0130\u00e7in Daha Fazla Se\u00e7enek: <a href=\"https:\/\/www.tenyutool.com\/tr\/\">Ev<\/a> &gt; Elektrikli \u00c7eki\u00e7<\/td>\n<\/tr>\n<tr>\n<td>\u00dcr\u00fcn ad\u0131<\/td>\n<td colspan=\"8\" width=\"910\">Ak\u00fcl\u00fc Matkap 1\/2 \u0130n\u00e7 Matkap, 400 In-lbs Tork, H\u0131zl\u0131 \u015earj Cihaz\u0131 ile 20 V Pil, Beton Duvar, Ah\u015fap, Metal i\u00e7in Ak\u00fcl\u00fc Matkap<\/td>\n<\/tr>\n<tr>\n<td>G\u00fc\u00e7 kayna\u011f\u0131<\/td>\n<td colspan=\"8\">Ak\u00fcl\u00fc<\/td>\n<\/tr>\n<tr>\n<td>Maksimum D\u00f6nme H\u0131z\u0131<\/td>\n<td colspan=\"8\">1600 devir<\/td>\n<\/tr>\n<tr>\n<td>Gerilim<\/td>\n<td colspan=\"8\">\u00a020 Volt<\/td>\n<\/tr>\n<\/tbody>\n<\/table>\n<p>&nbsp;<\/p>","protected":false},"excerpt":{"rendered":"<p>Feature: 1\/2 inch ratcheting chuck provides superior bit gripping strength. Drill body little bit larger than 3\/8&#8243; drills with much more solid, higher performance. The side handle increased comfort, balance, and easier tool control. 400 in-lbs torque, 2 variable speed setting(0-400rpm&amp;0-1,600rpm), 20+1 torque settings. Product Description More Choice For You: Home &gt; Electric Hammer Product [&hellip;]<\/p>\n","protected":false},"featured_media":15222,"comment_status":"closed","ping_status":"closed","template":"","meta":{"_acf_changed":false,"_seopress_robots_primary_cat":"","_seopress_titles_title":"Cordless Drill 1\/2 Inch Drill | for Concrete Wall, Wood, Metal","_seopress_titles_desc":"","_seopress_robots_index":"","site-sidebar-layout":"default","site-content-layout":"default","ast-site-content-layout":"default","site-content-style":"default","site-sidebar-style":"default","ast-global-header-display":"","ast-banner-title-visibility":"","ast-main-header-display":"","ast-hfb-above-header-display":"","ast-hfb-below-header-display":"","ast-hfb-mobile-header-display":"","site-post-title":"","ast-breadcrumbs-content":"","ast-featured-img":"","footer-sml-layout":"","ast-disable-related-posts":"","theme-transparent-header-meta":"default","adv-header-id-meta":"","stick-header-meta":"","header-above-stick-meta":"","header-main-stick-meta":"","header-below-stick-meta":"","astra-migrate-meta-layouts":"default","ast-page-background-enabled":"default","ast-page-background-meta":{"desktop":{"background-color":"","background-image":"","background-repeat":"repeat","background-position":"center center","background-size":"auto","background-attachment":"scroll","background-type":"","background-media":"","overlay-type":"","overlay-color":"","overlay-opacity":"","overlay-gradient":""},"tablet":{"background-color":"","background-image":"","background-repeat":"repeat","background-position":"center center","background-size":"auto","background-attachment":"scroll","background-type":"","background-media":"","overlay-type":"","overlay-color":"","overlay-opacity":"","overlay-gradient":""},"mobile":{"background-color":"","background-image":"","background-repeat":"repeat","background-position":"center center","background-size":"auto","background-attachment":"scroll","background-type":"","background-media":"","overlay-type":"","overlay-color":"","overlay-opacity":"","overlay-gradient":""}},"ast-content-background-meta":{"desktop":{"background-color":"var(--ast-global-color-5)","background-image":"","background-repeat":"repeat","background-position":"center center","background-size":"auto","background-attachment":"scroll","background-type":"","background-media":"","overlay-type":"","overlay-color":"","overlay-opacity":"","overlay-gradient":""},"tablet":{"background-color":"var(--ast-global-color-5)","background-image":"","background-repeat":"repeat","background-position":"center center","background-size":"auto","background-attachment":"scroll","background-type":"","background-media":"","overlay-type":"","overlay-color":"","overlay-opacity":"","overlay-gradient":""},"mobile":{"background-color":"var(--ast-global-color-5)","background-image":"","background-repeat":"repeat","background-position":"center center","background-size":"auto","background-attachment":"scroll","background-type":"","background-media":"","overlay-type":"","overlay-color":"","overlay-opacity":"","overlay-gradient":""}}},"product_brand":[],"product_cat":[25],"product_tag":[],"class_list":{"0":"post-15228","1":"product","2":"type-product","3":"status-publish","4":"has-post-thumbnail","6":"product_cat-electric-hammer","7":"desktop-align-left","8":"tablet-align-left","9":"mobile-align-left","11":"first","12":"instock","13":"shipping-taxable","14":"product-type-simple"},"acf":[],"_links":{"self":[{"href":"https:\/\/www.tenyutool.com\/tr\/wp-json\/wp\/v2\/product\/15228","targetHints":{"allow":["GET"]}}],"collection":[{"href":"https:\/\/www.tenyutool.com\/tr\/wp-json\/wp\/v2\/product"}],"about":[{"href":"https:\/\/www.tenyutool.com\/tr\/wp-json\/wp\/v2\/types\/product"}],"replies":[{"embeddable":true,"href":"https:\/\/www.tenyutool.com\/tr\/wp-json\/wp\/v2\/comments?post=15228"}],"wp:featuredmedia":[{"embeddable":true,"href":"https:\/\/www.tenyutool.com\/tr\/wp-json\/wp\/v2\/media\/15222"}],"wp:attachment":[{"href":"https:\/\/www.tenyutool.com\/tr\/wp-json\/wp\/v2\/media?parent=15228"}],"wp:term":[{"taxonomy":"product_brand","embeddable":true,"href":"https:\/\/www.tenyutool.com\/tr\/wp-json\/wp\/v2\/product_brand?post=15228"},{"taxonomy":"product_cat","embeddable":true,"href":"https:\/\/www.tenyutool.com\/tr\/wp-json\/wp\/v2\/product_cat?post=15228"},{"taxonomy":"product_tag","embeddable":true,"href":"https:\/\/www.tenyutool.com\/tr\/wp-json\/wp\/v2\/product_tag?post=15228"}],"curies":[{"name":"wp","href":"https:\/\/api.w.org\/{rel}","templated":true}]}}