{"id":15231,"date":"2022-08-29T09:50:59","date_gmt":"2022-08-29T09:50:59","guid":{"rendered":"https:\/\/www.tenyutool.com\/?post_type=product&#038;p=15231"},"modified":"2022-08-29T09:50:59","modified_gmt":"2022-08-29T09:50:59","slug":"1-2-inc-kablolu-elektrikli-darbeli-matkap","status":"publish","type":"product","link":"https:\/\/www.tenyutool.com\/tr\/product\/1-2-inch-corded-electric-hammer-drill\/","title":{"rendered":"7 Amp (850 W) Darbeli Matkap, 3000 RPM&#039;li 1\/2 \u0130n\u00e7 Kordonlu Elektrikli Darbeli Matkap, Ev Geli\u015ftirme, Kendin Yap, \u00c7elik, Duvarc\u0131l\u0131k, Ah\u015fap i\u00e7in (Betonarme i\u00e7in DE\u011e\u0130L)"},"content":{"rendered":"<p>\u00d6zellik:<\/p>\n<ul>\n<li>Bu g\u00fc\u00e7l\u00fc 1\/2 in\u00e7 kablolu elektrikli darbeli matkap, y\u00fcksek verimlili\u011fe sahip end\u00fcstriyel bak\u0131r \u00e7ekirdekli motorla donat\u0131lm\u0131\u015ft\u0131r.<\/li>\n<li>De\u011fi\u015fken h\u0131z \u00f6zelli\u011fi ile h\u0131z\u0131 ihtiya\u00e7lar\u0131n\u0131za g\u00f6re kolayca ayarlayabilirsiniz - 0 ila 3000 rpm.<\/li>\n<li>Kullan\u0131m\u0131 kolay tasar\u0131m\u0131, darbe ve delme i\u015flevleri aras\u0131nda h\u0131zla ge\u00e7i\u015f yapman\u0131z\u0131 sa\u011flayarak hem ev hem de profesyonel kullan\u0131m i\u00e7in idealdir.<\/li>\n<\/ul>\n<figure id=\"attachment_15233\" aria-describedby=\"caption-attachment-15233\" style=\"width: 800px\" class=\"wp-caption alignnone\"><img fetchpriority=\"high\" decoding=\"async\" class=\"size-full wp-image-15233\" src=\"https:\/\/www.tenyutool.com\/wp-content\/uploads\/2022\/08\/Electric-Hammer9..jpg\" alt=\"7 amper (850w) darbeli matkap, 3000 dev\/dak ile 1\/2 in\u00e7 kablolu elektrikli darbeli matkap, ev geli\u015ftirme, kendin yap, \u00e7elik, duvarc\u0131l\u0131k, ah\u015fap (betonarme i\u00e7in de\u011fil)\" width=\"800\" height=\"800\" srcset=\"https:\/\/www.tenyutool.com\/wp-content\/uploads\/2022\/08\/Electric-Hammer9..jpg 800w, https:\/\/www.tenyutool.com\/wp-content\/uploads\/2022\/08\/Electric-Hammer9.-150x150.jpg 150w, https:\/\/www.tenyutool.com\/wp-content\/uploads\/2022\/08\/Electric-Hammer9.-768x768.jpg 768w, https:\/\/www.tenyutool.com\/wp-content\/uploads\/2022\/08\/Electric-Hammer9.-12x12.jpg 12w, https:\/\/www.tenyutool.com\/wp-content\/uploads\/2022\/08\/Electric-Hammer9.-300x300.jpg 300w, https:\/\/www.tenyutool.com\/wp-content\/uploads\/2022\/08\/Electric-Hammer9.-600x600.jpg 600w, https:\/\/www.tenyutool.com\/wp-content\/uploads\/2022\/08\/Electric-Hammer9.-100x100.jpg 100w\" sizes=\"(max-width: 800px) 100vw, 800px\" \/><figcaption id=\"caption-attachment-15233\" class=\"wp-caption-text\">7 amper (850w) darbeli matkap, 3000 dev\/dak ile 1\/2 in\u00e7 kablolu elektrikli darbeli matkap, ev tadilat\u0131 i\u00e7in, DIY, \u00e7elik, duvarc\u0131l\u0131k, ah\u015fap (betonarme i\u00e7in de\u011fil)<\/figcaption><\/figure>\n<table width=\"1114\">\n<tbody>\n<tr>\n<td colspan=\"9\" width=\"1114\">\u00dcr\u00fcn A\u00e7\u0131klamas\u0131<\/td>\n<\/tr>\n<tr>\n<td colspan=\"9\">Sizin \u0130\u00e7in Daha Fazla Se\u00e7enek: <a href=\"https:\/\/www.tenyutool.com\/tr\/\">Ev<\/a> &gt; Elektrikli \u00c7eki\u00e7<\/td>\n<\/tr>\n<tr>\n<td>\u00dcr\u00fcn ad\u0131<\/td>\n<td colspan=\"8\" width=\"910\">7 Amp (850 W) Darbeli Matkap, 3000 RPM&#039;li 1\/2 \u0130n\u00e7 Kordonlu Elektrikli Darbeli Matkap, Ev Geli\u015ftirme, Kendin Yap, \u00c7elik, Duvarc\u0131l\u0131k, Ah\u015fap i\u00e7in (Betonarme i\u00e7in DE\u011e\u0130L)<\/td>\n<\/tr>\n<tr>\n<td>G\u00fc\u00e7 kayna\u011f\u0131<\/td>\n<td colspan=\"8\">\u0130pli Elektrik<\/td>\n<\/tr>\n<tr>\n<td>Maksimum D\u00f6nme H\u0131z\u0131<\/td>\n<td colspan=\"8\">3000 devir<\/td>\n<\/tr>\n<tr>\n<td>Gerilim<\/td>\n<td colspan=\"8\">\u00a0110 Volt<\/td>\n<\/tr>\n<\/tbody>\n<\/table>","protected":false},"excerpt":{"rendered":"<p>Feature: This powerful 1\/2-inch corded electric hammer drill is equipped with a high-efficiency industrial copper core motor. With its variable speed feature, you can easily adjust the speed to suit your needs \u2013 from 0 to 3000rpm. Its easy-to-use design lets you quickly switch between the hammer and drilling functions, making it ideal for both [&hellip;]<\/p>\n","protected":false},"featured_media":15233,"comment_status":"closed","ping_status":"closed","template":"","meta":{"_acf_changed":false,"_seopress_robots_primary_cat":"","_seopress_titles_title":"1\/2 inch corded electri hammer drill | for Home Improvement DIY Steel Masonry Wood ","_seopress_titles_desc":"","_seopress_robots_index":"","site-sidebar-layout":"default","site-content-layout":"default","ast-site-content-layout":"default","site-content-style":"default","site-sidebar-style":"default","ast-global-header-display":"","ast-banner-title-visibility":"","ast-main-header-display":"","ast-hfb-above-header-display":"","ast-hfb-below-header-display":"","ast-hfb-mobile-header-display":"","site-post-title":"","ast-breadcrumbs-content":"","ast-featured-img":"","footer-sml-layout":"","ast-disable-related-posts":"","theme-transparent-header-meta":"default","adv-header-id-meta":"","stick-header-meta":"","header-above-stick-meta":"","header-main-stick-meta":"","header-below-stick-meta":"","astra-migrate-meta-layouts":"default","ast-page-background-enabled":"default","ast-page-background-meta":{"desktop":{"background-color":"","background-image":"","background-repeat":"repeat","background-position":"center center","background-size":"auto","background-attachment":"scroll","background-type":"","background-media":"","overlay-type":"","overlay-color":"","overlay-opacity":"","overlay-gradient":""},"tablet":{"background-color":"","background-image":"","background-repeat":"repeat","background-position":"center center","background-size":"auto","background-attachment":"scroll","background-type":"","background-media":"","overlay-type":"","overlay-color":"","overlay-opacity":"","overlay-gradient":""},"mobile":{"background-color":"","background-image":"","background-repeat":"repeat","background-position":"center center","background-size":"auto","background-attachment":"scroll","background-type":"","background-media":"","overlay-type":"","overlay-color":"","overlay-opacity":"","overlay-gradient":""}},"ast-content-background-meta":{"desktop":{"background-color":"var(--ast-global-color-5)","background-image":"","background-repeat":"repeat","background-position":"center center","background-size":"auto","background-attachment":"scroll","background-type":"","background-media":"","overlay-type":"","overlay-color":"","overlay-opacity":"","overlay-gradient":""},"tablet":{"background-color":"var(--ast-global-color-5)","background-image":"","background-repeat":"repeat","background-position":"center center","background-size":"auto","background-attachment":"scroll","background-type":"","background-media":"","overlay-type":"","overlay-color":"","overlay-opacity":"","overlay-gradient":""},"mobile":{"background-color":"var(--ast-global-color-5)","background-image":"","background-repeat":"repeat","background-position":"center center","background-size":"auto","background-attachment":"scroll","background-type":"","background-media":"","overlay-type":"","overlay-color":"","overlay-opacity":"","overlay-gradient":""}}},"product_brand":[],"product_cat":[25],"product_tag":[],"class_list":{"0":"post-15231","1":"product","2":"type-product","3":"status-publish","4":"has-post-thumbnail","6":"product_cat-electric-hammer","7":"desktop-align-left","8":"tablet-align-left","9":"mobile-align-left","11":"first","12":"instock","13":"shipping-taxable","14":"product-type-simple"},"acf":[],"_links":{"self":[{"href":"https:\/\/www.tenyutool.com\/tr\/wp-json\/wp\/v2\/product\/15231","targetHints":{"allow":["GET"]}}],"collection":[{"href":"https:\/\/www.tenyutool.com\/tr\/wp-json\/wp\/v2\/product"}],"about":[{"href":"https:\/\/www.tenyutool.com\/tr\/wp-json\/wp\/v2\/types\/product"}],"replies":[{"embeddable":true,"href":"https:\/\/www.tenyutool.com\/tr\/wp-json\/wp\/v2\/comments?post=15231"}],"wp:featuredmedia":[{"embeddable":true,"href":"https:\/\/www.tenyutool.com\/tr\/wp-json\/wp\/v2\/media\/15233"}],"wp:attachment":[{"href":"https:\/\/www.tenyutool.com\/tr\/wp-json\/wp\/v2\/media?parent=15231"}],"wp:term":[{"taxonomy":"product_brand","embeddable":true,"href":"https:\/\/www.tenyutool.com\/tr\/wp-json\/wp\/v2\/product_brand?post=15231"},{"taxonomy":"product_cat","embeddable":true,"href":"https:\/\/www.tenyutool.com\/tr\/wp-json\/wp\/v2\/product_cat?post=15231"},{"taxonomy":"product_tag","embeddable":true,"href":"https:\/\/www.tenyutool.com\/tr\/wp-json\/wp\/v2\/product_tag?post=15231"}],"curies":[{"name":"wp","href":"https:\/\/api.w.org\/{rel}","templated":true}]}}