{"id":15310,"date":"2022-08-30T06:50:16","date_gmt":"2022-08-30T06:50:16","guid":{"rendered":"https:\/\/www.tenyutool.com\/?post_type=product&#038;p=15310"},"modified":"2022-08-30T07:20:08","modified_gmt":"2022-08-30T07:20:08","slug":"gumus-yuzey-elmas-cekirdek-matkap-bit-delik-testere","status":"publish","type":"product","link":"https:\/\/www.tenyutool.com\/tr\/product\/silver-surface-diamond-core-drill-bit-hole-saw\/","title":{"rendered":"Karo Cam Mermer Granit Seramik Delme i\u00e7in 16mm Elmas Delik Testere"},"content":{"rendered":"<p>\u00d6zellik:<\/p>\n<ul>\n<li>16mm \u00e7apl\u0131 delikleri delmek i\u00e7in tasarlanm\u0131\u015ft\u0131r.<\/li>\n<li>Bu u\u00e7lardaki nikel kaplama, tak\u0131mlar\u0131n\u0131z\u0131n \u00f6mr\u00fcn\u00fc en \u00fcst d\u00fczeye \u00e7\u0131kar\u0131r.<\/li>\n<li>Y\u00fcksek kaliteli elmasla kaplanm\u0131\u015f elmas delik testeresi, y\u00fcksek hassasiyette, kenarlar\u0131 k\u0131r\u0131lmadan p\u00fcr\u00fczs\u00fcz bir kesim olu\u015fturur.<\/li>\n<li>\u00dcst\u00fcn performans ve kesme g\u00fcc\u00fc sunar.<\/li>\n<li>Cam, fayans, mermer ve di\u011fer k\u0131r\u0131lgan malzemeler \u00fczerinde temiz ve do\u011fru delik a\u00e7mak i\u00e7in m\u00fckemmeldir.\n<figure id=\"attachment_15312\" aria-describedby=\"caption-attachment-15312\" style=\"width: 800px\" class=\"wp-caption alignnone\"><img fetchpriority=\"high\" decoding=\"async\" class=\"size-full wp-image-15312\" src=\"https:\/\/www.tenyutool.com\/wp-content\/uploads\/2022\/08\/Hfb4513820f354ed19c48acb64c087be5g.jpg\" alt=\"16mm g\u00fcm\u00fc\u015f y\u00fczey karot cam mermer granit fiberglas seramik delme arac\u0131 i\u00e7in karot matkap ucu delik testeresi\" width=\"800\" height=\"800\" srcset=\"https:\/\/www.tenyutool.com\/wp-content\/uploads\/2022\/08\/Hfb4513820f354ed19c48acb64c087be5g.jpg 800w, https:\/\/www.tenyutool.com\/wp-content\/uploads\/2022\/08\/Hfb4513820f354ed19c48acb64c087be5g-150x150.jpg 150w, https:\/\/www.tenyutool.com\/wp-content\/uploads\/2022\/08\/Hfb4513820f354ed19c48acb64c087be5g-768x768.jpg 768w, https:\/\/www.tenyutool.com\/wp-content\/uploads\/2022\/08\/Hfb4513820f354ed19c48acb64c087be5g-12x12.jpg 12w, https:\/\/www.tenyutool.com\/wp-content\/uploads\/2022\/08\/Hfb4513820f354ed19c48acb64c087be5g-300x300.jpg 300w, https:\/\/www.tenyutool.com\/wp-content\/uploads\/2022\/08\/Hfb4513820f354ed19c48acb64c087be5g-600x600.jpg 600w, https:\/\/www.tenyutool.com\/wp-content\/uploads\/2022\/08\/Hfb4513820f354ed19c48acb64c087be5g-100x100.jpg 100w\" sizes=\"(max-width: 800px) 100vw, 800px\" \/><figcaption id=\"caption-attachment-15312\" class=\"wp-caption-text\">16mm g\u00fcm\u00fc\u015f y\u00fczey karot cam mermer granit fiberglas seramik delme arac\u0131 i\u00e7in karot matkap ucu delik testeresi<\/figcaption><\/figure>\n<table class=\"has-title hight-light-first-column all magic-4\">\n<tbody>\n<tr>\n<td colspan=\"5\" rowspan=\"1\">\n<div class=\"magic-5\"><span class=\"magic-6\" data-spm-anchor-id=\"a2700.details.0.i40.62fe6201Vdemrn\">\u00dcr\u00fcn A\u00e7\u0131klamas\u0131<\/span><\/div>\n<\/td>\n<\/tr>\n<tr>\n<td colspan=\"5\" rowspan=\"1\">\n<div class=\"magic-5\"><b><span class=\"magic-9\">Sizin \u0130\u00e7in Daha Fazla Se\u00e7enek: <a href=\"https:\/\/www.tenyutool.com\/tr\/\" target=\"_blank\" rel=\"noopener\">Ev<\/a> &gt; Elmas Delik Testere<\/span><\/b><\/div>\n<\/td>\n<\/tr>\n<tr>\n<td colspan=\"1\" rowspan=\"1\">\n<div class=\"magic-10\">\u00dcr\u00fcn Ad\u0131<\/div>\n<\/td>\n<td colspan=\"1\" rowspan=\"1\">\n<div class=\"magic-11\" data-spm-anchor-id=\"a2700.details.0.i41.62fe6201Vdemrn\">16mm G\u00fcm\u00fc\u015f Y\u00fczey Elmas \u00c7ekirdekli Matkap Ucu Karo Cam Mermer Granit Fiberglas Seramik Delme Arac\u0131 i\u00e7in Delik Testere<\/div>\n<\/td>\n<\/tr>\n<tr>\n<td colspan=\"1\" rowspan=\"1\">\n<div class=\"magic-10\">G\u00f6vde Malzemesi<\/div>\n<\/td>\n<td colspan=\"4\" rowspan=\"1\">\n<div class=\"magic-11\">Karbon \u00e7elik<\/div>\n<\/td>\n<\/tr>\n<tr>\n<td colspan=\"1\" rowspan=\"1\">\n<div class=\"magic-12\">Segment Malzemesi<\/div>\n<\/td>\n<td colspan=\"4\" rowspan=\"1\">\n<div class=\"magic-11\">Elmas<\/div>\n<\/td>\n<\/tr>\n<tr>\n<td colspan=\"1\" rowspan=\"1\">\n<div class=\"magic-12\">\u0130\u015flem<\/div>\n<\/td>\n<td colspan=\"4\" rowspan=\"1\">\n<div class=\"magic-11\">Elektroliz<\/div>\n<\/td>\n<\/tr>\n<tr>\n<td colspan=\"1\" rowspan=\"1\">\n<div class=\"magic-12\">\u0130ncik<\/div>\n<\/td>\n<td colspan=\"4\" rowspan=\"1\">\n<div class=\"magic-11\">Yuvarlak \u015eaft<\/div>\n<\/td>\n<\/tr>\n<tr>\n<td colspan=\"1\" rowspan=\"1\">\n<div class=\"magic-12\">Y\u00fczey<\/div>\n<\/td>\n<td colspan=\"4\" rowspan=\"1\">\n<div class=\"magic-11\">G\u00fcm\u00fc\u015f veya Alt\u0131n<\/div>\n<\/td>\n<\/tr>\n<tr>\n<td colspan=\"1\" rowspan=\"1\">\n<div class=\"magic-12\">Boyut<\/div>\n<\/td>\n<td colspan=\"4\" rowspan=\"1\">\n<div class=\"magic-11\">16mm<\/div>\n<\/td>\n<\/tr>\n<tr>\n<td colspan=\"1\" rowspan=\"1\">\n<div class=\"magic-12\">paket<\/div>\n<\/td>\n<td colspan=\"4\" rowspan=\"1\">\n<div class=\"magic-11\">Bir Blister Kartta Tek Par\u00e7a<\/div>\n<\/td>\n<\/tr>\n<\/tbody>\n<\/table>\n<\/li>\n<\/ul>\n<p>&nbsp;<\/p>","protected":false},"excerpt":{"rendered":"<p>Feature: Designed for drilling 16mm diameter holes. Nickel plating on these bits maximizes your tools life. Coated with high quality diamond, the diamond hole saw creates a high precision, smooth cut with no broken edges. Offers superior performance and cutting strength. Excellent for making clean and accurate hole on glass, tile, marble and other fragile [&hellip;]<\/p>\n","protected":false},"featured_media":15312,"comment_status":"closed","ping_status":"closed","template":"","meta":{"_acf_changed":false,"_seopress_robots_primary_cat":"none","_seopress_titles_title":"Silver Surface Diamond Core Drill Bit Hole Saw | for Tile Glass Marble Granite Fiberglass Ceramic Drilling Tool","_seopress_titles_desc":"","_seopress_robots_index":"","site-sidebar-layout":"default","site-content-layout":"default","ast-site-content-layout":"default","site-content-style":"default","site-sidebar-style":"default","ast-global-header-display":"","ast-banner-title-visibility":"","ast-main-header-display":"","ast-hfb-above-header-display":"","ast-hfb-below-header-display":"","ast-hfb-mobile-header-display":"","site-post-title":"","ast-breadcrumbs-content":"","ast-featured-img":"","footer-sml-layout":"","ast-disable-related-posts":"","theme-transparent-header-meta":"default","adv-header-id-meta":"","stick-header-meta":"","header-above-stick-meta":"","header-main-stick-meta":"","header-below-stick-meta":"","astra-migrate-meta-layouts":"default","ast-page-background-enabled":"default","ast-page-background-meta":{"desktop":{"background-color":"","background-image":"","background-repeat":"repeat","background-position":"center center","background-size":"auto","background-attachment":"scroll","background-type":"","background-media":"","overlay-type":"","overlay-color":"","overlay-opacity":"","overlay-gradient":""},"tablet":{"background-color":"","background-image":"","background-repeat":"repeat","background-position":"center center","background-size":"auto","background-attachment":"scroll","background-type":"","background-media":"","overlay-type":"","overlay-color":"","overlay-opacity":"","overlay-gradient":""},"mobile":{"background-color":"","background-image":"","background-repeat":"repeat","background-position":"center center","background-size":"auto","background-attachment":"scroll","background-type":"","background-media":"","overlay-type":"","overlay-color":"","overlay-opacity":"","overlay-gradient":""}},"ast-content-background-meta":{"desktop":{"background-color":"var(--ast-global-color-5)","background-image":"","background-repeat":"repeat","background-position":"center center","background-size":"auto","background-attachment":"scroll","background-type":"","background-media":"","overlay-type":"","overlay-color":"","overlay-opacity":"","overlay-gradient":""},"tablet":{"background-color":"var(--ast-global-color-5)","background-image":"","background-repeat":"repeat","background-position":"center center","background-size":"auto","background-attachment":"scroll","background-type":"","background-media":"","overlay-type":"","overlay-color":"","overlay-opacity":"","overlay-gradient":""},"mobile":{"background-color":"var(--ast-global-color-5)","background-image":"","background-repeat":"repeat","background-position":"center center","background-size":"auto","background-attachment":"scroll","background-type":"","background-media":"","overlay-type":"","overlay-color":"","overlay-opacity":"","overlay-gradient":""}}},"product_brand":[],"product_cat":[27],"product_tag":[],"class_list":{"0":"post-15310","1":"product","2":"type-product","3":"status-publish","4":"has-post-thumbnail","6":"product_cat-hole-saw","7":"desktop-align-left","8":"tablet-align-left","9":"mobile-align-left","11":"first","12":"instock","13":"shipping-taxable","14":"product-type-simple"},"acf":[],"_links":{"self":[{"href":"https:\/\/www.tenyutool.com\/tr\/wp-json\/wp\/v2\/product\/15310","targetHints":{"allow":["GET"]}}],"collection":[{"href":"https:\/\/www.tenyutool.com\/tr\/wp-json\/wp\/v2\/product"}],"about":[{"href":"https:\/\/www.tenyutool.com\/tr\/wp-json\/wp\/v2\/types\/product"}],"replies":[{"embeddable":true,"href":"https:\/\/www.tenyutool.com\/tr\/wp-json\/wp\/v2\/comments?post=15310"}],"wp:featuredmedia":[{"embeddable":true,"href":"https:\/\/www.tenyutool.com\/tr\/wp-json\/wp\/v2\/media\/15312"}],"wp:attachment":[{"href":"https:\/\/www.tenyutool.com\/tr\/wp-json\/wp\/v2\/media?parent=15310"}],"wp:term":[{"taxonomy":"product_brand","embeddable":true,"href":"https:\/\/www.tenyutool.com\/tr\/wp-json\/wp\/v2\/product_brand?post=15310"},{"taxonomy":"product_cat","embeddable":true,"href":"https:\/\/www.tenyutool.com\/tr\/wp-json\/wp\/v2\/product_cat?post=15310"},{"taxonomy":"product_tag","embeddable":true,"href":"https:\/\/www.tenyutool.com\/tr\/wp-json\/wp\/v2\/product_tag?post=15310"}],"curies":[{"name":"wp","href":"https:\/\/api.w.org\/{rel}","templated":true}]}}