{"id":15405,"date":"2022-09-01T06:25:50","date_gmt":"2022-09-01T06:25:50","guid":{"rendered":"https:\/\/www.tenyutool.com\/?post_type=product&#038;p=15405"},"modified":"2022-09-01T06:25:50","modified_gmt":"2022-09-01T06:25:50","slug":"metal-sac-nibbler-kesici","status":"publish","type":"product","link":"https:\/\/www.tenyutool.com\/tr\/product\/metal-sheet-nibbler-cutter\/","title":{"rendered":"Metal ve Ah\u015fap Kesme i\u00e7in \u00c7ok Ama\u00e7l\u0131 \u00c7ift Kafa Sac Nibbler Kesici Alet"},"content":{"rendered":"<p>\u00d6zellikler:<\/p>\n<ul>\n<li>Elektrikli matkap adapt\u00f6r g\u00f6vdesini i\u00e7erir; testere b\u0131\u00e7a\u011f\u0131; halletmek; alt\u0131gen anahtar; kesici \u00e7ubuk; yedek kesici kafa; d\u00f6n\u00fc\u015f\u00fcm kafas\u0131<\/li>\n<li>\u00c7apak ve kenarlar olmadan m\u00fckemmel kesme etkisi.<\/li>\n<li>Demir\/Bak\u0131r: 5mm (3000rpm veya -2m\/dak) Ah\u015fap\/plastik sunta\/pleksiglas\/kontrplak: 5mm (3000rpm veya -1m\/dak)<\/li>\n<li>Oluklar, \u00e7at\u0131 b\u00f6l\u00fcmleri, karma\u015f\u0131k \u015fekiller veya \u015fablonlar hassas bir \u015fekilde kesilebilir.<\/li>\n<li data-spm-anchor-id=\"a2700.pc-decorate.0.i6.12853333mCBjgp\">\u00dcr\u00fcn, metal levhalar\u0131, metal \u00e7ubuklar\u0131 ve dilimleri, plastik, cam elyaf\u0131, ah\u015fab\u0131 kesmek veya kesmek i\u00e7in yayg\u0131n olarak kullan\u0131l\u0131r.\n<figure id=\"attachment_15408\" aria-describedby=\"caption-attachment-15408\" style=\"width: 800px\" class=\"wp-caption alignnone\"><img fetchpriority=\"high\" decoding=\"async\" class=\"size-full wp-image-15408\" src=\"https:\/\/www.tenyutool.com\/wp-content\/uploads\/2022\/09\/Multipurpose-Double-Head-Sheet-Metal-Nibbler-Cutter-Tool-for-Cutting-Metal-and-Wood.jpg\" alt=\"metal ve ah\u015fab\u0131 kesmek i\u00e7in \u00e7ok ama\u00e7l\u0131 \u00e7ift ba\u015fl\u0131 sac kesici alet\" width=\"800\" height=\"800\" srcset=\"https:\/\/www.tenyutool.com\/wp-content\/uploads\/2022\/09\/Multipurpose-Double-Head-Sheet-Metal-Nibbler-Cutter-Tool-for-Cutting-Metal-and-Wood.jpg 800w, https:\/\/www.tenyutool.com\/wp-content\/uploads\/2022\/09\/Multipurpose-Double-Head-Sheet-Metal-Nibbler-Cutter-Tool-for-Cutting-Metal-and-Wood-150x150.jpg 150w, https:\/\/www.tenyutool.com\/wp-content\/uploads\/2022\/09\/Multipurpose-Double-Head-Sheet-Metal-Nibbler-Cutter-Tool-for-Cutting-Metal-and-Wood-768x768.jpg 768w, https:\/\/www.tenyutool.com\/wp-content\/uploads\/2022\/09\/Multipurpose-Double-Head-Sheet-Metal-Nibbler-Cutter-Tool-for-Cutting-Metal-and-Wood-12x12.jpg 12w, https:\/\/www.tenyutool.com\/wp-content\/uploads\/2022\/09\/Multipurpose-Double-Head-Sheet-Metal-Nibbler-Cutter-Tool-for-Cutting-Metal-and-Wood-300x300.jpg 300w, https:\/\/www.tenyutool.com\/wp-content\/uploads\/2022\/09\/Multipurpose-Double-Head-Sheet-Metal-Nibbler-Cutter-Tool-for-Cutting-Metal-and-Wood-600x600.jpg 600w, https:\/\/www.tenyutool.com\/wp-content\/uploads\/2022\/09\/Multipurpose-Double-Head-Sheet-Metal-Nibbler-Cutter-Tool-for-Cutting-Metal-and-Wood-100x100.jpg 100w\" sizes=\"(max-width: 800px) 100vw, 800px\" \/><figcaption id=\"caption-attachment-15408\" class=\"wp-caption-text\">Metal ve Ah\u015fap Kesme i\u00e7in \u00c7ok Ama\u00e7l\u0131 \u00c7ift Kafa Sac Nibbler Kesici Alet<\/figcaption><\/figure>\n<table class=\"has-title hight-light-first-column all magic-4\">\n<tbody>\n<tr>\n<td colspan=\"5\" rowspan=\"1\">\n<div class=\"magic-5\"><span class=\"magic-6\">\u00dcr\u00fcn A\u00e7\u0131klamas\u0131<\/span><\/div>\n<\/td>\n<\/tr>\n<tr>\n<td colspan=\"5\" rowspan=\"1\">\n<div class=\"magic-5\"><b><span class=\"magic-9\">Sizin \u0130\u00e7in Daha Fazla Se\u00e7enek: <a href=\"https:\/\/www.tenyutool.com\/tr\/\" target=\"_blank\" rel=\"noopener\">Ev<\/a> &gt; <a href=\"https:\/\/www.tenyutool.com\/tr\/metal-nibbler-kesici\/\">Nibbler Kesici<\/a><\/span><\/b><\/div>\n<\/td>\n<\/tr>\n<tr>\n<td colspan=\"1\" rowspan=\"1\">\n<div class=\"magic-10\">\u00dcr\u00fcn ad\u0131<\/div>\n<\/td>\n<td colspan=\"4\" rowspan=\"1\">\n<div class=\"magic-11\">Metal ve Ah\u015fap Kesme i\u00e7in \u00c7ok Ama\u00e7l\u0131 \u00c7ift Kafa Sac Nibbler Kesici Alet<\/div>\n<\/td>\n<\/tr>\n<tr>\n<td colspan=\"1\" rowspan=\"1\">\n<div class=\"magic-10\">Malzeme<\/div>\n<\/td>\n<td colspan=\"1\" rowspan=\"1\">\n<div class=\"magic-11\">Karbon \u00e7elik<\/div>\n<\/td>\n<\/tr>\n<tr>\n<td colspan=\"1\" rowspan=\"1\">\n<div class=\"magic-12\">A\u011f\u0131rl\u0131k<\/div>\n<\/td>\n<td colspan=\"4\" rowspan=\"1\">\n<div class=\"magic-13\">900g (Paketleme Gereksinimlerine G\u00f6re A\u011f\u0131rl\u0131k De\u011fi\u015fmektedir)<\/div>\n<\/td>\n<\/tr>\n<tr>\n<td colspan=\"1\" rowspan=\"1\">\n<div class=\"magic-12\">Y\u00fczey<\/div>\n<\/td>\n<td colspan=\"4\" rowspan=\"1\">\n<div class=\"magic-13\">G\u00fcm\u00fc\u015f<\/div>\n<\/td>\n<\/tr>\n<tr>\n<td colspan=\"1\" rowspan=\"1\">\n<div class=\"magic-12\">paket<\/div>\n<\/td>\n<td colspan=\"1\" rowspan=\"1\">\n<div class=\"magic-13\">\u00c7ift Blisterde Paketlenmi\u015f Tek Par\u00e7a<\/div>\n<\/td>\n<\/tr>\n<\/tbody>\n<\/table>\n<\/li>\n<\/ul>","protected":false},"excerpt":{"rendered":"<p>Features: Include\u00a0electric drill adapter body; saw blade; handle; hex wrench; cutter bar; spare cutter head; conversion head. Excellent cutting effect without any burrs and edges. Iron\/Copper: 5mm (3000rpm or -2m\/min)\u00a0Wood\/plastic fiberboard\/plexiglass\/plywood: 5mm (3000rpm or -1m\/min) Gutters, roof sections, complex shapes, or stencils can be cut with accuracy. The product is widely used for cutting or [&hellip;]<\/p>\n","protected":false},"featured_media":15408,"comment_status":"closed","ping_status":"closed","template":"","meta":{"_acf_changed":false,"_seopress_robots_primary_cat":"","_seopress_titles_title":"Metal Sheet Nibbler Cutter | Multi Metal Wood Nibbler Bit","_seopress_titles_desc":"","_seopress_robots_index":"","site-sidebar-layout":"default","site-content-layout":"default","ast-site-content-layout":"default","site-content-style":"default","site-sidebar-style":"default","ast-global-header-display":"","ast-banner-title-visibility":"","ast-main-header-display":"","ast-hfb-above-header-display":"","ast-hfb-below-header-display":"","ast-hfb-mobile-header-display":"","site-post-title":"","ast-breadcrumbs-content":"","ast-featured-img":"","footer-sml-layout":"","ast-disable-related-posts":"","theme-transparent-header-meta":"default","adv-header-id-meta":"","stick-header-meta":"","header-above-stick-meta":"","header-main-stick-meta":"","header-below-stick-meta":"","astra-migrate-meta-layouts":"default","ast-page-background-enabled":"default","ast-page-background-meta":{"desktop":{"background-color":"","background-image":"","background-repeat":"repeat","background-position":"center center","background-size":"auto","background-attachment":"scroll","background-type":"","background-media":"","overlay-type":"","overlay-color":"","overlay-opacity":"","overlay-gradient":""},"tablet":{"background-color":"","background-image":"","background-repeat":"repeat","background-position":"center center","background-size":"auto","background-attachment":"scroll","background-type":"","background-media":"","overlay-type":"","overlay-color":"","overlay-opacity":"","overlay-gradient":""},"mobile":{"background-color":"","background-image":"","background-repeat":"repeat","background-position":"center center","background-size":"auto","background-attachment":"scroll","background-type":"","background-media":"","overlay-type":"","overlay-color":"","overlay-opacity":"","overlay-gradient":""}},"ast-content-background-meta":{"desktop":{"background-color":"var(--ast-global-color-5)","background-image":"","background-repeat":"repeat","background-position":"center center","background-size":"auto","background-attachment":"scroll","background-type":"","background-media":"","overlay-type":"","overlay-color":"","overlay-opacity":"","overlay-gradient":""},"tablet":{"background-color":"var(--ast-global-color-5)","background-image":"","background-repeat":"repeat","background-position":"center center","background-size":"auto","background-attachment":"scroll","background-type":"","background-media":"","overlay-type":"","overlay-color":"","overlay-opacity":"","overlay-gradient":""},"mobile":{"background-color":"var(--ast-global-color-5)","background-image":"","background-repeat":"repeat","background-position":"center center","background-size":"auto","background-attachment":"scroll","background-type":"","background-media":"","overlay-type":"","overlay-color":"","overlay-opacity":"","overlay-gradient":""}}},"product_brand":[],"product_cat":[28],"product_tag":[],"class_list":{"0":"post-15405","1":"product","2":"type-product","3":"status-publish","4":"has-post-thumbnail","6":"product_cat-nibbler-cutter","7":"desktop-align-left","8":"tablet-align-left","9":"mobile-align-left","11":"first","12":"instock","13":"shipping-taxable","14":"product-type-simple"},"acf":[],"_links":{"self":[{"href":"https:\/\/www.tenyutool.com\/tr\/wp-json\/wp\/v2\/product\/15405","targetHints":{"allow":["GET"]}}],"collection":[{"href":"https:\/\/www.tenyutool.com\/tr\/wp-json\/wp\/v2\/product"}],"about":[{"href":"https:\/\/www.tenyutool.com\/tr\/wp-json\/wp\/v2\/types\/product"}],"replies":[{"embeddable":true,"href":"https:\/\/www.tenyutool.com\/tr\/wp-json\/wp\/v2\/comments?post=15405"}],"wp:featuredmedia":[{"embeddable":true,"href":"https:\/\/www.tenyutool.com\/tr\/wp-json\/wp\/v2\/media\/15408"}],"wp:attachment":[{"href":"https:\/\/www.tenyutool.com\/tr\/wp-json\/wp\/v2\/media?parent=15405"}],"wp:term":[{"taxonomy":"product_brand","embeddable":true,"href":"https:\/\/www.tenyutool.com\/tr\/wp-json\/wp\/v2\/product_brand?post=15405"},{"taxonomy":"product_cat","embeddable":true,"href":"https:\/\/www.tenyutool.com\/tr\/wp-json\/wp\/v2\/product_cat?post=15405"},{"taxonomy":"product_tag","embeddable":true,"href":"https:\/\/www.tenyutool.com\/tr\/wp-json\/wp\/v2\/product_tag?post=15405"}],"curies":[{"name":"wp","href":"https:\/\/api.w.org\/{rel}","templated":true}]}}