{"id":15414,"date":"2022-09-01T07:12:01","date_gmt":"2022-09-01T07:12:01","guid":{"rendered":"https:\/\/www.tenyutool.com\/?post_type=product&#038;p=15414"},"modified":"2022-09-01T07:31:47","modified_gmt":"2022-09-01T07:31:47","slug":"celik-kesen-nibblers","status":"publish","type":"product","link":"https:\/\/www.tenyutool.com\/tr\/product\/steel-cutting-nibblers\/","title":{"rendered":"Plastik Sac H\u0131zl\u0131 ve P\u00fcr\u00fczs\u00fcz Kesme i\u00e7in Kara Kutu ile 5 adet Metal Nibbler Kesici"},"content":{"rendered":"<p>\u00d6zellikler:<\/p>\n<ul>\n<li>Kompakt boyut, kullan\u0131m\u0131 kolay ve emek tasarrufu.<\/li>\n<li>Normal kesme ve kesme i\u015flemlerinden daha kolay ve daha g\u00fc\u00e7l\u00fc.<\/li>\n<li>D\u00fcz \u00e7izgileri, e\u011fri \u00e7izgileri, daireleri veya di\u011fer bir\u00e7ok d\u00fczensiz \u00e7izgi ve \u015fekli kesmek i\u00e7in \u00e7ift kesme kafas\u0131.<\/li>\n<li>Herhangi bir kesme g\u00f6revi i\u00e7in m\u00fckemmel alet.<\/li>\n<li>1500-3000 RPM aras\u0131nda \u00e7al\u0131\u015fan herhangi bir standart matkaba kolayca s\u0131\u011fd\u0131r\u0131n<\/li>\n<\/ul>\n<figure id=\"attachment_15373\" aria-describedby=\"caption-attachment-15373\" style=\"width: 800px\" class=\"wp-caption alignnone\"><img fetchpriority=\"high\" decoding=\"async\" class=\"size-full wp-image-15373\" src=\"https:\/\/www.tenyutool.com\/wp-content\/uploads\/2022\/08\/5pcs-Metal-Nibbler-Cutter-with-Black-Box-for-Plastic-Sheet-Metal-Fast-and-Smooth-Cutting.jpg\" alt=\"5 adet metal nibbler kesici plastik sac i\u00e7in kara kutu ile h\u0131zl\u0131 ve p\u00fcr\u00fczs\u00fcz kesim\" width=\"800\" height=\"800\" srcset=\"https:\/\/www.tenyutool.com\/wp-content\/uploads\/2022\/08\/5pcs-Metal-Nibbler-Cutter-with-Black-Box-for-Plastic-Sheet-Metal-Fast-and-Smooth-Cutting.jpg 800w, https:\/\/www.tenyutool.com\/wp-content\/uploads\/2022\/08\/5pcs-Metal-Nibbler-Cutter-with-Black-Box-for-Plastic-Sheet-Metal-Fast-and-Smooth-Cutting-150x150.jpg 150w, https:\/\/www.tenyutool.com\/wp-content\/uploads\/2022\/08\/5pcs-Metal-Nibbler-Cutter-with-Black-Box-for-Plastic-Sheet-Metal-Fast-and-Smooth-Cutting-768x768.jpg 768w, https:\/\/www.tenyutool.com\/wp-content\/uploads\/2022\/08\/5pcs-Metal-Nibbler-Cutter-with-Black-Box-for-Plastic-Sheet-Metal-Fast-and-Smooth-Cutting-12x12.jpg 12w, https:\/\/www.tenyutool.com\/wp-content\/uploads\/2022\/08\/5pcs-Metal-Nibbler-Cutter-with-Black-Box-for-Plastic-Sheet-Metal-Fast-and-Smooth-Cutting-300x300.jpg 300w, https:\/\/www.tenyutool.com\/wp-content\/uploads\/2022\/08\/5pcs-Metal-Nibbler-Cutter-with-Black-Box-for-Plastic-Sheet-Metal-Fast-and-Smooth-Cutting-600x600.jpg 600w, https:\/\/www.tenyutool.com\/wp-content\/uploads\/2022\/08\/5pcs-Metal-Nibbler-Cutter-with-Black-Box-for-Plastic-Sheet-Metal-Fast-and-Smooth-Cutting-100x100.jpg 100w\" sizes=\"(max-width: 800px) 100vw, 800px\" \/><figcaption id=\"caption-attachment-15373\" class=\"wp-caption-text\">Plastik Sac H\u0131zl\u0131 ve P\u00fcr\u00fczs\u00fcz Kesme i\u00e7in Kara Kutu ile 5 adet Metal Nibbler Kesici<\/figcaption><\/figure>\n<table class=\"has-title hight-light-first-column all magic-4\">\n<tbody>\n<tr>\n<td colspan=\"5\" rowspan=\"1\">\n<div class=\"magic-5\"><span class=\"magic-6\">\u00dcr\u00fcn A\u00e7\u0131klamas\u0131<\/span><\/div>\n<\/td>\n<\/tr>\n<tr>\n<td colspan=\"5\" rowspan=\"1\">\n<div class=\"magic-5\"><b><span class=\"magic-9\">Sizin \u0130\u00e7in Daha Fazla Se\u00e7enek: <a href=\"https:\/\/www.tenyutool.com\/tr\/\" target=\"_blank\" rel=\"noopener\">Ev<\/a> &gt; <a href=\"https:\/\/www.tenyutool.com\/tr\/metal-nibbler-kesici\/\">Nibbler Kesici<\/a><\/span><\/b><\/div>\n<\/td>\n<\/tr>\n<tr>\n<td colspan=\"1\" rowspan=\"1\">\n<div class=\"magic-10\">\u00dcr\u00fcn ad\u0131<\/div>\n<\/td>\n<td colspan=\"4\" rowspan=\"1\">\n<div class=\"magic-11\" data-spm-anchor-id=\"a2700.wholesale.0.i35.1db34a41pH8utV\">Plastik Sac H\u0131zl\u0131 ve P\u00fcr\u00fczs\u00fcz Kesme i\u00e7in Kara Kutu ile 5 adet Metal Nibbler Kesici<\/div>\n<\/td>\n<\/tr>\n<tr>\n<td colspan=\"1\" rowspan=\"1\">\n<div class=\"magic-10\">Malzeme<\/div>\n<\/td>\n<td colspan=\"1\" rowspan=\"1\">\n<div class=\"magic-11\">Karbon \u00e7elik<\/div>\n<\/td>\n<\/tr>\n<tr>\n<td colspan=\"1\" rowspan=\"1\">\n<div class=\"magic-12\">A\u011f\u0131rl\u0131k<\/div>\n<\/td>\n<td colspan=\"4\" rowspan=\"1\">\n<div class=\"magic-13\">900g (Paketleme Gereksinimlerine G\u00f6re A\u011f\u0131rl\u0131k De\u011fi\u015fmektedir)<\/div>\n<\/td>\n<\/tr>\n<tr>\n<td colspan=\"1\" rowspan=\"1\">\n<div class=\"magic-12\">Y\u00fczey<\/div>\n<\/td>\n<td colspan=\"4\" rowspan=\"1\">\n<div class=\"magic-13\">Turuncu<\/div>\n<\/td>\n<\/tr>\n<tr>\n<td colspan=\"1\" rowspan=\"1\">\n<div class=\"magic-12\">paket<\/div>\n<\/td>\n<td colspan=\"1\" rowspan=\"1\">\n<div class=\"magic-13\">Bir Kara Kutuda Paketlenmi\u015f Bir Set<\/div>\n<\/td>\n<\/tr>\n<\/tbody>\n<\/table>\n<p>&nbsp;<\/p>\n<p>&nbsp;<\/p>\n<p>&nbsp;<\/p>","protected":false},"excerpt":{"rendered":"<p>Features: Compact size, easy to operate, and labor-saving. Easier and more powerful than normal shears and snips. Double-cutting head to cut straight lines, curve lines, circles, or many other irregular lines and shapes. The perfect tool for any cutting task. Easily fit into any standard drill that works between 1500-3000 RPM Product Description More Choice [&hellip;]<\/p>\n","protected":false},"featured_media":15373,"comment_status":"closed","ping_status":"closed","template":"","meta":{"_acf_changed":false,"_seopress_robots_primary_cat":"none","_seopress_titles_title":"Steel Cutting Nibblers | Nibbler Cutter for Wood Metal","_seopress_titles_desc":"","_seopress_robots_index":"","site-sidebar-layout":"default","site-content-layout":"default","ast-site-content-layout":"default","site-content-style":"default","site-sidebar-style":"default","ast-global-header-display":"","ast-banner-title-visibility":"","ast-main-header-display":"","ast-hfb-above-header-display":"","ast-hfb-below-header-display":"","ast-hfb-mobile-header-display":"","site-post-title":"","ast-breadcrumbs-content":"","ast-featured-img":"","footer-sml-layout":"","ast-disable-related-posts":"","theme-transparent-header-meta":"default","adv-header-id-meta":"","stick-header-meta":"","header-above-stick-meta":"","header-main-stick-meta":"","header-below-stick-meta":"","astra-migrate-meta-layouts":"default","ast-page-background-enabled":"default","ast-page-background-meta":{"desktop":{"background-color":"","background-image":"","background-repeat":"repeat","background-position":"center center","background-size":"auto","background-attachment":"scroll","background-type":"","background-media":"","overlay-type":"","overlay-color":"","overlay-opacity":"","overlay-gradient":""},"tablet":{"background-color":"","background-image":"","background-repeat":"repeat","background-position":"center center","background-size":"auto","background-attachment":"scroll","background-type":"","background-media":"","overlay-type":"","overlay-color":"","overlay-opacity":"","overlay-gradient":""},"mobile":{"background-color":"","background-image":"","background-repeat":"repeat","background-position":"center center","background-size":"auto","background-attachment":"scroll","background-type":"","background-media":"","overlay-type":"","overlay-color":"","overlay-opacity":"","overlay-gradient":""}},"ast-content-background-meta":{"desktop":{"background-color":"var(--ast-global-color-5)","background-image":"","background-repeat":"repeat","background-position":"center center","background-size":"auto","background-attachment":"scroll","background-type":"","background-media":"","overlay-type":"","overlay-color":"","overlay-opacity":"","overlay-gradient":""},"tablet":{"background-color":"var(--ast-global-color-5)","background-image":"","background-repeat":"repeat","background-position":"center center","background-size":"auto","background-attachment":"scroll","background-type":"","background-media":"","overlay-type":"","overlay-color":"","overlay-opacity":"","overlay-gradient":""},"mobile":{"background-color":"var(--ast-global-color-5)","background-image":"","background-repeat":"repeat","background-position":"center center","background-size":"auto","background-attachment":"scroll","background-type":"","background-media":"","overlay-type":"","overlay-color":"","overlay-opacity":"","overlay-gradient":""}}},"product_brand":[],"product_cat":[28],"product_tag":[],"class_list":{"0":"post-15414","1":"product","2":"type-product","3":"status-publish","4":"has-post-thumbnail","6":"product_cat-nibbler-cutter","7":"desktop-align-left","8":"tablet-align-left","9":"mobile-align-left","11":"first","12":"instock","13":"shipping-taxable","14":"product-type-simple"},"acf":[],"_links":{"self":[{"href":"https:\/\/www.tenyutool.com\/tr\/wp-json\/wp\/v2\/product\/15414","targetHints":{"allow":["GET"]}}],"collection":[{"href":"https:\/\/www.tenyutool.com\/tr\/wp-json\/wp\/v2\/product"}],"about":[{"href":"https:\/\/www.tenyutool.com\/tr\/wp-json\/wp\/v2\/types\/product"}],"replies":[{"embeddable":true,"href":"https:\/\/www.tenyutool.com\/tr\/wp-json\/wp\/v2\/comments?post=15414"}],"wp:featuredmedia":[{"embeddable":true,"href":"https:\/\/www.tenyutool.com\/tr\/wp-json\/wp\/v2\/media\/15373"}],"wp:attachment":[{"href":"https:\/\/www.tenyutool.com\/tr\/wp-json\/wp\/v2\/media?parent=15414"}],"wp:term":[{"taxonomy":"product_brand","embeddable":true,"href":"https:\/\/www.tenyutool.com\/tr\/wp-json\/wp\/v2\/product_brand?post=15414"},{"taxonomy":"product_cat","embeddable":true,"href":"https:\/\/www.tenyutool.com\/tr\/wp-json\/wp\/v2\/product_cat?post=15414"},{"taxonomy":"product_tag","embeddable":true,"href":"https:\/\/www.tenyutool.com\/tr\/wp-json\/wp\/v2\/product_tag?post=15414"}],"curies":[{"name":"wp","href":"https:\/\/api.w.org\/{rel}","templated":true}]}}