{"id":15419,"date":"2022-09-01T07:30:32","date_gmt":"2022-09-01T07:30:32","guid":{"rendered":"https:\/\/www.tenyutool.com\/?post_type=product&#038;p=15419"},"modified":"2022-09-01T07:30:32","modified_gmt":"2022-09-01T07:30:32","slug":"celik-sac-kesici-nibbler","status":"publish","type":"product","link":"https:\/\/www.tenyutool.com\/tr\/product\/steel-sheet-cutter-nibbler\/","title":{"rendered":"6 ADET \u00c7ok Ama\u00e7l\u0131 Metal Nibbler Kesici Alet, Metal ve Ah\u015fap Kesme Seti i\u00e7in Ad\u0131m Matkap U\u00e7lar\u0131 ile"},"content":{"rendered":"<p>\u00d6zellikler:<\/p>\n<ul>\n<li>1500-3000 RPM aras\u0131nda \u00e7al\u0131\u015fan t\u00fcm matkaplara uyar, Normal makaslama ve kesmelerden daha kolay ve daha g\u00fc\u00e7l\u00fcd\u00fcr.<\/li>\n<li>Bu nibbler kesici matkap eki, in\u015faat ve yenileme i\u00e7in \u00e7ok kullan\u0131\u015fl\u0131 bir ara\u00e7t\u0131r.<\/li>\n<li>Nispeten k\u00fc\u00e7\u00fckt\u00fcr ve her yerde saklanmas\u0131 kolayd\u0131r.<\/li>\n<li>D\u00fcz \u00e7izgileri, e\u011fri \u00e7izgileri, s ve daireleri kesmek i\u00e7in 360 derecelik \u00e7ift kesme kafas\u0131.<\/li>\n<li>Hassas, \u00e7apaks\u0131z bir kenar olu\u015fturur.<\/li>\n<\/ul>\n<figure id=\"attachment_15372\" aria-describedby=\"caption-attachment-15372\" style=\"width: 800px\" class=\"wp-caption alignnone\"><img fetchpriority=\"high\" decoding=\"async\" class=\"size-full wp-image-15372\" src=\"https:\/\/www.tenyutool.com\/wp-content\/uploads\/2022\/08\/6PCS-Multipurpose-Metal-Nibbler-Cutter-Tool-with-Step-Drill-Bits-for-Metal-and-Wood-Cutting-Set.jpg\" alt=\"6 adet \u00e7ok ama\u00e7l\u0131 metal nibbler kesici alet, metal ve ah\u015fap kesme seti i\u00e7in ad\u0131m matkap u\u00e7lar\u0131 ile\" width=\"800\" height=\"800\" srcset=\"https:\/\/www.tenyutool.com\/wp-content\/uploads\/2022\/08\/6PCS-Multipurpose-Metal-Nibbler-Cutter-Tool-with-Step-Drill-Bits-for-Metal-and-Wood-Cutting-Set.jpg 800w, https:\/\/www.tenyutool.com\/wp-content\/uploads\/2022\/08\/6PCS-Multipurpose-Metal-Nibbler-Cutter-Tool-with-Step-Drill-Bits-for-Metal-and-Wood-Cutting-Set-150x150.jpg 150w, https:\/\/www.tenyutool.com\/wp-content\/uploads\/2022\/08\/6PCS-Multipurpose-Metal-Nibbler-Cutter-Tool-with-Step-Drill-Bits-for-Metal-and-Wood-Cutting-Set-768x768.jpg 768w, https:\/\/www.tenyutool.com\/wp-content\/uploads\/2022\/08\/6PCS-Multipurpose-Metal-Nibbler-Cutter-Tool-with-Step-Drill-Bits-for-Metal-and-Wood-Cutting-Set-12x12.jpg 12w, https:\/\/www.tenyutool.com\/wp-content\/uploads\/2022\/08\/6PCS-Multipurpose-Metal-Nibbler-Cutter-Tool-with-Step-Drill-Bits-for-Metal-and-Wood-Cutting-Set-300x300.jpg 300w, https:\/\/www.tenyutool.com\/wp-content\/uploads\/2022\/08\/6PCS-Multipurpose-Metal-Nibbler-Cutter-Tool-with-Step-Drill-Bits-for-Metal-and-Wood-Cutting-Set-600x600.jpg 600w, https:\/\/www.tenyutool.com\/wp-content\/uploads\/2022\/08\/6PCS-Multipurpose-Metal-Nibbler-Cutter-Tool-with-Step-Drill-Bits-for-Metal-and-Wood-Cutting-Set-100x100.jpg 100w\" sizes=\"(max-width: 800px) 100vw, 800px\" \/><figcaption id=\"caption-attachment-15372\" class=\"wp-caption-text\">6 adet \u00c7ok Ama\u00e7l\u0131 Metal Nibbler Kesici Alet, Metal ve Ah\u015fap Kesme Seti i\u00e7in Ad\u0131m Matkap U\u00e7lar\u0131 ile<\/figcaption><\/figure>\n<table class=\"has-title hight-light-first-column all magic-4\">\n<tbody>\n<tr>\n<td colspan=\"5\" rowspan=\"1\">\n<div class=\"magic-5\"><span class=\"magic-6\" data-spm-anchor-id=\"a2700.wholesale.0.i36.1db34a41pH8utV\">\u00dcr\u00fcn A\u00e7\u0131klamas\u0131<\/span><\/div>\n<\/td>\n<\/tr>\n<tr>\n<td colspan=\"5\" rowspan=\"1\">\n<div class=\"magic-5\"><b><span class=\"magic-9\">Sizin \u0130\u00e7in Daha Fazla Se\u00e7enek: <a href=\"https:\/\/www.tenyutool.com\/tr\/\" target=\"_blank\" rel=\"noopener\">Ev<\/a> &gt; <a href=\"https:\/\/www.tenyutool.com\/tr\/metal-nibbler-kesici\/\">Nibbler Kesici<\/a><\/span><\/b><\/div>\n<\/td>\n<\/tr>\n<tr>\n<td colspan=\"1\" rowspan=\"1\">\n<div class=\"magic-10\">\u00dcr\u00fcn ad\u0131<\/div>\n<\/td>\n<td colspan=\"4\" rowspan=\"1\">\n<div class=\"magic-11\" data-spm-anchor-id=\"a2700.wholesale.0.i35.1db34a41pH8utV\">6 ADET \u00c7ok Ama\u00e7l\u0131 Metal Nibbler Kesici Alet, Metal ve Ah\u015fap Kesme Seti i\u00e7in Ad\u0131m Matkap U\u00e7lar\u0131 ile<\/div>\n<\/td>\n<\/tr>\n<tr>\n<td colspan=\"1\" rowspan=\"1\">\n<div class=\"magic-10\">Malzeme<\/div>\n<\/td>\n<td colspan=\"1\" rowspan=\"1\">\n<div class=\"magic-11\">Karbon \u00e7elik<\/div>\n<\/td>\n<\/tr>\n<tr>\n<td colspan=\"1\" rowspan=\"1\">\n<div class=\"magic-12\">A\u011f\u0131rl\u0131k<\/div>\n<\/td>\n<td colspan=\"4\" rowspan=\"1\">\n<div class=\"magic-13\">900g (Paketleme Gereksinimlerine G\u00f6re A\u011f\u0131rl\u0131k De\u011fi\u015fmektedir)<\/div>\n<\/td>\n<\/tr>\n<tr>\n<td colspan=\"1\" rowspan=\"1\">\n<div class=\"magic-12\">Y\u00fczey<\/div>\n<\/td>\n<td colspan=\"4\" rowspan=\"1\">\n<div class=\"magic-13\">Turuncu<\/div>\n<\/td>\n<\/tr>\n<tr>\n<td colspan=\"1\" rowspan=\"1\">\n<div class=\"magic-12\">paket<\/div>\n<\/td>\n<td colspan=\"1\" rowspan=\"1\">\n<div class=\"magic-13\">\u00c7ift Blisterde Paketlenmi\u015f Tek Par\u00e7a<\/div>\n<\/td>\n<\/tr>\n<\/tbody>\n<\/table>","protected":false},"excerpt":{"rendered":"<p>Features: Fits any drill that works between 1500-3000 RPM, More easy and more powerful than normal shears and snips. This nibbler cutter drill attachment is a very useful tool for construction and renovation. It is relatively small and easy to store anywhere. 360-degree double cutting head to cut straight lines, curve lines,s and circles. Creates [&hellip;]<\/p>\n","protected":false},"featured_media":15372,"comment_status":"closed","ping_status":"closed","template":"","meta":{"_acf_changed":false,"_seopress_robots_primary_cat":"none","_seopress_titles_title":"Steel Sheet Cutter Nibbler | Multipurpose Metal Nibbler Set","_seopress_titles_desc":"","_seopress_robots_index":"","site-sidebar-layout":"default","site-content-layout":"default","ast-site-content-layout":"default","site-content-style":"default","site-sidebar-style":"default","ast-global-header-display":"","ast-banner-title-visibility":"","ast-main-header-display":"","ast-hfb-above-header-display":"","ast-hfb-below-header-display":"","ast-hfb-mobile-header-display":"","site-post-title":"","ast-breadcrumbs-content":"","ast-featured-img":"","footer-sml-layout":"","ast-disable-related-posts":"","theme-transparent-header-meta":"default","adv-header-id-meta":"","stick-header-meta":"","header-above-stick-meta":"","header-main-stick-meta":"","header-below-stick-meta":"","astra-migrate-meta-layouts":"default","ast-page-background-enabled":"default","ast-page-background-meta":{"desktop":{"background-color":"","background-image":"","background-repeat":"repeat","background-position":"center center","background-size":"auto","background-attachment":"scroll","background-type":"","background-media":"","overlay-type":"","overlay-color":"","overlay-opacity":"","overlay-gradient":""},"tablet":{"background-color":"","background-image":"","background-repeat":"repeat","background-position":"center center","background-size":"auto","background-attachment":"scroll","background-type":"","background-media":"","overlay-type":"","overlay-color":"","overlay-opacity":"","overlay-gradient":""},"mobile":{"background-color":"","background-image":"","background-repeat":"repeat","background-position":"center center","background-size":"auto","background-attachment":"scroll","background-type":"","background-media":"","overlay-type":"","overlay-color":"","overlay-opacity":"","overlay-gradient":""}},"ast-content-background-meta":{"desktop":{"background-color":"var(--ast-global-color-5)","background-image":"","background-repeat":"repeat","background-position":"center center","background-size":"auto","background-attachment":"scroll","background-type":"","background-media":"","overlay-type":"","overlay-color":"","overlay-opacity":"","overlay-gradient":""},"tablet":{"background-color":"var(--ast-global-color-5)","background-image":"","background-repeat":"repeat","background-position":"center center","background-size":"auto","background-attachment":"scroll","background-type":"","background-media":"","overlay-type":"","overlay-color":"","overlay-opacity":"","overlay-gradient":""},"mobile":{"background-color":"var(--ast-global-color-5)","background-image":"","background-repeat":"repeat","background-position":"center center","background-size":"auto","background-attachment":"scroll","background-type":"","background-media":"","overlay-type":"","overlay-color":"","overlay-opacity":"","overlay-gradient":""}}},"product_brand":[],"product_cat":[28],"product_tag":[],"class_list":{"0":"post-15419","1":"product","2":"type-product","3":"status-publish","4":"has-post-thumbnail","6":"product_cat-nibbler-cutter","7":"desktop-align-left","8":"tablet-align-left","9":"mobile-align-left","11":"first","12":"instock","13":"shipping-taxable","14":"product-type-simple"},"acf":[],"_links":{"self":[{"href":"https:\/\/www.tenyutool.com\/tr\/wp-json\/wp\/v2\/product\/15419","targetHints":{"allow":["GET"]}}],"collection":[{"href":"https:\/\/www.tenyutool.com\/tr\/wp-json\/wp\/v2\/product"}],"about":[{"href":"https:\/\/www.tenyutool.com\/tr\/wp-json\/wp\/v2\/types\/product"}],"replies":[{"embeddable":true,"href":"https:\/\/www.tenyutool.com\/tr\/wp-json\/wp\/v2\/comments?post=15419"}],"wp:featuredmedia":[{"embeddable":true,"href":"https:\/\/www.tenyutool.com\/tr\/wp-json\/wp\/v2\/media\/15372"}],"wp:attachment":[{"href":"https:\/\/www.tenyutool.com\/tr\/wp-json\/wp\/v2\/media?parent=15419"}],"wp:term":[{"taxonomy":"product_brand","embeddable":true,"href":"https:\/\/www.tenyutool.com\/tr\/wp-json\/wp\/v2\/product_brand?post=15419"},{"taxonomy":"product_cat","embeddable":true,"href":"https:\/\/www.tenyutool.com\/tr\/wp-json\/wp\/v2\/product_cat?post=15419"},{"taxonomy":"product_tag","embeddable":true,"href":"https:\/\/www.tenyutool.com\/tr\/wp-json\/wp\/v2\/product_tag?post=15419"}],"curies":[{"name":"wp","href":"https:\/\/api.w.org\/{rel}","templated":true}]}}