{"id":15734,"date":"2022-09-14T09:47:43","date_gmt":"2022-09-14T09:47:43","guid":{"rendered":"https:\/\/www.tenyutool.com\/?post_type=product&#038;p=15734"},"modified":"2022-09-14T09:47:43","modified_gmt":"2022-09-14T09:47:43","slug":"co5-hss-kobalt-matkap-uclari","status":"publish","type":"product","link":"https:\/\/www.tenyutool.com\/tr\/product\/co5-hss-cobalt-drill-bits\/","title":{"rendered":"Sert Metal i\u00e7in DIN338 M35 Malzeme Co5 Hss Kobalt Matkap U\u00e7lar\u0131"},"content":{"rendered":"<p>\u00d6zellikler:<\/p>\n<ul>\n<li>Kobalt(5%) Y\u00fcksek H\u0131z \u00c7eli\u011finden yap\u0131lm\u0131\u015ft\u0131r, matkap ucunun a\u015f\u0131nma ve \u0131s\u0131 direncini art\u0131r\u0131r, matkap ucunun kullan\u0131m \u00f6mr\u00fcn\u00fc uzat\u0131r.<\/li>\n<li>Tamamen Ta\u015flama \u0130\u015flemi, matkap ucunun y\u00fczeyini daha p\u00fcr\u00fczs\u00fcz hale getirir, s\u00fcrt\u00fcnme azalt\u0131labilir ve kesme h\u0131z\u0131 daha h\u0131zl\u0131d\u0131r.<\/li>\n<li>Paslanmaz \u00e7elik ve d\u00f6kme demir gibi sert metallerde ve di\u011fer daha yumu\u015fak malzemelerde delme i\u00e7in m\u00fckemmel uygunluk da m\u00fcmk\u00fcnd\u00fcr.<\/li>\n<\/ul>\n<figure id=\"attachment_15736\" aria-describedby=\"caption-attachment-15736\" style=\"width: 650px\" class=\"wp-caption alignnone\"><img fetchpriority=\"high\" decoding=\"async\" class=\"size-full wp-image-15736\" src=\"https:\/\/www.tenyutool.com\/wp-content\/uploads\/2022\/09\/DIN338-M35-Material-Co5-Hss-Cobalt-Drill-Bits-for-Hard-Metal-1.jpg\" alt=\"sert metal i\u00e7in din338 m35 malzeme co5 hss kobalt matkap u\u00e7lar\u0131\" width=\"650\" height=\"450\" srcset=\"https:\/\/www.tenyutool.com\/wp-content\/uploads\/2022\/09\/DIN338-M35-Material-Co5-Hss-Cobalt-Drill-Bits-for-Hard-Metal-1.jpg 650w, https:\/\/www.tenyutool.com\/wp-content\/uploads\/2022\/09\/DIN338-M35-Material-Co5-Hss-Cobalt-Drill-Bits-for-Hard-Metal-1-18x12.jpg 18w, https:\/\/www.tenyutool.com\/wp-content\/uploads\/2022\/09\/DIN338-M35-Material-Co5-Hss-Cobalt-Drill-Bits-for-Hard-Metal-1-600x415.jpg 600w\" sizes=\"(max-width: 650px) 100vw, 650px\" \/><figcaption id=\"caption-attachment-15736\" class=\"wp-caption-text\">sert metal i\u00e7in din338 m35 malzeme co5 hss kobalt matkap u\u00e7lar\u0131<\/figcaption><\/figure>\n<table class=\"has-title hight-light-first-column all magic-7\">\n<tbody>\n<tr>\n<td colspan=\"5\" rowspan=\"1\">\n<div class=\"magic-8\"><span class=\"magic-9\" style=\"font-family: Arial;\" data-spm-anchor-id=\"a2700.details.0.i29.6beb7e06MqKB48\">\u00dcr\u00fcn A\u00e7\u0131klamas\u0131<\/span><\/div>\n<\/td>\n<\/tr>\n<tr>\n<td colspan=\"5\" rowspan=\"1\">\n<div class=\"magic-8\"><span class=\"magic-13\"><span class=\"magic-14\" style=\"font-family: Arial;\"><b class=\"magic-14\" data-spm-anchor-id=\"0.0.0.i53.2dea4f05jD1M0Y\"><span class=\"magic-14\">Sizin \u0130\u00e7in Daha Fazla Se\u00e7enek<\/span>:\u00a0<a class=\"magic-14\" href=\"https:\/\/www.tenyutool.com\/tr\/\" target=\"_blank\" rel=\"noopener\">Ev<\/a>\u00a0&gt; HSS Matkap Ucu\u00a0<\/b><\/span><b><\/b><\/span><\/div>\n<\/td>\n<\/tr>\n<tr>\n<td colspan=\"1\" rowspan=\"1\">\n<div class=\"magic-15\">\u00dcr\u00fcn ad\u0131<\/div>\n<\/td>\n<td colspan=\"4\" rowspan=\"1\">\n<div class=\"magic-16\">Metal Tamamen Ta\u015flanm\u0131\u015f i\u00e7in En \u0130yi Matkap U\u00e7lar\u0131n\u0131n Y\u00fcksek H\u0131z \u00c7eli\u011fi \u00c7e\u015fitleri<\/div>\n<\/td>\n<\/tr>\n<tr>\n<td colspan=\"1\" rowspan=\"1\">\n<div class=\"magic-15\">Malzeme<\/div>\n<\/td>\n<td colspan=\"4\" rowspan=\"1\">\n<div class=\"magic-16\">HSS Kobalt ( M35 HSS-E HSS-Co5% )<\/div>\n<\/td>\n<\/tr>\n<tr>\n<td colspan=\"1\" rowspan=\"1\">\n<div class=\"magic-15\">\u0130\u015flem<\/div>\n<\/td>\n<td colspan=\"4\" rowspan=\"1\">\n<div class=\"magic-16\" data-spm-anchor-id=\"a2700.details.0.i22.6beb7e06MqKB48\">Tamamen \u00d6\u011f\u00fct\u00fclm\u00fc\u015f (Ayr\u0131ca Haddelenmi\u015f ve Cilalanm\u0131\u015f, Haddelenmi\u015f, Frezelenmi\u015f)<\/div>\n<\/td>\n<\/tr>\n<tr>\n<td colspan=\"1\" rowspan=\"1\">\n<div class=\"magic-15\">Standart<\/div>\n<\/td>\n<td colspan=\"4\" rowspan=\"1\">\n<div class=\"magic-16\" data-spm-anchor-id=\"a2700.details.0.i23.6beb7e06MqKB48\">DIN338 (Ayr\u0131ca Saplama DIN1897, Uzun DIN340, Ekstra Uzun DIN1869, Demirci Azalt\u0131lm\u0131\u015f \u015eaft 10mm, 13mm, DIN345 Konik \u015eaft Mevcuttur)<br \/>\nJobber Uzunlu\u011fu (Ayr\u0131ca Saplama Vidas\u0131 Makine Uzunlu\u011fu, Uzun Konik Uzunluk, Airctraft Extensoin, Ekstra Uzun 12&quot;, 18&quot;, 24&quot;, G\u00fcm\u00fc\u015f ve Deming 1\/2&quot; Azalt\u0131lm\u0131\u015f Sap)<\/div>\n<\/td>\n<\/tr>\n<tr>\n<td colspan=\"1\" rowspan=\"1\">\n<div class=\"magic-15\">Boyut<\/div>\n<\/td>\n<td colspan=\"4\" rowspan=\"1\">\n<div class=\"magic-16\">1\/16\u2033 \u2013 1\u2033 (0.5mm-25mm)<\/div>\n<\/td>\n<\/tr>\n<tr>\n<td colspan=\"1\" rowspan=\"1\">\n<div class=\"magic-15\">Puan T\u00fcr\u00fc<\/div>\n<\/td>\n<td colspan=\"4\" rowspan=\"1\">\n<div class=\"magic-16\">135 Derece Ay\u0131rma Noktas\u0131 (Ayr\u0131ca 118 Derece Normal Nokta, Turbo Maks Noktas\u0131, Pilot Noktas\u0131 vard\u0131r)<\/div>\n<\/td>\n<\/tr>\n<tr>\n<td colspan=\"1\" rowspan=\"1\">\n<div class=\"magic-17\">paket<\/div>\n<\/td>\n<td class=\"magic-18\" colspan=\"4\" rowspan=\"1\">\n<div class=\"magic-19\">10\/5 Adet PVC Torbal\u0131, Plastik Kutulu, Tek Tek Ciltli Kart, \u00c7ift Blister, Kapakl\u0131<\/div>\n<\/td>\n<\/tr>\n<\/tbody>\n<\/table>","protected":false},"excerpt":{"rendered":"<p>Features: Made from cobalt(5%) High Speed Steel , increases the wear and heat resistance of drill bit, the life span of drill bit is prolonged. Fully Grinding Processing makes the surface of drill bit smoother, the friction can be reduced and the cutting speed is faster. Perfect suitable for drilling in hard metals such as [&hellip;]<\/p>\n","protected":false},"featured_media":15736,"comment_status":"closed","ping_status":"closed","template":"","meta":{"_acf_changed":false,"_seopress_robots_primary_cat":"","_seopress_titles_title":"DIN338 M35 Material | Co5 Hss Cobalt Drill Bits","_seopress_titles_desc":"","_seopress_robots_index":"","site-sidebar-layout":"default","site-content-layout":"default","ast-site-content-layout":"default","site-content-style":"default","site-sidebar-style":"default","ast-global-header-display":"","ast-banner-title-visibility":"","ast-main-header-display":"","ast-hfb-above-header-display":"","ast-hfb-below-header-display":"","ast-hfb-mobile-header-display":"","site-post-title":"","ast-breadcrumbs-content":"","ast-featured-img":"","footer-sml-layout":"","ast-disable-related-posts":"","theme-transparent-header-meta":"default","adv-header-id-meta":"","stick-header-meta":"","header-above-stick-meta":"","header-main-stick-meta":"","header-below-stick-meta":"","astra-migrate-meta-layouts":"default","ast-page-background-enabled":"default","ast-page-background-meta":{"desktop":{"background-color":"","background-image":"","background-repeat":"repeat","background-position":"center center","background-size":"auto","background-attachment":"scroll","background-type":"","background-media":"","overlay-type":"","overlay-color":"","overlay-opacity":"","overlay-gradient":""},"tablet":{"background-color":"","background-image":"","background-repeat":"repeat","background-position":"center center","background-size":"auto","background-attachment":"scroll","background-type":"","background-media":"","overlay-type":"","overlay-color":"","overlay-opacity":"","overlay-gradient":""},"mobile":{"background-color":"","background-image":"","background-repeat":"repeat","background-position":"center center","background-size":"auto","background-attachment":"scroll","background-type":"","background-media":"","overlay-type":"","overlay-color":"","overlay-opacity":"","overlay-gradient":""}},"ast-content-background-meta":{"desktop":{"background-color":"var(--ast-global-color-5)","background-image":"","background-repeat":"repeat","background-position":"center center","background-size":"auto","background-attachment":"scroll","background-type":"","background-media":"","overlay-type":"","overlay-color":"","overlay-opacity":"","overlay-gradient":""},"tablet":{"background-color":"var(--ast-global-color-5)","background-image":"","background-repeat":"repeat","background-position":"center center","background-size":"auto","background-attachment":"scroll","background-type":"","background-media":"","overlay-type":"","overlay-color":"","overlay-opacity":"","overlay-gradient":""},"mobile":{"background-color":"var(--ast-global-color-5)","background-image":"","background-repeat":"repeat","background-position":"center center","background-size":"auto","background-attachment":"scroll","background-type":"","background-media":"","overlay-type":"","overlay-color":"","overlay-opacity":"","overlay-gradient":""}}},"product_brand":[],"product_cat":[29],"product_tag":[],"class_list":{"0":"post-15734","1":"product","2":"type-product","3":"status-publish","4":"has-post-thumbnail","6":"product_cat-hss-twist-drill-bits","7":"desktop-align-left","8":"tablet-align-left","9":"mobile-align-left","11":"first","12":"instock","13":"shipping-taxable","14":"product-type-simple"},"acf":[],"_links":{"self":[{"href":"https:\/\/www.tenyutool.com\/tr\/wp-json\/wp\/v2\/product\/15734","targetHints":{"allow":["GET"]}}],"collection":[{"href":"https:\/\/www.tenyutool.com\/tr\/wp-json\/wp\/v2\/product"}],"about":[{"href":"https:\/\/www.tenyutool.com\/tr\/wp-json\/wp\/v2\/types\/product"}],"replies":[{"embeddable":true,"href":"https:\/\/www.tenyutool.com\/tr\/wp-json\/wp\/v2\/comments?post=15734"}],"wp:featuredmedia":[{"embeddable":true,"href":"https:\/\/www.tenyutool.com\/tr\/wp-json\/wp\/v2\/media\/15736"}],"wp:attachment":[{"href":"https:\/\/www.tenyutool.com\/tr\/wp-json\/wp\/v2\/media?parent=15734"}],"wp:term":[{"taxonomy":"product_brand","embeddable":true,"href":"https:\/\/www.tenyutool.com\/tr\/wp-json\/wp\/v2\/product_brand?post=15734"},{"taxonomy":"product_cat","embeddable":true,"href":"https:\/\/www.tenyutool.com\/tr\/wp-json\/wp\/v2\/product_cat?post=15734"},{"taxonomy":"product_tag","embeddable":true,"href":"https:\/\/www.tenyutool.com\/tr\/wp-json\/wp\/v2\/product_tag?post=15734"}],"curies":[{"name":"wp","href":"https:\/\/api.w.org\/{rel}","templated":true}]}}