{"id":15875,"date":"2022-10-06T07:13:44","date_gmt":"2022-10-06T07:13:44","guid":{"rendered":"https:\/\/www.tenyutool.com\/?post_type=product&#038;p=15875"},"modified":"2022-10-06T07:13:55","modified_gmt":"2022-10-06T07:13:55","slug":"kisa-matkap-ucu-seti","status":"publish","type":"product","link":"https:\/\/www.tenyutool.com\/tr\/product\/short-drill-bit-set\/","title":{"rendered":"DIN1897 Hex Shank Metal Hss Twist Stub K\u0131sa Titanyum Kapl\u0131 Matkap Ucu"},"content":{"rendered":"<p>\u00d6zellikler:<\/p>\n<ul>\n<li>Tokluk ve sertli\u011fin iyi bir kombinasyonu.<\/li>\n<li>135 derecelik yar\u0131lma noktas\u0131 a\u00e7\u0131s\u0131 kendili\u011finden merkezlenir, y\u00fcr\u00fcmeyi azalt\u0131r, sert malzeme i\u00e7in iyidir ve kesici kenarlar \u00fczerindeki bask\u0131y\u0131 azalt\u0131r.<\/li>\n<li>Daha iyi sertlik ve daha fazla g\u00fc\u00e7 i\u00e7in k\u0131sa uzunluk.<\/li>\n<li>K\u0131sa kanal ve toplam uzunluk rijitli\u011fi art\u0131rarak daha iyi delik do\u011frulu\u011fu ve daha uzun tak\u0131m \u00f6mr\u00fc sa\u011flar.<\/li>\n<li data-spm-anchor-id=\"a2700.pc-decorate.0.i12.69273333w5UdeT\">Paslanmaz \u00e7elik, titanyum ve manganl\u0131 \u00e7elik gibi y\u00fcksek gerilimli malzemeleri delmek i\u00e7in \u00f6nerilir.<\/li>\n<\/ul>\n<figure id=\"attachment_15877\" aria-describedby=\"caption-attachment-15877\" style=\"width: 800px\" class=\"wp-caption alignnone\"><img fetchpriority=\"high\" decoding=\"async\" class=\"size-full wp-image-15877\" src=\"https:\/\/www.tenyutool.com\/wp-content\/uploads\/2022\/10\/DIN1897-Hex-Shank-Metal-Hss-Twist-Stub-Short-Titanium-Coated-Drill-Bit.jpg\" alt=\"din1897 alt\u0131gen sapl\u0131 metal hss b\u00fck\u00fcm saplama k\u0131sa titanyum kapl\u0131 matkap ucu\" width=\"800\" height=\"800\" srcset=\"https:\/\/www.tenyutool.com\/wp-content\/uploads\/2022\/10\/DIN1897-Hex-Shank-Metal-Hss-Twist-Stub-Short-Titanium-Coated-Drill-Bit.jpg 800w, https:\/\/www.tenyutool.com\/wp-content\/uploads\/2022\/10\/DIN1897-Hex-Shank-Metal-Hss-Twist-Stub-Short-Titanium-Coated-Drill-Bit-150x150.jpg 150w, https:\/\/www.tenyutool.com\/wp-content\/uploads\/2022\/10\/DIN1897-Hex-Shank-Metal-Hss-Twist-Stub-Short-Titanium-Coated-Drill-Bit-768x768.jpg 768w, https:\/\/www.tenyutool.com\/wp-content\/uploads\/2022\/10\/DIN1897-Hex-Shank-Metal-Hss-Twist-Stub-Short-Titanium-Coated-Drill-Bit-12x12.jpg 12w, https:\/\/www.tenyutool.com\/wp-content\/uploads\/2022\/10\/DIN1897-Hex-Shank-Metal-Hss-Twist-Stub-Short-Titanium-Coated-Drill-Bit-300x300.jpg 300w, https:\/\/www.tenyutool.com\/wp-content\/uploads\/2022\/10\/DIN1897-Hex-Shank-Metal-Hss-Twist-Stub-Short-Titanium-Coated-Drill-Bit-600x600.jpg 600w, https:\/\/www.tenyutool.com\/wp-content\/uploads\/2022\/10\/DIN1897-Hex-Shank-Metal-Hss-Twist-Stub-Short-Titanium-Coated-Drill-Bit-100x100.jpg 100w\" sizes=\"(max-width: 800px) 100vw, 800px\" \/><figcaption id=\"caption-attachment-15877\" class=\"wp-caption-text\">din1897 alt\u0131gen sapl\u0131 metal hss b\u00fck\u00fcm saplama k\u0131sa titanyum kapl\u0131 matkap ucu<\/figcaption><\/figure>\n<table class=\"has-title hight-light-first-column all magic-7\">\n<tbody>\n<tr>\n<td colspan=\"5\" rowspan=\"1\">\n<div class=\"magic-8\"><span class=\"magic-9\" style=\"font-family: Arial;\">\u00dcr\u00fcn A\u00e7\u0131klamas\u0131<\/span><\/div>\n<\/td>\n<\/tr>\n<tr>\n<td colspan=\"5\" rowspan=\"1\">\n<div class=\"magic-8\"><span class=\"magic-13\"><span class=\"magic-14\" style=\"font-family: Arial;\"><b class=\"magic-14\" data-spm-anchor-id=\"0.0.0.i53.2dea4f05jD1M0Y\"><span class=\"magic-14\">Sizin \u0130\u00e7in Daha Fazla Se\u00e7enek<\/span>:\u00a0<a class=\"magic-14\" href=\"https:\/\/www.tenyutool.com\/tr\/\" target=\"_blank\" rel=\"noopener\">Ev<\/a>\u00a0&gt; HSS Matkap Ucu\u00a0<span class=\"magic-14\" data-spm-anchor-id=\"0.0.0.i26.2dea4f058f9DSS\">&gt;\u00a0<\/span><\/b><\/span><b><span class=\"magic-14\">D\u00fcz \u015eaftl\u0131 Matkap Ucu<\/span><\/b><\/span><\/div>\n<\/td>\n<\/tr>\n<tr>\n<td colspan=\"1\" rowspan=\"1\">\n<div class=\"magic-15\">\u00dcr\u00fcn ad\u0131<\/div>\n<\/td>\n<td colspan=\"4\" rowspan=\"1\">\n<div class=\"magic-16\">DIN1897 Hex Shank Hss Twist Stub Matkap Ucu Titanyum Kapl\u0131 Y\u00fczeyli Pirin\u00e7 Metal Delme i\u00e7in K\u0131sa Uzunluk Matkap Ucu Seti<\/div>\n<\/td>\n<\/tr>\n<tr>\n<td colspan=\"1\" rowspan=\"1\">\n<div class=\"magic-15\">Malzeme<\/div>\n<\/td>\n<td colspan=\"4\" rowspan=\"1\">\n<div class=\"magic-16\">HSS4241, HSS4341, HSS6542(M2), M35, M42<\/div>\n<\/td>\n<\/tr>\n<tr>\n<td colspan=\"1\" rowspan=\"1\">\n<div class=\"magic-15\">\u0130\u015flem<\/div>\n<\/td>\n<td colspan=\"4\" rowspan=\"1\">\n<div class=\"magic-16\">Tamamen \u00d6\u011f\u00fct\u00fclm\u00fc\u015f (Ayr\u0131ca Haddelenmi\u015f ve Cilalanm\u0131\u015f, Haddelenmi\u015f, Frezelenmi\u015f)<\/div>\n<\/td>\n<\/tr>\n<tr>\n<td colspan=\"1\" rowspan=\"1\">\n<div class=\"magic-15\">Standart<\/div>\n<\/td>\n<td colspan=\"4\" rowspan=\"1\">\n<div class=\"magic-16\">Saplama DIN1897, Saplama Vidas\u0131 Makine Uzunlu\u011fu<\/div>\n<\/td>\n<\/tr>\n<tr>\n<td colspan=\"1\" rowspan=\"1\">\n<div class=\"magic-15\">Boyut<\/div>\n<\/td>\n<td colspan=\"4\" rowspan=\"1\">\n<div class=\"magic-16\">1 \u2013 13 mm (3\/64\u2033 \u2013 1\/2\u2033)<\/div>\n<\/td>\n<\/tr>\n<tr>\n<td colspan=\"1\" rowspan=\"1\">\n<div class=\"magic-15\">Puan T\u00fcr\u00fc<\/div>\n<\/td>\n<td colspan=\"4\" rowspan=\"1\">\n<div class=\"magic-16\">135 Derece Ay\u0131rma Noktas\u0131 (Ayr\u0131ca 118 Derece Normal Nokta, Turbo Maks Noktas\u0131, Pilot Noktas\u0131 vard\u0131r)<\/div>\n<\/td>\n<\/tr>\n<tr>\n<td colspan=\"1\" rowspan=\"1\">\n<div class=\"magic-17\">\u015eaft Tipi<\/div>\n<\/td>\n<td class=\"magic-18\" colspan=\"4\" rowspan=\"1\">\n<div class=\"magic-19\">Alt\u0131gen \u015eaft (Ayr\u0131ca \u00dc\u00e7 Yass\u0131 \u015eaft, D\u00fcz \u015eaft, \u00c7ift R Alt\u0131gen \u015eaft, Azalt\u0131lm\u0131\u015f \u015eaft, Di\u015fli Alt\u0131gen \u015eaft, Konik \u015eaft da vard\u0131r)<\/div>\n<\/td>\n<\/tr>\n<tr>\n<td colspan=\"1\" rowspan=\"1\">\n<div class=\"magic-15\">Helezon a\u00e7\u0131s\u0131<\/div>\n<\/td>\n<td colspan=\"4\" rowspan=\"1\">\n<div class=\"magic-19\">Normal Spiral Tip N (Ayr\u0131ca Yava\u015f Spiral Tip H, H\u0131zl\u0131 Spiral Tip W, Sol Y\u00f6nl\u00fc Spiral de vard\u0131r)<\/div>\n<\/td>\n<\/tr>\n<tr>\n<td colspan=\"1\" rowspan=\"1\">\n<div class=\"magic-15\">Web &amp; Fl\u00fct Tipi<\/div>\n<\/td>\n<td colspan=\"4\" rowspan=\"1\">\n<div class=\"magic-19\" data-spm-anchor-id=\"a2700.details.0.i24.26a57c63XA5ohH\">Normal Web ve Fl\u00fct (Ayr\u0131ca Parabolik Fl\u00fctl\u00fc Kal\u0131n Web, Normal Fl\u00fctl\u00fc A\u011f\u0131r Hizmet Web&#039;i de vard\u0131r)<\/div>\n<\/td>\n<\/tr>\n<tr>\n<td colspan=\"1\" rowspan=\"1\">\n<div class=\"magic-15\">Y\u00fczey<\/div>\n<\/td>\n<td colspan=\"4\" rowspan=\"1\">\n<div class=\"magic-19\">Kehribar Rengi, Parlak, Siyah Oksit, Siyah ve Alt\u0131n, Titanyum, Siyah ve Parlak)<\/div>\n<\/td>\n<\/tr>\n<tr>\n<td colspan=\"1\" rowspan=\"1\">\n<div class=\"magic-15\">paket<\/div>\n<\/td>\n<td colspan=\"4\" rowspan=\"1\">\n<div class=\"magic-19\">10\/5 Adet PVC Torbal\u0131, Plastik Kutulu, Tek Tek Ciltli Kart, \u00c7ift Blister, Kapakl\u0131<\/div>\n<\/td>\n<\/tr>\n<\/tbody>\n<\/table>","protected":false},"excerpt":{"rendered":"<p>Features: A good combination of toughness and hardness. 135-degree split point angle is self-centering, reduces walking, is good for hard material, and reduces pressure on cutting edges. Short-length, for better rigidity and increased strength. Short flute and overall length increase rigidity, resulting in better hole accuracy and extended tool life. Recommended for drilling high tensile [&hellip;]<\/p>\n","protected":false},"featured_media":15877,"comment_status":"closed","ping_status":"closed","template":"","meta":{"_acf_changed":false,"_seopress_robots_primary_cat":"none","_seopress_titles_title":"Short Drill Bit Set | Titanium Hex Shank Durable Drill Bits","_seopress_titles_desc":"","_seopress_robots_index":"","site-sidebar-layout":"default","site-content-layout":"default","ast-site-content-layout":"default","site-content-style":"default","site-sidebar-style":"default","ast-global-header-display":"","ast-banner-title-visibility":"","ast-main-header-display":"","ast-hfb-above-header-display":"","ast-hfb-below-header-display":"","ast-hfb-mobile-header-display":"","site-post-title":"","ast-breadcrumbs-content":"","ast-featured-img":"","footer-sml-layout":"","ast-disable-related-posts":"","theme-transparent-header-meta":"default","adv-header-id-meta":"","stick-header-meta":"","header-above-stick-meta":"","header-main-stick-meta":"","header-below-stick-meta":"","astra-migrate-meta-layouts":"default","ast-page-background-enabled":"default","ast-page-background-meta":{"desktop":{"background-color":"","background-image":"","background-repeat":"repeat","background-position":"center center","background-size":"auto","background-attachment":"scroll","background-type":"","background-media":"","overlay-type":"","overlay-color":"","overlay-opacity":"","overlay-gradient":""},"tablet":{"background-color":"","background-image":"","background-repeat":"repeat","background-position":"center center","background-size":"auto","background-attachment":"scroll","background-type":"","background-media":"","overlay-type":"","overlay-color":"","overlay-opacity":"","overlay-gradient":""},"mobile":{"background-color":"","background-image":"","background-repeat":"repeat","background-position":"center center","background-size":"auto","background-attachment":"scroll","background-type":"","background-media":"","overlay-type":"","overlay-color":"","overlay-opacity":"","overlay-gradient":""}},"ast-content-background-meta":{"desktop":{"background-color":"var(--ast-global-color-5)","background-image":"","background-repeat":"repeat","background-position":"center center","background-size":"auto","background-attachment":"scroll","background-type":"","background-media":"","overlay-type":"","overlay-color":"","overlay-opacity":"","overlay-gradient":""},"tablet":{"background-color":"var(--ast-global-color-5)","background-image":"","background-repeat":"repeat","background-position":"center center","background-size":"auto","background-attachment":"scroll","background-type":"","background-media":"","overlay-type":"","overlay-color":"","overlay-opacity":"","overlay-gradient":""},"mobile":{"background-color":"var(--ast-global-color-5)","background-image":"","background-repeat":"repeat","background-position":"center center","background-size":"auto","background-attachment":"scroll","background-type":"","background-media":"","overlay-type":"","overlay-color":"","overlay-opacity":"","overlay-gradient":""}}},"product_brand":[],"product_cat":[22],"product_tag":[],"class_list":{"0":"post-15875","1":"product","2":"type-product","3":"status-publish","4":"has-post-thumbnail","6":"product_cat-drillbits","7":"desktop-align-left","8":"tablet-align-left","9":"mobile-align-left","11":"first","12":"instock","13":"shipping-taxable","14":"product-type-simple"},"acf":[],"_links":{"self":[{"href":"https:\/\/www.tenyutool.com\/tr\/wp-json\/wp\/v2\/product\/15875","targetHints":{"allow":["GET"]}}],"collection":[{"href":"https:\/\/www.tenyutool.com\/tr\/wp-json\/wp\/v2\/product"}],"about":[{"href":"https:\/\/www.tenyutool.com\/tr\/wp-json\/wp\/v2\/types\/product"}],"replies":[{"embeddable":true,"href":"https:\/\/www.tenyutool.com\/tr\/wp-json\/wp\/v2\/comments?post=15875"}],"wp:featuredmedia":[{"embeddable":true,"href":"https:\/\/www.tenyutool.com\/tr\/wp-json\/wp\/v2\/media\/15877"}],"wp:attachment":[{"href":"https:\/\/www.tenyutool.com\/tr\/wp-json\/wp\/v2\/media?parent=15875"}],"wp:term":[{"taxonomy":"product_brand","embeddable":true,"href":"https:\/\/www.tenyutool.com\/tr\/wp-json\/wp\/v2\/product_brand?post=15875"},{"taxonomy":"product_cat","embeddable":true,"href":"https:\/\/www.tenyutool.com\/tr\/wp-json\/wp\/v2\/product_cat?post=15875"},{"taxonomy":"product_tag","embeddable":true,"href":"https:\/\/www.tenyutool.com\/tr\/wp-json\/wp\/v2\/product_tag?post=15875"}],"curies":[{"name":"wp","href":"https:\/\/api.w.org\/{rel}","templated":true}]}}