{"id":16615,"date":"2022-12-05T01:57:59","date_gmt":"2022-12-05T01:57:59","guid":{"rendered":"https:\/\/www.tenyutool.com\/?post_type=product&#038;p=16615"},"modified":"2022-12-05T01:58:56","modified_gmt":"2022-12-05T01:58:56","slug":"40cr-celik-sds-max-kil-maca-keski","status":"publish","type":"product","link":"https:\/\/www.tenyutool.com\/tr\/product\/40cr-steel-sds-max-clay-spade-chisel\/","title":{"rendered":"Sert Toprak \u00c7ak\u0131l Kazmak i\u00e7in 40Cr \u00c7elik D\u00f6ner \u00c7eki\u00e7 SDS Max \u015eaft Kil Ma\u00e7a Keski Matkap Ucu"},"content":{"rendered":"<p>\u00d6zellikler:<\/p>\n<ul>\n<li>Ekstra uzun ve sa\u011flam yedek alt\u0131gen sapl\u0131 kil ma\u00e7a keski u\u00e7lar\u0131.<\/li>\n<li>Ciddi y\u0131k\u0131m i\u00e7in tasarlanm\u0131\u015ft\u0131r.<\/li>\n<li>Ekstra uzun sap, eri\u015filebilirli\u011fi art\u0131rmak ve rahatl\u0131k sa\u011flamak i\u00e7in tasarlanm\u0131\u015ft\u0131r.<\/li>\n<li>Betonu, s\u0131k\u0131\u015ft\u0131r\u0131lm\u0131\u015f topra\u011f\u0131 kazmak, kal\u0131n \u00e7imeni dilimlemek ve topra\u011f\u0131 s\u00fcrmek i\u00e7in kolayca kullan\u0131l\u0131r.<\/li>\n<li>A\u015f\u0131nma, oksidasyon ve korozyona kar\u015f\u0131 artan sertlik ve diren\u00e7.<\/li>\n<\/ul>\n<figure id=\"attachment_16620\" aria-describedby=\"caption-attachment-16620\" style=\"width: 800px\" class=\"wp-caption alignnone\"><img fetchpriority=\"high\" decoding=\"async\" class=\"size-full wp-image-16620\" src=\"https:\/\/www.tenyutool.com\/wp-content\/uploads\/2022\/12\/40Cr-Steel-Rotary-Hammer-SDS-Max-Shank-Clay-Spade-Chisel-Drill-Bit-for-Digging-Hard-Soil-Gravel.jpg\" alt=\"40cr \u00e7elik d\u00f6ner \u00e7eki\u00e7 sds max \u015faft kil ma\u00e7a keski matkap ucu sert toprak \u00e7ak\u0131l kazmak i\u00e7in\" width=\"800\" height=\"800\" srcset=\"https:\/\/www.tenyutool.com\/wp-content\/uploads\/2022\/12\/40Cr-Steel-Rotary-Hammer-SDS-Max-Shank-Clay-Spade-Chisel-Drill-Bit-for-Digging-Hard-Soil-Gravel.jpg 800w, https:\/\/www.tenyutool.com\/wp-content\/uploads\/2022\/12\/40Cr-Steel-Rotary-Hammer-SDS-Max-Shank-Clay-Spade-Chisel-Drill-Bit-for-Digging-Hard-Soil-Gravel-150x150.jpg 150w, https:\/\/www.tenyutool.com\/wp-content\/uploads\/2022\/12\/40Cr-Steel-Rotary-Hammer-SDS-Max-Shank-Clay-Spade-Chisel-Drill-Bit-for-Digging-Hard-Soil-Gravel-768x768.jpg 768w, https:\/\/www.tenyutool.com\/wp-content\/uploads\/2022\/12\/40Cr-Steel-Rotary-Hammer-SDS-Max-Shank-Clay-Spade-Chisel-Drill-Bit-for-Digging-Hard-Soil-Gravel-12x12.jpg 12w, https:\/\/www.tenyutool.com\/wp-content\/uploads\/2022\/12\/40Cr-Steel-Rotary-Hammer-SDS-Max-Shank-Clay-Spade-Chisel-Drill-Bit-for-Digging-Hard-Soil-Gravel-300x300.jpg 300w, https:\/\/www.tenyutool.com\/wp-content\/uploads\/2022\/12\/40Cr-Steel-Rotary-Hammer-SDS-Max-Shank-Clay-Spade-Chisel-Drill-Bit-for-Digging-Hard-Soil-Gravel-600x600.jpg 600w, https:\/\/www.tenyutool.com\/wp-content\/uploads\/2022\/12\/40Cr-Steel-Rotary-Hammer-SDS-Max-Shank-Clay-Spade-Chisel-Drill-Bit-for-Digging-Hard-Soil-Gravel-100x100.jpg 100w\" sizes=\"(max-width: 800px) 100vw, 800px\" \/><figcaption id=\"caption-attachment-16620\" class=\"wp-caption-text\">40cr \u00e7elik d\u00f6ner \u00e7eki\u00e7 sds max \u015faft kil ma\u00e7a keski matkap ucu sert toprak \u00e7ak\u0131l kazmak i\u00e7in<\/figcaption><\/figure>\n<table class=\"has-title hight-light-first-column all magic-6\">\n<tbody>\n<tr>\n<td colspan=\"5\" rowspan=\"1\">\n<div class=\"magic-7\"><span class=\"magic-8\">\u00dcr\u00fcn A\u00e7\u0131klamas\u0131<\/span><\/div>\n<\/td>\n<\/tr>\n<tr>\n<td colspan=\"5\" rowspan=\"1\">\n<div class=\"magic-7\"><span class=\"magic-11\"><b data-spm-anchor-id=\"0.0.0.i43.2dea4f05AneQoR\">Sizin \u0130\u00e7in Daha Fazla Se\u00e7enek:\u00a0<a href=\"https:\/\/www.tenyutool.com\/tr\/\" target=\"_blank\" rel=\"noopener\">Ev<\/a> &gt;\u00a0<a href=\"https:\/\/www.tenyutool.com\/tr\/sds-keski\/\" target=\"_blank\" rel=\"noopener\">keski<\/a><\/b><\/span><\/div>\n<\/td>\n<\/tr>\n<tr>\n<td colspan=\"1\" rowspan=\"1\">\n<div class=\"magic-12\">\u00dcr\u00fcn ad\u0131<\/div>\n<\/td>\n<td colspan=\"4\" rowspan=\"1\">\n<div class=\"magic-13\" data-spm-anchor-id=\"a2700.details.0.i22.710febc7C1brpK\">Sert Toprak \u00c7ak\u0131l i\u00e7in 40Cr \u00c7elik D\u00f6ner \u00c7eki\u00e7 SDS Max \u015eaft Kil Ma\u00e7a Keski Matkap Ucu<\/div>\n<\/td>\n<\/tr>\n<tr>\n<td colspan=\"1\" rowspan=\"1\">\n<div class=\"magic-12\">Malzeme<\/div>\n<\/td>\n<td colspan=\"4\" rowspan=\"1\">\n<div class=\"magic-14\">40Cr \u00c7elik<\/div>\n<\/td>\n<\/tr>\n<tr>\n<td colspan=\"1\" rowspan=\"1\">\n<div class=\"magic-12\">\u0130\u015flem<\/div>\n<\/td>\n<td colspan=\"4\" rowspan=\"1\">\n<div class=\"magic-14\">Is\u0131 tedavisi<\/div>\n<\/td>\n<\/tr>\n<tr>\n<td colspan=\"1\" rowspan=\"1\">\n<div class=\"magic-12\">Kafa Tipi<\/div>\n<\/td>\n<td colspan=\"4\" rowspan=\"1\">\n<div class=\"magic-14\">Ma\u00e7a Keski<\/div>\n<\/td>\n<\/tr>\n<tr>\n<td colspan=\"1\" rowspan=\"1\">\n<div class=\"magic-12\">\u0130ncik<\/div>\n<\/td>\n<td colspan=\"4\" rowspan=\"1\">\n<div class=\"magic-14\">SDS Max \u015eaft (Ayr\u0131ca PH65 \u015eaft\u0131m\u0131z, 17 A\/F \u015eaft\u0131m\u0131z Var)<\/div>\n<\/td>\n<\/tr>\n<tr>\n<td colspan=\"1\" rowspan=\"1\">\n<div class=\"magic-12\">Y\u00fczey<\/div>\n<\/td>\n<td colspan=\"4\" rowspan=\"1\">\n<div class=\"magic-14\">kumlanm\u0131\u015f<\/div>\n<\/td>\n<\/tr>\n<tr>\n<td colspan=\"1\" rowspan=\"1\">\n<div class=\"magic-12\">paket<\/div>\n<\/td>\n<td colspan=\"4\" rowspan=\"1\">\n<div class=\"magic-14\">Tek Plastik veya Ah\u015fap Kutuda Tek Par\u00e7a<\/div>\n<\/td>\n<\/tr>\n<\/tbody>\n<\/table>\n<p>&nbsp;<\/p>","protected":false},"excerpt":{"rendered":"<p>Features: Extra-long and sturdy replacement hex shank clay spade chisel bits. Designed for serious demolition. The extra-long shank is designed to improve accessibility and ensure comfortability. Easily used for digging through concrete, packed soil, slicing through thick turf, and plowing. Increased hardness and resistance to abrasion, oxidation, and corrosion. Product Description More Choice For You:\u00a0Home [&hellip;]<\/p>\n","protected":false},"featured_media":16620,"comment_status":"closed","ping_status":"closed","template":"","meta":{"_acf_changed":false,"_seopress_robots_primary_cat":"none","_seopress_titles_title":"SDS Max Clay Spade | 40Cr Steel Clay Spade Chisel Drill Bit","_seopress_titles_desc":"","_seopress_robots_index":"","site-sidebar-layout":"default","site-content-layout":"default","ast-site-content-layout":"default","site-content-style":"default","site-sidebar-style":"default","ast-global-header-display":"","ast-banner-title-visibility":"","ast-main-header-display":"","ast-hfb-above-header-display":"","ast-hfb-below-header-display":"","ast-hfb-mobile-header-display":"","site-post-title":"","ast-breadcrumbs-content":"","ast-featured-img":"","footer-sml-layout":"","ast-disable-related-posts":"","theme-transparent-header-meta":"default","adv-header-id-meta":"","stick-header-meta":"","header-above-stick-meta":"","header-main-stick-meta":"","header-below-stick-meta":"","astra-migrate-meta-layouts":"default","ast-page-background-enabled":"default","ast-page-background-meta":{"desktop":{"background-color":"","background-image":"","background-repeat":"repeat","background-position":"center center","background-size":"auto","background-attachment":"scroll","background-type":"","background-media":"","overlay-type":"","overlay-color":"","overlay-opacity":"","overlay-gradient":""},"tablet":{"background-color":"","background-image":"","background-repeat":"repeat","background-position":"center center","background-size":"auto","background-attachment":"scroll","background-type":"","background-media":"","overlay-type":"","overlay-color":"","overlay-opacity":"","overlay-gradient":""},"mobile":{"background-color":"","background-image":"","background-repeat":"repeat","background-position":"center center","background-size":"auto","background-attachment":"scroll","background-type":"","background-media":"","overlay-type":"","overlay-color":"","overlay-opacity":"","overlay-gradient":""}},"ast-content-background-meta":{"desktop":{"background-color":"var(--ast-global-color-5)","background-image":"","background-repeat":"repeat","background-position":"center center","background-size":"auto","background-attachment":"scroll","background-type":"","background-media":"","overlay-type":"","overlay-color":"","overlay-opacity":"","overlay-gradient":""},"tablet":{"background-color":"var(--ast-global-color-5)","background-image":"","background-repeat":"repeat","background-position":"center center","background-size":"auto","background-attachment":"scroll","background-type":"","background-media":"","overlay-type":"","overlay-color":"","overlay-opacity":"","overlay-gradient":""},"mobile":{"background-color":"var(--ast-global-color-5)","background-image":"","background-repeat":"repeat","background-position":"center center","background-size":"auto","background-attachment":"scroll","background-type":"","background-media":"","overlay-type":"","overlay-color":"","overlay-opacity":"","overlay-gradient":""}}},"product_brand":[],"product_cat":[33],"product_tag":[],"class_list":{"0":"post-16615","1":"product","2":"type-product","3":"status-publish","4":"has-post-thumbnail","6":"product_cat-sds-chisel","7":"desktop-align-left","8":"tablet-align-left","9":"mobile-align-left","11":"first","12":"instock","13":"shipping-taxable","14":"product-type-simple"},"acf":[],"_links":{"self":[{"href":"https:\/\/www.tenyutool.com\/tr\/wp-json\/wp\/v2\/product\/16615","targetHints":{"allow":["GET"]}}],"collection":[{"href":"https:\/\/www.tenyutool.com\/tr\/wp-json\/wp\/v2\/product"}],"about":[{"href":"https:\/\/www.tenyutool.com\/tr\/wp-json\/wp\/v2\/types\/product"}],"replies":[{"embeddable":true,"href":"https:\/\/www.tenyutool.com\/tr\/wp-json\/wp\/v2\/comments?post=16615"}],"wp:featuredmedia":[{"embeddable":true,"href":"https:\/\/www.tenyutool.com\/tr\/wp-json\/wp\/v2\/media\/16620"}],"wp:attachment":[{"href":"https:\/\/www.tenyutool.com\/tr\/wp-json\/wp\/v2\/media?parent=16615"}],"wp:term":[{"taxonomy":"product_brand","embeddable":true,"href":"https:\/\/www.tenyutool.com\/tr\/wp-json\/wp\/v2\/product_brand?post=16615"},{"taxonomy":"product_cat","embeddable":true,"href":"https:\/\/www.tenyutool.com\/tr\/wp-json\/wp\/v2\/product_cat?post=16615"},{"taxonomy":"product_tag","embeddable":true,"href":"https:\/\/www.tenyutool.com\/tr\/wp-json\/wp\/v2\/product_tag?post=16615"}],"curies":[{"name":"wp","href":"https:\/\/api.w.org\/{rel}","templated":true}]}}