{"id":16626,"date":"2022-12-05T02:11:16","date_gmt":"2022-12-05T02:11:16","guid":{"rendered":"https:\/\/www.tenyutool.com\/?post_type=product&#038;p=16626"},"modified":"2022-12-28T03:07:09","modified_gmt":"2022-12-28T03:07:09","slug":"toprak-tugla-sds-max-kil-maca-keski","status":"publish","type":"product","link":"https:\/\/www.tenyutool.com\/tr\/product\/soil-brick-sds-max-clay-spade-chisel\/","title":{"rendered":"D\u00f6ner Darbeli Matkap Toprak Tu\u011fla SDS Max Clay Spade H\u0131zl\u0131 Kald\u0131rma i\u00e7in Keski Matkap Ucu"},"content":{"rendered":"<div class=\"mceTemp\"><\/div>\n<p>\u00d6zellikler:<\/p>\n<ul>\n<li>A\u015f\u0131nma, oksidasyon ve korozyona kar\u015f\u0131 artan sertlik ve diren\u00e7 i\u00e7in 40Cr \u00e7elik.<\/li>\n<li>Darbe dayan\u0131kl\u0131l\u0131\u011f\u0131n\u0131 art\u0131rmak i\u00e7in temperlendi.<\/li>\n<li>SDS max sap, daha g\u00fc\u00e7l\u00fc etki.<\/li>\n<li>T\u00fcm v\u00fccut g\u00fc\u00e7l\u00fc sertli\u011fe dayanabilir.<\/li>\n<li>Beton, s\u0131k\u0131\u015ft\u0131r\u0131lm\u0131\u015f toprak, kil, \u00e7ak\u0131l, kerpi\u00e7, kumta\u015f\u0131, donmu\u015f kir ve daha fazlas\u0131n\u0131 kazar.\n<p><figure id=\"attachment_16796\" aria-describedby=\"caption-attachment-16796\" style=\"width: 800px\" class=\"wp-caption alignnone\"><img fetchpriority=\"high\" decoding=\"async\" class=\"size-full wp-image-16796\" src=\"https:\/\/www.tenyutool.com\/wp-content\/uploads\/2022\/12\/H7206edc687a4412c97b038b3e1f4206eo.webp.jpg\" alt=\"d\u00f6ner \u00e7eki\u00e7 matkap toprak tu\u011fla sds max kil ma\u00e7a keski h\u0131zl\u0131 \u00e7\u0131karma i\u00e7in matkap ucu\" width=\"800\" height=\"800\" srcset=\"https:\/\/www.tenyutool.com\/wp-content\/uploads\/2022\/12\/H7206edc687a4412c97b038b3e1f4206eo.webp.jpg 800w, https:\/\/www.tenyutool.com\/wp-content\/uploads\/2022\/12\/H7206edc687a4412c97b038b3e1f4206eo.webp-150x150.jpg 150w, https:\/\/www.tenyutool.com\/wp-content\/uploads\/2022\/12\/H7206edc687a4412c97b038b3e1f4206eo.webp-768x768.jpg 768w, https:\/\/www.tenyutool.com\/wp-content\/uploads\/2022\/12\/H7206edc687a4412c97b038b3e1f4206eo.webp-12x12.jpg 12w, https:\/\/www.tenyutool.com\/wp-content\/uploads\/2022\/12\/H7206edc687a4412c97b038b3e1f4206eo.webp-300x300.jpg 300w, https:\/\/www.tenyutool.com\/wp-content\/uploads\/2022\/12\/H7206edc687a4412c97b038b3e1f4206eo.webp-600x600.jpg 600w, https:\/\/www.tenyutool.com\/wp-content\/uploads\/2022\/12\/H7206edc687a4412c97b038b3e1f4206eo.webp-100x100.jpg 100w\" sizes=\"(max-width: 800px) 100vw, 800px\" \/><figcaption id=\"caption-attachment-16796\" class=\"wp-caption-text\">d\u00f6ner \u00e7eki\u00e7 matkap toprak tu\u011fla sds max kil ma\u00e7a keski h\u0131zl\u0131 \u00e7\u0131karma i\u00e7in matkap ucu<\/figcaption><\/figure><\/li>\n<\/ul>\n<table class=\"has-title hight-light-first-column all magic-6\">\n<tbody>\n<tr>\n<td colspan=\"5\" rowspan=\"1\">\n<div class=\"magic-7\"><span class=\"magic-8\">\u00dcr\u00fcn A\u00e7\u0131klamas\u0131<\/span><\/div>\n<\/td>\n<\/tr>\n<tr>\n<td colspan=\"5\" rowspan=\"1\">\n<div class=\"magic-7\"><span class=\"magic-11\"><b data-spm-anchor-id=\"0.0.0.i43.2dea4f05AneQoR\">Sizin \u0130\u00e7in Daha Fazla Se\u00e7enek:\u00a0<a href=\"https:\/\/www.tenyutool.com\/tr\/\" target=\"_blank\" rel=\"noopener\">Ev<\/a> &gt;\u00a0<a href=\"https:\/\/www.tenyutool.com\/tr\/sds-keski\/\" target=\"_blank\" rel=\"noopener\">keski<\/a><\/b><\/span><\/div>\n<\/td>\n<\/tr>\n<tr>\n<td colspan=\"1\" rowspan=\"1\">\n<div class=\"magic-12\">\u00dcr\u00fcn ad\u0131<\/div>\n<\/td>\n<td colspan=\"4\" rowspan=\"1\">\n<div class=\"magic-13\" data-spm-anchor-id=\"a2700.details.0.i7.285e1f2aLuNjYr\">D\u00f6ner Darbeli Matkap Toprak Tu\u011fla SDS Max Clay Spade H\u0131zl\u0131 Kald\u0131rma i\u00e7in Keski Matkap Ucu<\/div>\n<\/td>\n<\/tr>\n<tr>\n<td colspan=\"1\" rowspan=\"1\">\n<div class=\"magic-12\">Malzeme<\/div>\n<\/td>\n<td colspan=\"4\" rowspan=\"1\">\n<div class=\"magic-14\">40Cr \u00c7elik<\/div>\n<\/td>\n<\/tr>\n<tr>\n<td colspan=\"1\" rowspan=\"1\">\n<div class=\"magic-12\">\u0130\u015flem<\/div>\n<\/td>\n<td colspan=\"4\" rowspan=\"1\">\n<div class=\"magic-14\">Is\u0131 tedavisi<\/div>\n<\/td>\n<\/tr>\n<tr>\n<td colspan=\"1\" rowspan=\"1\">\n<div class=\"magic-12\">Kafa Tipi<\/div>\n<\/td>\n<td colspan=\"4\" rowspan=\"1\">\n<div class=\"magic-14\">Ma\u00e7a Keski<\/div>\n<\/td>\n<\/tr>\n<tr>\n<td colspan=\"1\" rowspan=\"1\">\n<div class=\"magic-12\">\u0130ncik<\/div>\n<\/td>\n<td colspan=\"4\" rowspan=\"1\">\n<div class=\"magic-14\">SDS Max \u015eaft (65PH \u015eaft\u0131m\u0131z da Var)<\/div>\n<\/td>\n<\/tr>\n<tr>\n<td colspan=\"1\" rowspan=\"1\">\n<div class=\"magic-12\">Y\u00fczey<\/div>\n<\/td>\n<td colspan=\"4\" rowspan=\"1\">\n<div class=\"magic-14\">kumlanm\u0131\u015f<\/div>\n<\/td>\n<\/tr>\n<tr>\n<td colspan=\"1\" rowspan=\"1\">\n<div class=\"magic-12\">paket<\/div>\n<\/td>\n<td colspan=\"4\" rowspan=\"1\">\n<div class=\"magic-14\">Bir Ah\u015fap Kutuda veya Plastik Kutuda Tek Par\u00e7a<\/div>\n<\/td>\n<\/tr>\n<\/tbody>\n<\/table>\n<p>&nbsp;<\/p>","protected":false},"excerpt":{"rendered":"<p>Features: 40Cr steel for increased hardness and resistance to abrasion, oxidation, and corrosion. Tempered to increase impact durability. SDS max shank, stronger impact. The whole body can withstand strong hardness. Digs through concrete, packed soil, clay, gravel, adobe, sandstone, frozen dirt, and more. Product Description More Choice For You:\u00a0Home &gt;\u00a0Chisel Product Name Rotary Hammer Drill [&hellip;]<\/p>\n","protected":false},"featured_media":16796,"comment_status":"closed","ping_status":"closed","template":"","meta":{"_acf_changed":false,"_seopress_robots_primary_cat":"none","_seopress_titles_title":"Clay Spade Bit | SDS Max Clay Spade Chisel","_seopress_titles_desc":"","_seopress_robots_index":"","site-sidebar-layout":"default","site-content-layout":"default","ast-site-content-layout":"default","site-content-style":"default","site-sidebar-style":"default","ast-global-header-display":"","ast-banner-title-visibility":"","ast-main-header-display":"","ast-hfb-above-header-display":"","ast-hfb-below-header-display":"","ast-hfb-mobile-header-display":"","site-post-title":"","ast-breadcrumbs-content":"","ast-featured-img":"","footer-sml-layout":"","ast-disable-related-posts":"","theme-transparent-header-meta":"default","adv-header-id-meta":"","stick-header-meta":"","header-above-stick-meta":"","header-main-stick-meta":"","header-below-stick-meta":"","astra-migrate-meta-layouts":"default","ast-page-background-enabled":"default","ast-page-background-meta":{"desktop":{"background-color":"","background-image":"","background-repeat":"repeat","background-position":"center center","background-size":"auto","background-attachment":"scroll","background-type":"","background-media":"","overlay-type":"","overlay-color":"","overlay-opacity":"","overlay-gradient":""},"tablet":{"background-color":"","background-image":"","background-repeat":"repeat","background-position":"center center","background-size":"auto","background-attachment":"scroll","background-type":"","background-media":"","overlay-type":"","overlay-color":"","overlay-opacity":"","overlay-gradient":""},"mobile":{"background-color":"","background-image":"","background-repeat":"repeat","background-position":"center center","background-size":"auto","background-attachment":"scroll","background-type":"","background-media":"","overlay-type":"","overlay-color":"","overlay-opacity":"","overlay-gradient":""}},"ast-content-background-meta":{"desktop":{"background-color":"var(--ast-global-color-5)","background-image":"","background-repeat":"repeat","background-position":"center center","background-size":"auto","background-attachment":"scroll","background-type":"","background-media":"","overlay-type":"","overlay-color":"","overlay-opacity":"","overlay-gradient":""},"tablet":{"background-color":"var(--ast-global-color-5)","background-image":"","background-repeat":"repeat","background-position":"center center","background-size":"auto","background-attachment":"scroll","background-type":"","background-media":"","overlay-type":"","overlay-color":"","overlay-opacity":"","overlay-gradient":""},"mobile":{"background-color":"var(--ast-global-color-5)","background-image":"","background-repeat":"repeat","background-position":"center center","background-size":"auto","background-attachment":"scroll","background-type":"","background-media":"","overlay-type":"","overlay-color":"","overlay-opacity":"","overlay-gradient":""}}},"product_brand":[],"product_cat":[33],"product_tag":[],"class_list":{"0":"post-16626","1":"product","2":"type-product","3":"status-publish","4":"has-post-thumbnail","6":"product_cat-sds-chisel","7":"desktop-align-left","8":"tablet-align-left","9":"mobile-align-left","11":"first","12":"instock","13":"shipping-taxable","14":"product-type-simple"},"acf":[],"_links":{"self":[{"href":"https:\/\/www.tenyutool.com\/tr\/wp-json\/wp\/v2\/product\/16626","targetHints":{"allow":["GET"]}}],"collection":[{"href":"https:\/\/www.tenyutool.com\/tr\/wp-json\/wp\/v2\/product"}],"about":[{"href":"https:\/\/www.tenyutool.com\/tr\/wp-json\/wp\/v2\/types\/product"}],"replies":[{"embeddable":true,"href":"https:\/\/www.tenyutool.com\/tr\/wp-json\/wp\/v2\/comments?post=16626"}],"wp:featuredmedia":[{"embeddable":true,"href":"https:\/\/www.tenyutool.com\/tr\/wp-json\/wp\/v2\/media\/16796"}],"wp:attachment":[{"href":"https:\/\/www.tenyutool.com\/tr\/wp-json\/wp\/v2\/media?parent=16626"}],"wp:term":[{"taxonomy":"product_brand","embeddable":true,"href":"https:\/\/www.tenyutool.com\/tr\/wp-json\/wp\/v2\/product_brand?post=16626"},{"taxonomy":"product_cat","embeddable":true,"href":"https:\/\/www.tenyutool.com\/tr\/wp-json\/wp\/v2\/product_cat?post=16626"},{"taxonomy":"product_tag","embeddable":true,"href":"https:\/\/www.tenyutool.com\/tr\/wp-json\/wp\/v2\/product_tag?post=16626"}],"curies":[{"name":"wp","href":"https:\/\/api.w.org\/{rel}","templated":true}]}}