{"id":16715,"date":"2022-12-13T02:05:22","date_gmt":"2022-12-13T02:05:22","guid":{"rendered":"https:\/\/www.tenyutool.com\/?post_type=product&#038;p=16715"},"modified":"2022-12-13T02:09:00","modified_gmt":"2022-12-13T02:09:00","slug":"duz-ahsap-kurek-kurek-matkap-bit","status":"publish","type":"product","link":"https:\/\/www.tenyutool.com\/tr\/product\/flat-wood-spade-paddle-drill-bit\/","title":{"rendered":"A\u011f\u0131r H\u0131zl\u0131 De\u011fi\u015fim Hex Shank Merkez Noktas\u0131 D\u00fcz Ah\u015fap Ma\u00e7a Ah\u015fap Delme Deli\u011fi i\u00e7in K\u00fcrek Matkap Ucu"},"content":{"rendered":"<p>\u00d6zellikler:<\/p>\n<ul>\n<li>A\u011f\u0131r hizmet \u015faft\u0131 maksimum dayan\u0131kl\u0131l\u0131k sa\u011flar.<\/li>\n<li data-spm-anchor-id=\"a2700.custom-template.0.i87.54733333hQYjKB\">Kesme mahmuzlar\u0131 optimum delik kalitesi sa\u011flar.<\/li>\n<li data-spm-anchor-id=\"a2700.custom-template.0.i87.54733333hQYjKB\">Alt\u0131gen \u015faft kaymay\u0131 \u00f6nler ve t\u00fcm 1\/4&quot; h\u0131zl\u0131 de\u011fi\u015ftirme sistemlerine uyar.<\/li>\n<li data-spm-anchor-id=\"a2700.custom-template.0.i87.54733333hQYjKB\">Ask\u0131 deli\u011fi, bit depolama ve tel \u00e7ekmeye izin verir.<\/li>\n<li data-spm-anchor-id=\"a2700.custom-template.0.i87.54733333hQYjKB\">Tu\u011fla, blok, beton ve duvarda delik delmek i\u00e7in idealdir.\n<figure id=\"attachment_16717\" aria-describedby=\"caption-attachment-16717\" style=\"width: 800px\" class=\"wp-caption alignnone\"><img fetchpriority=\"high\" decoding=\"async\" class=\"size-full wp-image-16717\" src=\"https:\/\/www.tenyutool.com\/wp-content\/uploads\/2022\/12\/H2c69e68d04e44b62ae7b63d86ad7254dd.jpg\" alt=\"A\u011f\u0131r hizmet tipi h\u0131zl\u0131 de\u011fi\u015fim alt\u0131gen \u015faft merkez noktas\u0131 d\u00fcz ah\u015fap k\u00fcrek k\u00fcrek matkap ucu ah\u015fap delme deli\u011fi i\u00e7in\" width=\"800\" height=\"800\" srcset=\"https:\/\/www.tenyutool.com\/wp-content\/uploads\/2022\/12\/H2c69e68d04e44b62ae7b63d86ad7254dd.jpg 800w, https:\/\/www.tenyutool.com\/wp-content\/uploads\/2022\/12\/H2c69e68d04e44b62ae7b63d86ad7254dd-150x150.jpg 150w, https:\/\/www.tenyutool.com\/wp-content\/uploads\/2022\/12\/H2c69e68d04e44b62ae7b63d86ad7254dd-768x768.jpg 768w, https:\/\/www.tenyutool.com\/wp-content\/uploads\/2022\/12\/H2c69e68d04e44b62ae7b63d86ad7254dd-12x12.jpg 12w, https:\/\/www.tenyutool.com\/wp-content\/uploads\/2022\/12\/H2c69e68d04e44b62ae7b63d86ad7254dd-300x300.jpg 300w, https:\/\/www.tenyutool.com\/wp-content\/uploads\/2022\/12\/H2c69e68d04e44b62ae7b63d86ad7254dd-600x600.jpg 600w, https:\/\/www.tenyutool.com\/wp-content\/uploads\/2022\/12\/H2c69e68d04e44b62ae7b63d86ad7254dd-100x100.jpg 100w\" sizes=\"(max-width: 800px) 100vw, 800px\" \/><figcaption id=\"caption-attachment-16717\" class=\"wp-caption-text\">A\u011f\u0131r hizmet tipi h\u0131zl\u0131 de\u011fi\u015fim alt\u0131gen \u015faft merkez noktas\u0131 d\u00fcz ah\u015fap k\u00fcrek k\u00fcrek matkap ucu ah\u015fap delme deli\u011fi i\u00e7in<\/figcaption><\/figure>\n<div class=\"magic-14\" data-spm-anchor-id=\"a2700.details.0.i26.628e3e48DIdxJy\">\n<div data-spm-anchor-id=\"a2700.custom-template.0.i87.54733333hQYjKB\">\n<table width=\"736\">\n<tbody>\n<tr>\n<td colspan=\"6\" width=\"736\">\u00dcr\u00fcn A\u00e7\u0131klamas\u0131<\/td>\n<\/tr>\n<tr>\n<td colspan=\"6\">Sizin \u0130\u00e7in Daha Fazla Se\u00e7enek: <a href=\"https:\/\/www.tenyutool.com\/tr\/\">Ev<\/a> &gt; Ah\u015fap Matkap Ucu &gt; Ah\u015fap K\u00fcrek Ucu<\/td>\n<\/tr>\n<tr>\n<td>\u00dcr\u00fcn ad\u0131<\/td>\n<td colspan=\"5\" width=\"514\">A\u011f\u0131r H\u0131zl\u0131 De\u011fi\u015fim Hex Shank Merkez Noktas\u0131 D\u00fcz Ah\u015fap Ma\u00e7a Ah\u015fap Delme Deli\u011fi i\u00e7in K\u00fcrek Matkap Ucu<\/td>\n<\/tr>\n<tr>\n<td>Malzeme<\/td>\n<td colspan=\"5\" width=\"514\">Is\u0131l \u0130\u015flem G\u00f6rm\u00fc\u015f Y\u00fcksek Karbonlu \u00c7elik<\/td>\n<\/tr>\n<tr>\n<td>\u015eaft Tipi<\/td>\n<td colspan=\"5\">H\u0131zl\u0131 De\u011fi\u015ftirilebilir Alt\u0131gen \u015eaft (Alt\u0131gen \u015eaft\u0131m\u0131z da Var)<\/td>\n<\/tr>\n<tr>\n<td>Ba\u015f Ucu<\/td>\n<td colspan=\"5\" width=\"514\">Merkez Nokta (\u00dc\u00e7 Nokta, Kesme Yivli \u00dc\u00e7 Nokta da Var)<\/td>\n<\/tr>\n<tr>\n<td>Y\u00fczey<\/td>\n<td colspan=\"5\">Siyah Oksit (Parlak, Titanyum Kaplamal\u0131 da Var)<\/td>\n<\/tr>\n<tr>\n<td>paket<\/td>\n<td colspan=\"5\" width=\"514\">Bir PVC Torbada Tek Par\u00e7a veya PVC Cilt Kart\u0131 veya Ka\u011f\u0131t Sandvi\u00e7 veya PVC \u00c7ift Blister<\/td>\n<\/tr>\n<\/tbody>\n<\/table>\n<\/div>\n<\/div>\n<\/li>\n<\/ul>","protected":false},"excerpt":{"rendered":"<p>Features: Heavy-duty shank provides maximum durability. Cutting spurs provide optimum hole finish. Hex shank prevents slipping and fits all 1\/4&#8243; quick-change systems. Hang hole allows for bit storage &amp; wire pulling. Ideal for drilling holes in bricks, blocks, concrete, and masonry. Product Description More Choice For You\uff1a Home &gt; Wood Drill Bit &gt; Wood Spade [&hellip;]<\/p>\n","protected":false},"featured_media":16717,"comment_status":"closed","ping_status":"closed","template":"","meta":{"_acf_changed":false,"_seopress_robots_primary_cat":"none","_seopress_titles_title":"Quick Change Hex Shank Flat Wood Drill Bit |  for Wood Drilling Hole","_seopress_titles_desc":"","_seopress_robots_index":"","site-sidebar-layout":"default","site-content-layout":"default","ast-site-content-layout":"default","site-content-style":"default","site-sidebar-style":"default","ast-global-header-display":"","ast-banner-title-visibility":"","ast-main-header-display":"","ast-hfb-above-header-display":"","ast-hfb-below-header-display":"","ast-hfb-mobile-header-display":"","site-post-title":"","ast-breadcrumbs-content":"","ast-featured-img":"","footer-sml-layout":"","ast-disable-related-posts":"","theme-transparent-header-meta":"default","adv-header-id-meta":"","stick-header-meta":"","header-above-stick-meta":"","header-main-stick-meta":"","header-below-stick-meta":"","astra-migrate-meta-layouts":"default","ast-page-background-enabled":"default","ast-page-background-meta":{"desktop":{"background-color":"","background-image":"","background-repeat":"repeat","background-position":"center center","background-size":"auto","background-attachment":"scroll","background-type":"","background-media":"","overlay-type":"","overlay-color":"","overlay-opacity":"","overlay-gradient":""},"tablet":{"background-color":"","background-image":"","background-repeat":"repeat","background-position":"center center","background-size":"auto","background-attachment":"scroll","background-type":"","background-media":"","overlay-type":"","overlay-color":"","overlay-opacity":"","overlay-gradient":""},"mobile":{"background-color":"","background-image":"","background-repeat":"repeat","background-position":"center center","background-size":"auto","background-attachment":"scroll","background-type":"","background-media":"","overlay-type":"","overlay-color":"","overlay-opacity":"","overlay-gradient":""}},"ast-content-background-meta":{"desktop":{"background-color":"var(--ast-global-color-5)","background-image":"","background-repeat":"repeat","background-position":"center center","background-size":"auto","background-attachment":"scroll","background-type":"","background-media":"","overlay-type":"","overlay-color":"","overlay-opacity":"","overlay-gradient":""},"tablet":{"background-color":"var(--ast-global-color-5)","background-image":"","background-repeat":"repeat","background-position":"center center","background-size":"auto","background-attachment":"scroll","background-type":"","background-media":"","overlay-type":"","overlay-color":"","overlay-opacity":"","overlay-gradient":""},"mobile":{"background-color":"var(--ast-global-color-5)","background-image":"","background-repeat":"repeat","background-position":"center center","background-size":"auto","background-attachment":"scroll","background-type":"","background-media":"","overlay-type":"","overlay-color":"","overlay-opacity":"","overlay-gradient":""}}},"product_brand":[],"product_cat":[34],"product_tag":[],"class_list":{"0":"post-16715","1":"product","2":"type-product","3":"status-publish","4":"has-post-thumbnail","6":"product_cat-wood-spade-paddle-drill-bit","7":"desktop-align-left","8":"tablet-align-left","9":"mobile-align-left","11":"first","12":"instock","13":"shipping-taxable","14":"product-type-simple"},"acf":[],"_links":{"self":[{"href":"https:\/\/www.tenyutool.com\/tr\/wp-json\/wp\/v2\/product\/16715","targetHints":{"allow":["GET"]}}],"collection":[{"href":"https:\/\/www.tenyutool.com\/tr\/wp-json\/wp\/v2\/product"}],"about":[{"href":"https:\/\/www.tenyutool.com\/tr\/wp-json\/wp\/v2\/types\/product"}],"replies":[{"embeddable":true,"href":"https:\/\/www.tenyutool.com\/tr\/wp-json\/wp\/v2\/comments?post=16715"}],"wp:featuredmedia":[{"embeddable":true,"href":"https:\/\/www.tenyutool.com\/tr\/wp-json\/wp\/v2\/media\/16717"}],"wp:attachment":[{"href":"https:\/\/www.tenyutool.com\/tr\/wp-json\/wp\/v2\/media?parent=16715"}],"wp:term":[{"taxonomy":"product_brand","embeddable":true,"href":"https:\/\/www.tenyutool.com\/tr\/wp-json\/wp\/v2\/product_brand?post=16715"},{"taxonomy":"product_cat","embeddable":true,"href":"https:\/\/www.tenyutool.com\/tr\/wp-json\/wp\/v2\/product_cat?post=16715"},{"taxonomy":"product_tag","embeddable":true,"href":"https:\/\/www.tenyutool.com\/tr\/wp-json\/wp\/v2\/product_tag?post=16715"}],"curies":[{"name":"wp","href":"https:\/\/api.w.org\/{rel}","templated":true}]}}