{"id":16721,"date":"2022-12-20T08:53:01","date_gmt":"2022-12-20T08:53:01","guid":{"rendered":"https:\/\/www.tenyutool.com\/?post_type=product&#038;p=16721"},"modified":"2022-12-20T08:53:01","modified_gmt":"2022-12-20T08:53:01","slug":"hizli-degistirilen-altigen-sapli-uc-noktali-duz-ahsap-kurek-matkap-ucu-kesme-yivli-ahsap-icin-hizli-ve-temiz-delme","status":"publish","type":"product","link":"https:\/\/www.tenyutool.com\/tr\/product\/quick-change-hex-shank-tri-point-flat-wood-spade-drill-bit-with-cutting-groove-for-wood-fast-and-clean-drilling\/","title":{"rendered":"H\u0131zl\u0131 De\u011fi\u015fim Hex Shank \u00dc\u00e7 Noktal\u0131 D\u00fcz Ah\u015fap Ma\u00e7a Matkap Ucu, Ah\u015fap \u0130\u00e7in Kesme Yivli H\u0131zl\u0131 ve Temiz Delme"},"content":{"rendered":"<p>\u00d6zellikler:<\/p>\n<ul>\n<li>Y\u00fcksek karbonlu \u00e7elikten yap\u0131lm\u0131\u015f, koruma i\u00e7in \u0131s\u0131l i\u015flem g\u00f6rm\u00fc\u015f sap.<\/li>\n<li data-spm-anchor-id=\"a2700.pc-decorate.0.i14.50ca33330i6BKI\">D\u00fcz k\u00fcrek tasar\u0131m\u0131, keskin bir kesme kenar\u0131na sahiptir, deli\u011fin p\u00fcr\u00fczs\u00fcz bir \u015fekilde temizlenmesini sa\u011flar.<\/li>\n<li data-spm-anchor-id=\"a2700.pc-decorate.0.i16.50ca33330i6BKI\">Uzun \u00f6m\u00fcr ve y\u00fcksek a\u015f\u0131nma direnci sa\u011flay\u0131n.<\/li>\n<li data-spm-anchor-id=\"a2700.pc-decorate.0.i13.50ca33330i6BKI\">Verimli ve p\u00fcr\u00fczs\u00fcz tala\u015f kald\u0131rma i\u00e7in, standart ma\u00e7a u\u00e7lar\u0131ndan daha h\u0131zl\u0131.<\/li>\n<li data-spm-anchor-id=\"a2700.pc-decorate.0.i15.50ca33330i6BKI\">\u00c7o\u011fu ah\u015fap t\u00fcr\u00fcnde ve ayr\u0131ca al\u00fcminyum gibi plastik ve yumu\u015fak metallerde do\u011fru delmeye izin verir.\n<figure id=\"attachment_16776\" aria-describedby=\"caption-attachment-16776\" style=\"width: 800px\" class=\"wp-caption alignnone\"><img fetchpriority=\"high\" decoding=\"async\" class=\"size-full wp-image-16776\" src=\"https:\/\/www.tenyutool.com\/wp-content\/uploads\/2022\/12\/H683f23de26264f9e85b803458f2826c2a.jpg\" alt=\"ah\u015fap i\u00e7in kesme yivli h\u0131zl\u0131 de\u011fi\u015fen alt\u0131gen sapl\u0131 \u00fc\u00e7 noktal\u0131 d\u00fcz ah\u015fap ma\u00e7a matkap ucu h\u0131zl\u0131 ve temiz delme\" width=\"800\" height=\"800\" srcset=\"https:\/\/www.tenyutool.com\/wp-content\/uploads\/2022\/12\/H683f23de26264f9e85b803458f2826c2a.jpg 800w, https:\/\/www.tenyutool.com\/wp-content\/uploads\/2022\/12\/H683f23de26264f9e85b803458f2826c2a-150x150.jpg 150w, https:\/\/www.tenyutool.com\/wp-content\/uploads\/2022\/12\/H683f23de26264f9e85b803458f2826c2a-768x768.jpg 768w, https:\/\/www.tenyutool.com\/wp-content\/uploads\/2022\/12\/H683f23de26264f9e85b803458f2826c2a-12x12.jpg 12w, https:\/\/www.tenyutool.com\/wp-content\/uploads\/2022\/12\/H683f23de26264f9e85b803458f2826c2a-300x300.jpg 300w, https:\/\/www.tenyutool.com\/wp-content\/uploads\/2022\/12\/H683f23de26264f9e85b803458f2826c2a-600x600.jpg 600w, https:\/\/www.tenyutool.com\/wp-content\/uploads\/2022\/12\/H683f23de26264f9e85b803458f2826c2a-100x100.jpg 100w\" sizes=\"(max-width: 800px) 100vw, 800px\" \/><figcaption id=\"caption-attachment-16776\" class=\"wp-caption-text\">ah\u015fap i\u00e7in kesme yivli h\u0131zl\u0131 de\u011fi\u015fen alt\u0131gen sapl\u0131 \u00fc\u00e7 noktal\u0131 d\u00fcz ah\u015fap ma\u00e7a matkap ucu h\u0131zl\u0131 ve temiz delme<\/figcaption><\/figure>\n<table width=\"794\">\n<tbody>\n<tr>\n<td colspan=\"6\" width=\"794\">\u00dcr\u00fcn A\u00e7\u0131klamas\u0131<\/td>\n<\/tr>\n<tr>\n<td colspan=\"6\">Sizin \u0130\u00e7in Daha Fazla Se\u00e7enek\uff1aAna Sayfa &gt; Ah\u015fap Matkap Ucu &gt; Ah\u015fap K\u00fcrek Ucu<\/td>\n<\/tr>\n<tr>\n<td>\u00dcr\u00fcn ad\u0131<\/td>\n<td colspan=\"5\" width=\"572\">H\u0131zl\u0131 De\u011fi\u015fim Hex Shank \u00dc\u00e7 Noktal\u0131 D\u00fcz Ah\u015fap Ma\u00e7a Matkap Ucu, Ah\u015fap \u0130\u00e7in Kesme Yivli H\u0131zl\u0131 ve Temiz Delme<\/td>\n<\/tr>\n<tr>\n<td>Malzeme<\/td>\n<td colspan=\"5\" width=\"572\">Is\u0131l \u0130\u015flem G\u00f6rm\u00fc\u015f Y\u00fcksek Karbonlu \u00c7elik<\/td>\n<\/tr>\n<tr>\n<td>\u015eaft Tipi<\/td>\n<td colspan=\"5\">H\u0131zl\u0131 De\u011fi\u015ftirilebilir Alt\u0131gen \u015eaft (Alt\u0131gen \u015eaft\u0131m\u0131z da Var)<\/td>\n<\/tr>\n<tr>\n<td>Ba\u015f Ucu<\/td>\n<td colspan=\"5\" width=\"572\">\u00a0Kesme Yivli \u00dc\u00e7 Nokta (Merkez Noktam\u0131z ve \u00dc\u00e7 Noktam\u0131z da Var)<\/td>\n<\/tr>\n<tr>\n<td>Y\u00fczey<\/td>\n<td colspan=\"5\">Parlak (Siyah Oksit ve Titanyum Kaplamam\u0131z da Var)<\/td>\n<\/tr>\n<tr>\n<td>paket<\/td>\n<td colspan=\"5\" width=\"572\">Bir PVC Torbada Tek Par\u00e7a veya PVC Cilt Kart\u0131 veya Ka\u011f\u0131t Sandvi\u00e7 veya PVC \u00c7ift Blister<\/td>\n<\/tr>\n<\/tbody>\n<\/table>\n<\/li>\n<\/ul>","protected":false},"excerpt":{"rendered":"<p>Features: Made of high carbon steel, heat-treated shank for protection. The flat paddle design features a sharp cutting edge, ensures the hole smooth clean. Ensure longevity and high wear resistance. For efficient and smooth chip removal, faster than standard spade bits. Allows for accurate drilling to most types of wood, and also plastic and soft [&hellip;]<\/p>\n","protected":false},"featured_media":16776,"comment_status":"closed","ping_status":"closed","template":"","meta":{"_acf_changed":false,"_seopress_robots_primary_cat":"","_seopress_titles_title":"Hex Shank Tri-Point Flat Wood Spade Drill Bit | for Wood Fast and Clean Drilling","_seopress_titles_desc":"","_seopress_robots_index":"","site-sidebar-layout":"default","site-content-layout":"default","ast-site-content-layout":"default","site-content-style":"default","site-sidebar-style":"default","ast-global-header-display":"","ast-banner-title-visibility":"","ast-main-header-display":"","ast-hfb-above-header-display":"","ast-hfb-below-header-display":"","ast-hfb-mobile-header-display":"","site-post-title":"","ast-breadcrumbs-content":"","ast-featured-img":"","footer-sml-layout":"","ast-disable-related-posts":"","theme-transparent-header-meta":"default","adv-header-id-meta":"","stick-header-meta":"","header-above-stick-meta":"","header-main-stick-meta":"","header-below-stick-meta":"","astra-migrate-meta-layouts":"default","ast-page-background-enabled":"default","ast-page-background-meta":{"desktop":{"background-color":"","background-image":"","background-repeat":"repeat","background-position":"center center","background-size":"auto","background-attachment":"scroll","background-type":"","background-media":"","overlay-type":"","overlay-color":"","overlay-opacity":"","overlay-gradient":""},"tablet":{"background-color":"","background-image":"","background-repeat":"repeat","background-position":"center center","background-size":"auto","background-attachment":"scroll","background-type":"","background-media":"","overlay-type":"","overlay-color":"","overlay-opacity":"","overlay-gradient":""},"mobile":{"background-color":"","background-image":"","background-repeat":"repeat","background-position":"center center","background-size":"auto","background-attachment":"scroll","background-type":"","background-media":"","overlay-type":"","overlay-color":"","overlay-opacity":"","overlay-gradient":""}},"ast-content-background-meta":{"desktop":{"background-color":"var(--ast-global-color-5)","background-image":"","background-repeat":"repeat","background-position":"center center","background-size":"auto","background-attachment":"scroll","background-type":"","background-media":"","overlay-type":"","overlay-color":"","overlay-opacity":"","overlay-gradient":""},"tablet":{"background-color":"var(--ast-global-color-5)","background-image":"","background-repeat":"repeat","background-position":"center center","background-size":"auto","background-attachment":"scroll","background-type":"","background-media":"","overlay-type":"","overlay-color":"","overlay-opacity":"","overlay-gradient":""},"mobile":{"background-color":"var(--ast-global-color-5)","background-image":"","background-repeat":"repeat","background-position":"center center","background-size":"auto","background-attachment":"scroll","background-type":"","background-media":"","overlay-type":"","overlay-color":"","overlay-opacity":"","overlay-gradient":""}}},"product_brand":[],"product_cat":[34],"product_tag":[],"class_list":{"0":"post-16721","1":"product","2":"type-product","3":"status-publish","4":"has-post-thumbnail","6":"product_cat-wood-spade-paddle-drill-bit","7":"desktop-align-left","8":"tablet-align-left","9":"mobile-align-left","11":"first","12":"instock","13":"shipping-taxable","14":"product-type-simple"},"acf":[],"_links":{"self":[{"href":"https:\/\/www.tenyutool.com\/tr\/wp-json\/wp\/v2\/product\/16721","targetHints":{"allow":["GET"]}}],"collection":[{"href":"https:\/\/www.tenyutool.com\/tr\/wp-json\/wp\/v2\/product"}],"about":[{"href":"https:\/\/www.tenyutool.com\/tr\/wp-json\/wp\/v2\/types\/product"}],"replies":[{"embeddable":true,"href":"https:\/\/www.tenyutool.com\/tr\/wp-json\/wp\/v2\/comments?post=16721"}],"wp:featuredmedia":[{"embeddable":true,"href":"https:\/\/www.tenyutool.com\/tr\/wp-json\/wp\/v2\/media\/16776"}],"wp:attachment":[{"href":"https:\/\/www.tenyutool.com\/tr\/wp-json\/wp\/v2\/media?parent=16721"}],"wp:term":[{"taxonomy":"product_brand","embeddable":true,"href":"https:\/\/www.tenyutool.com\/tr\/wp-json\/wp\/v2\/product_brand?post=16721"},{"taxonomy":"product_cat","embeddable":true,"href":"https:\/\/www.tenyutool.com\/tr\/wp-json\/wp\/v2\/product_cat?post=16721"},{"taxonomy":"product_tag","embeddable":true,"href":"https:\/\/www.tenyutool.com\/tr\/wp-json\/wp\/v2\/product_tag?post=16721"}],"curies":[{"name":"wp","href":"https:\/\/api.w.org\/{rel}","templated":true}]}}