{"id":16778,"date":"2022-12-27T06:23:55","date_gmt":"2022-12-27T06:23:55","guid":{"rendered":"https:\/\/www.tenyutool.com\/?post_type=product&#038;p=16778"},"modified":"2022-12-27T06:23:55","modified_gmt":"2022-12-27T06:23:55","slug":"granit-mermer-tas-icin-4-inclik-super-esnek-3-adimli-elmas-islak-ve-kuru-cilalama-pedleri","status":"publish","type":"product","link":"https:\/\/www.tenyutool.com\/tr\/product\/4-inch-super-flexible-3-step-diamond-wet-and-dry-polishing-pads-for-granite-marble-stone\/","title":{"rendered":"Granit Mermer Ta\u015f i\u00e7in 4 \u0130n\u00e7 S\u00fcper Esnek 3 Ad\u0131ml\u0131 Elmas Islak ve Kuru Parlatma Pedleri"},"content":{"rendered":"<p>\u00d6zellikler:<\/p>\n<ul>\n<li>\u00a0Ultra Esnek.<\/li>\n<li>Daha derin bir parlakl\u0131k ve 1-3 ad\u0131mlar\u0131n\u0131n \u00f6mr\u00fcn\u00fc uzatmak i\u00e7in iste\u011fe ba\u011fl\u0131 bir s\u0131f\u0131r konumu ile.<\/li>\n<li>Islak veya Kuru kullan\u0131n, \u0131slak kullan\u0131ld\u0131\u011f\u0131nda en iyi sonucu verir.<\/li>\n<li>Granit, Kuvars, Ta\u015f Parlatmada iyi \u00e7al\u0131\u015f\u0131r.<\/li>\n<li>Y\u00fcksek s\u0131cakl\u0131k dayan\u0131m\u0131 (500 derece) ile tasarlanan ta\u015f\u0131n\u0131z\u0131 yakmaz, \u0131slak veya kuru cilalaman\u0131za olanak tan\u0131r.\n<figure id=\"attachment_16780\" aria-describedby=\"caption-attachment-16780\" style=\"width: 800px\" class=\"wp-caption alignnone\"><img fetchpriority=\"high\" decoding=\"async\" class=\"size-full wp-image-16780\" src=\"https:\/\/www.tenyutool.com\/wp-content\/uploads\/2022\/12\/Hbfe341d338c54a0db8b97265236f8d4ai.webp.jpg\" alt=\"4 in\u00e7 s\u00fcper esnek 3 ad\u0131m elmas granit mermer ta\u015f i\u00e7in \u0131slak ve kuru parlatma pedleri\" width=\"800\" height=\"800\" srcset=\"https:\/\/www.tenyutool.com\/wp-content\/uploads\/2022\/12\/Hbfe341d338c54a0db8b97265236f8d4ai.webp.jpg 800w, https:\/\/www.tenyutool.com\/wp-content\/uploads\/2022\/12\/Hbfe341d338c54a0db8b97265236f8d4ai.webp-150x150.jpg 150w, https:\/\/www.tenyutool.com\/wp-content\/uploads\/2022\/12\/Hbfe341d338c54a0db8b97265236f8d4ai.webp-768x768.jpg 768w, https:\/\/www.tenyutool.com\/wp-content\/uploads\/2022\/12\/Hbfe341d338c54a0db8b97265236f8d4ai.webp-12x12.jpg 12w, https:\/\/www.tenyutool.com\/wp-content\/uploads\/2022\/12\/Hbfe341d338c54a0db8b97265236f8d4ai.webp-300x300.jpg 300w, https:\/\/www.tenyutool.com\/wp-content\/uploads\/2022\/12\/Hbfe341d338c54a0db8b97265236f8d4ai.webp-600x600.jpg 600w, https:\/\/www.tenyutool.com\/wp-content\/uploads\/2022\/12\/Hbfe341d338c54a0db8b97265236f8d4ai.webp-100x100.jpg 100w\" sizes=\"(max-width: 800px) 100vw, 800px\" \/><figcaption id=\"caption-attachment-16780\" class=\"wp-caption-text\">4 in\u00e7 s\u00fcper esnek 3 ad\u0131m elmas granit mermer ta\u015f i\u00e7in \u0131slak ve kuru parlatma pedleri<\/figcaption><\/figure>\n<table style=\"border-collapse: collapse; width: 595.52pt;\" border=\"0\" width=\"794\" cellspacing=\"0\" cellpadding=\"0\">\n<tbody>\n<tr style=\"height: 35.00pt;\">\n<td class=\"et2\" style=\"height: 35.00pt; width: 595.50pt;\" colspan=\"6\" width=\"794\" height=\"46\">\u00dcr\u00fcn A\u00e7\u0131klamas\u0131<\/td>\n<\/tr>\n<tr style=\"height: 35.00pt;\">\n<td class=\"et3\" style=\"height: 35.00pt;\" colspan=\"6\" height=\"46\">Sizin \u0130\u00e7in Daha Fazla Se\u00e7enek<span class=\"font0\">\uff1a <\/span><span class=\"font5\"><a href=\"https:\/\/www.tenyutool.com\/tr\/\">Ev<\/a> &gt; Parlatma Pedleri<\/span><\/td>\n<\/tr>\n<tr style=\"height: 35.00pt;\">\n<td class=\"et4\" style=\"height: 35.00pt;\" height=\"46\">\u00dcr\u00fcn ad\u0131<\/td>\n<td class=\"et5\" style=\"width: 429.00pt;\" colspan=\"5\" width=\"572\">Granit Mermer Ta\u015f i\u00e7in 4 \u0130n\u00e7 S\u00fcper Esnek 3 Ad\u0131ml\u0131 Elmas Islak ve Kuru Parlatma Pedleri<\/td>\n<\/tr>\n<tr style=\"height: 35.00pt;\">\n<td class=\"et4\" style=\"height: 35.00pt;\" height=\"46\">Malzeme<\/td>\n<td class=\"et5\" style=\"width: 429.00pt;\" colspan=\"5\" width=\"572\">4 \u0130n\u00e7 100mm<\/td>\n<\/tr>\n<tr style=\"height: 35.00pt;\">\n<td class=\"et7\" style=\"height: 35.00pt;\" height=\"46\">H\u0131z<\/td>\n<td class=\"et6\" colspan=\"5\">Elmas ve Re\u00e7ine<\/td>\n<\/tr>\n<tr style=\"height: 35.00pt;\">\n<td class=\"et8\" style=\"height: 35.00pt;\" height=\"46\">Renk<\/td>\n<td class=\"et5\" style=\"width: 429.00pt;\" colspan=\"5\" width=\"572\">Mavi Sar\u0131 Turuncu<\/td>\n<\/tr>\n<tr style=\"height: 35.00pt;\">\n<td class=\"et8\" style=\"height: 35.00pt;\" height=\"46\">Kullan\u0131m<\/td>\n<td class=\"et6\" colspan=\"5\">Mermer Beton Ta\u015f Kesme<\/td>\n<\/tr>\n<tr style=\"height: 35.00pt;\">\n<td class=\"et8\" style=\"height: 35.00pt;\" height=\"46\">paket<\/td>\n<td class=\"et5\" style=\"width: 429.00pt;\" colspan=\"5\" width=\"572\">Bir shrink torbada 10 adet<\/td>\n<\/tr>\n<\/tbody>\n<\/table>\n<\/li>\n<\/ul>","protected":false},"excerpt":{"rendered":"<p>Features: \u00a0Ultra Flexible. With an optional position zero for a deeper shine and to extend life of steps 1-3. Use Wet or Dry, best results when used wet. Works good on Granite, Quartz, Stones Polishing. Designed with a high temperature resistance (500 degrees) will not burn your stone allowing you to polish wet or dry. [&hellip;]<\/p>\n","protected":false},"featured_media":16780,"comment_status":"closed","ping_status":"closed","template":"","meta":{"_acf_changed":false,"_seopress_robots_primary_cat":"","_seopress_titles_title":"Diamond Wet and Dry Polishing Pads | for Granite Marble Stone","_seopress_titles_desc":"","_seopress_robots_index":"","site-sidebar-layout":"default","site-content-layout":"default","ast-site-content-layout":"default","site-content-style":"default","site-sidebar-style":"default","ast-global-header-display":"","ast-banner-title-visibility":"","ast-main-header-display":"","ast-hfb-above-header-display":"","ast-hfb-below-header-display":"","ast-hfb-mobile-header-display":"","site-post-title":"","ast-breadcrumbs-content":"","ast-featured-img":"","footer-sml-layout":"","ast-disable-related-posts":"","theme-transparent-header-meta":"default","adv-header-id-meta":"","stick-header-meta":"","header-above-stick-meta":"","header-main-stick-meta":"","header-below-stick-meta":"","astra-migrate-meta-layouts":"default","ast-page-background-enabled":"default","ast-page-background-meta":{"desktop":{"background-color":"","background-image":"","background-repeat":"repeat","background-position":"center center","background-size":"auto","background-attachment":"scroll","background-type":"","background-media":"","overlay-type":"","overlay-color":"","overlay-opacity":"","overlay-gradient":""},"tablet":{"background-color":"","background-image":"","background-repeat":"repeat","background-position":"center center","background-size":"auto","background-attachment":"scroll","background-type":"","background-media":"","overlay-type":"","overlay-color":"","overlay-opacity":"","overlay-gradient":""},"mobile":{"background-color":"","background-image":"","background-repeat":"repeat","background-position":"center center","background-size":"auto","background-attachment":"scroll","background-type":"","background-media":"","overlay-type":"","overlay-color":"","overlay-opacity":"","overlay-gradient":""}},"ast-content-background-meta":{"desktop":{"background-color":"var(--ast-global-color-5)","background-image":"","background-repeat":"repeat","background-position":"center center","background-size":"auto","background-attachment":"scroll","background-type":"","background-media":"","overlay-type":"","overlay-color":"","overlay-opacity":"","overlay-gradient":""},"tablet":{"background-color":"var(--ast-global-color-5)","background-image":"","background-repeat":"repeat","background-position":"center center","background-size":"auto","background-attachment":"scroll","background-type":"","background-media":"","overlay-type":"","overlay-color":"","overlay-opacity":"","overlay-gradient":""},"mobile":{"background-color":"var(--ast-global-color-5)","background-image":"","background-repeat":"repeat","background-position":"center center","background-size":"auto","background-attachment":"scroll","background-type":"","background-media":"","overlay-type":"","overlay-color":"","overlay-opacity":"","overlay-gradient":""}}},"product_brand":[],"product_cat":[35],"product_tag":[],"class_list":{"0":"post-16778","1":"product","2":"type-product","3":"status-publish","4":"has-post-thumbnail","6":"product_cat-polishing-tools","7":"desktop-align-left","8":"tablet-align-left","9":"mobile-align-left","11":"first","12":"instock","13":"shipping-taxable","14":"product-type-simple"},"acf":[],"_links":{"self":[{"href":"https:\/\/www.tenyutool.com\/tr\/wp-json\/wp\/v2\/product\/16778","targetHints":{"allow":["GET"]}}],"collection":[{"href":"https:\/\/www.tenyutool.com\/tr\/wp-json\/wp\/v2\/product"}],"about":[{"href":"https:\/\/www.tenyutool.com\/tr\/wp-json\/wp\/v2\/types\/product"}],"replies":[{"embeddable":true,"href":"https:\/\/www.tenyutool.com\/tr\/wp-json\/wp\/v2\/comments?post=16778"}],"wp:featuredmedia":[{"embeddable":true,"href":"https:\/\/www.tenyutool.com\/tr\/wp-json\/wp\/v2\/media\/16780"}],"wp:attachment":[{"href":"https:\/\/www.tenyutool.com\/tr\/wp-json\/wp\/v2\/media?parent=16778"}],"wp:term":[{"taxonomy":"product_brand","embeddable":true,"href":"https:\/\/www.tenyutool.com\/tr\/wp-json\/wp\/v2\/product_brand?post=16778"},{"taxonomy":"product_cat","embeddable":true,"href":"https:\/\/www.tenyutool.com\/tr\/wp-json\/wp\/v2\/product_cat?post=16778"},{"taxonomy":"product_tag","embeddable":true,"href":"https:\/\/www.tenyutool.com\/tr\/wp-json\/wp\/v2\/product_tag?post=16778"}],"curies":[{"name":"wp","href":"https:\/\/api.w.org\/{rel}","templated":true}]}}