{"id":16799,"date":"2022-12-28T06:25:43","date_gmt":"2022-12-28T06:25:43","guid":{"rendered":"https:\/\/www.tenyutool.com\/?post_type=product&#038;p=16799"},"modified":"2022-12-28T06:25:44","modified_gmt":"2022-12-28T06:25:44","slug":"cok-islevli-246-adet-matkap-ve-bit-araclari-donanim-kombinasyonu-matkap-bit-lokma-set-ahsap-hss-merkez-zimba-tornavida","status":"publish","type":"product","link":"https:\/\/www.tenyutool.com\/tr\/product\/multi-function-246-pcs-drill-and-bit-tools-hardware-combination-drill-bits-socket-set-wood-hss-center-punch-screwdriver\/","title":{"rendered":"\u00c7ok fonksiyonlu 246 adet Matkap ve Bit Aletleri Donan\u0131m Kombinasyonu Matkap U\u00e7lar\u0131 Lokma Seti Ah\u015fap Hss Merkezi Punch Tornavida"},"content":{"rendered":"<p>\u00d6zellikler:<\/p>\n<ul>\n<li data-spm-anchor-id=\"0.0.0.i140.2dea4f05jD1M0Y\">\u00a0Tam set 87 X HSS helezon matkap, 22 X ah\u015fap matkap ucu, 21 X duvar matkap ucu, 4 X matkap durdurucu, 66 X 1 matkap ucu, 30 X 2 matkap ucu, 6 X somun anahtar\u0131, 2 X alt\u0131gen anahtar, 1 X hav\u015fa, 4 X delik testeresi, 1 X mil adapt\u00f6r\u00fc, 1 X \u00e7ivi z\u0131mbas\u0131 ve 1 X u\u00e7 tutucu.<\/li>\n<li data-spm-anchor-id=\"0.0.0.i140.2dea4f05jD1M0Y\">\u00a0Duvarda, ah\u015fapta, metalde ve plastikte delik delme ve \u00e7oklu vidalama ve sabitleme uygulamalar\u0131 i\u00e7in uygundur.<\/li>\n<li data-spm-anchor-id=\"0.0.0.i140.2dea4f05jD1M0Y\">\u00a0Deforme olmadan defalarca kullan\u0131labilir.<\/li>\n<li data-spm-anchor-id=\"0.0.0.i140.2dea4f05jD1M0Y\">\u00a0T\u00fcm bile\u015fenleri d\u00fczenli ve saklamaya uygun tutmak i\u00e7in tasarlanm\u0131\u015ft\u0131r.<\/li>\n<li data-spm-anchor-id=\"0.0.0.i140.2dea4f05jD1M0Y\">\u00a0Geni\u015f bir u\u00e7 boyutu yelpazesiyle ve bir sonraki ev tadilat\u0131n\u0131zda veya kendin yap projenizde profesyonel sonu\u00e7lar alman\u0131za yard\u0131mc\u0131 olacak en temel matkap u\u00e7lar\u0131, vidalar, hav\u015fa a\u00e7ma ve daha fazlas\u0131n\u0131 i\u00e7erir.<\/li>\n<\/ul>\n<figure id=\"attachment_16801\" aria-describedby=\"caption-attachment-16801\" style=\"width: 800px\" class=\"wp-caption alignnone\"><img fetchpriority=\"high\" decoding=\"async\" class=\"size-full wp-image-16801\" src=\"https:\/\/www.tenyutool.com\/wp-content\/uploads\/2022\/12\/H4904a5ad7ac94753af5c62522875ec4cy.webp.jpg\" alt=\"\u00e7ok fonksiyonlu 246 adet matkap ve bit ara\u00e7lar\u0131 donan\u0131m kombinasyonu matkap u\u00e7lar\u0131 lokma seti ah\u015fap hss merkez z\u0131mba tornavida\" width=\"800\" height=\"800\" srcset=\"https:\/\/www.tenyutool.com\/wp-content\/uploads\/2022\/12\/H4904a5ad7ac94753af5c62522875ec4cy.webp.jpg 800w, https:\/\/www.tenyutool.com\/wp-content\/uploads\/2022\/12\/H4904a5ad7ac94753af5c62522875ec4cy.webp-150x150.jpg 150w, https:\/\/www.tenyutool.com\/wp-content\/uploads\/2022\/12\/H4904a5ad7ac94753af5c62522875ec4cy.webp-768x768.jpg 768w, https:\/\/www.tenyutool.com\/wp-content\/uploads\/2022\/12\/H4904a5ad7ac94753af5c62522875ec4cy.webp-12x12.jpg 12w, https:\/\/www.tenyutool.com\/wp-content\/uploads\/2022\/12\/H4904a5ad7ac94753af5c62522875ec4cy.webp-300x300.jpg 300w, https:\/\/www.tenyutool.com\/wp-content\/uploads\/2022\/12\/H4904a5ad7ac94753af5c62522875ec4cy.webp-600x600.jpg 600w, https:\/\/www.tenyutool.com\/wp-content\/uploads\/2022\/12\/H4904a5ad7ac94753af5c62522875ec4cy.webp-100x100.jpg 100w\" sizes=\"(max-width: 800px) 100vw, 800px\" \/><figcaption id=\"caption-attachment-16801\" class=\"wp-caption-text\">\u00e7ok fonksiyonlu 246 adet matkap ve bit ara\u00e7lar\u0131 donan\u0131m kombinasyonu matkap u\u00e7lar\u0131 lokma seti ah\u015fap hss merkez z\u0131mba tornavida<\/figcaption><\/figure>\n<table width=\"794\">\n<tbody>\n<tr>\n<td colspan=\"6\" width=\"794\">\u00dcr\u00fcn A\u00e7\u0131klamas\u0131<\/td>\n<\/tr>\n<tr>\n<td colspan=\"6\">Sizin \u0130\u00e7in Daha Fazla Se\u00e7enek: <a href=\"https:\/\/www.tenyutool.com\/tr\/\">Ev<\/a> &gt; HSS Matkap Ucu &gt; Matkap Ucu Seti<\/td>\n<\/tr>\n<tr>\n<td>\u00dcr\u00fcn ad\u0131<\/td>\n<td colspan=\"5\" width=\"572\">\u00c7ok fonksiyonlu 246 adet Matkap ve Bit Aletleri Donan\u0131m Kombinasyonu Matkap U\u00e7lar\u0131 Lokma Seti Ah\u015fap Hss Merkezi Punch Tornavida<\/td>\n<\/tr>\n<tr>\n<td>Malzeme<\/td>\n<td colspan=\"5\" width=\"572\">\u00a0HSS 4241\/4341\/M2(HSS6542)\/M35\/M42\/Y\u00fcksek Karbonlu \u00c7elik<\/td>\n<\/tr>\n<tr>\n<td>Y\u00fczey<\/td>\n<td colspan=\"5\">TiN kapl\u0131\/Opsiyonel Parlak y\u00fczey\/Nitr\u00fcrlenmi\u015f\/Parlak\/Kobalt\/Siyah Oksit<\/td>\n<\/tr>\n<tr>\n<td>\u015eaft Tipi<\/td>\n<td colspan=\"5\" width=\"572\">Yuvarlak \u015eaft, Alt\u0131gen \u015eaft, SDS \u015eaft<\/td>\n<\/tr>\n<tr>\n<td>Kullan\u0131m<\/td>\n<td colspan=\"5\">Metal i\u00e7in Paslanmaz \u00c7elik Ah\u015fap Ta\u015f Duvar Sondaj\u0131<\/td>\n<\/tr>\n<tr>\n<td>paket<\/td>\n<td colspan=\"5\" width=\"572\">\u00a0 Bir Plastik\/Metal Kutuda 256 adet<\/td>\n<\/tr>\n<\/tbody>\n<\/table>","protected":false},"excerpt":{"rendered":"<p>Features: \u00a0The full set includes 87 X HSS twist drills, 22 X wood drill bits, 21 X masonry drill bits, 4 X drill stops, 66 X 1 drill bits, 30 X 2 drill bits, 6 X nut drivers, 2 X hex keys, 1 X countersink, 4 X hole saws, 1 X arbor adaptor, 1 X [&hellip;]<\/p>\n","protected":false},"featured_media":16801,"comment_status":"closed","ping_status":"closed","template":"","meta":{"_acf_changed":false,"_seopress_robots_primary_cat":"","_seopress_titles_title":"Multi-function 246 pcs Drill and Bit Tools | Hardware Combination Drill Bits","_seopress_titles_desc":"","_seopress_robots_index":"","site-sidebar-layout":"default","site-content-layout":"default","ast-site-content-layout":"default","site-content-style":"default","site-sidebar-style":"default","ast-global-header-display":"","ast-banner-title-visibility":"","ast-main-header-display":"","ast-hfb-above-header-display":"","ast-hfb-below-header-display":"","ast-hfb-mobile-header-display":"","site-post-title":"","ast-breadcrumbs-content":"","ast-featured-img":"","footer-sml-layout":"","ast-disable-related-posts":"","theme-transparent-header-meta":"default","adv-header-id-meta":"","stick-header-meta":"","header-above-stick-meta":"","header-main-stick-meta":"","header-below-stick-meta":"","astra-migrate-meta-layouts":"default","ast-page-background-enabled":"default","ast-page-background-meta":{"desktop":{"background-color":"","background-image":"","background-repeat":"repeat","background-position":"center center","background-size":"auto","background-attachment":"scroll","background-type":"","background-media":"","overlay-type":"","overlay-color":"","overlay-opacity":"","overlay-gradient":""},"tablet":{"background-color":"","background-image":"","background-repeat":"repeat","background-position":"center center","background-size":"auto","background-attachment":"scroll","background-type":"","background-media":"","overlay-type":"","overlay-color":"","overlay-opacity":"","overlay-gradient":""},"mobile":{"background-color":"","background-image":"","background-repeat":"repeat","background-position":"center center","background-size":"auto","background-attachment":"scroll","background-type":"","background-media":"","overlay-type":"","overlay-color":"","overlay-opacity":"","overlay-gradient":""}},"ast-content-background-meta":{"desktop":{"background-color":"var(--ast-global-color-5)","background-image":"","background-repeat":"repeat","background-position":"center center","background-size":"auto","background-attachment":"scroll","background-type":"","background-media":"","overlay-type":"","overlay-color":"","overlay-opacity":"","overlay-gradient":""},"tablet":{"background-color":"var(--ast-global-color-5)","background-image":"","background-repeat":"repeat","background-position":"center center","background-size":"auto","background-attachment":"scroll","background-type":"","background-media":"","overlay-type":"","overlay-color":"","overlay-opacity":"","overlay-gradient":""},"mobile":{"background-color":"var(--ast-global-color-5)","background-image":"","background-repeat":"repeat","background-position":"center center","background-size":"auto","background-attachment":"scroll","background-type":"","background-media":"","overlay-type":"","overlay-color":"","overlay-opacity":"","overlay-gradient":""}}},"product_brand":[],"product_cat":[22],"product_tag":[],"class_list":{"0":"post-16799","1":"product","2":"type-product","3":"status-publish","4":"has-post-thumbnail","6":"product_cat-drillbits","7":"desktop-align-left","8":"tablet-align-left","9":"mobile-align-left","11":"first","12":"instock","13":"shipping-taxable","14":"product-type-simple"},"acf":[],"_links":{"self":[{"href":"https:\/\/www.tenyutool.com\/tr\/wp-json\/wp\/v2\/product\/16799","targetHints":{"allow":["GET"]}}],"collection":[{"href":"https:\/\/www.tenyutool.com\/tr\/wp-json\/wp\/v2\/product"}],"about":[{"href":"https:\/\/www.tenyutool.com\/tr\/wp-json\/wp\/v2\/types\/product"}],"replies":[{"embeddable":true,"href":"https:\/\/www.tenyutool.com\/tr\/wp-json\/wp\/v2\/comments?post=16799"}],"wp:featuredmedia":[{"embeddable":true,"href":"https:\/\/www.tenyutool.com\/tr\/wp-json\/wp\/v2\/media\/16801"}],"wp:attachment":[{"href":"https:\/\/www.tenyutool.com\/tr\/wp-json\/wp\/v2\/media?parent=16799"}],"wp:term":[{"taxonomy":"product_brand","embeddable":true,"href":"https:\/\/www.tenyutool.com\/tr\/wp-json\/wp\/v2\/product_brand?post=16799"},{"taxonomy":"product_cat","embeddable":true,"href":"https:\/\/www.tenyutool.com\/tr\/wp-json\/wp\/v2\/product_cat?post=16799"},{"taxonomy":"product_tag","embeddable":true,"href":"https:\/\/www.tenyutool.com\/tr\/wp-json\/wp\/v2\/product_tag?post=16799"}],"curies":[{"name":"wp","href":"https:\/\/api.w.org\/{rel}","templated":true}]}}