{"id":16803,"date":"2022-12-28T06:43:12","date_gmt":"2022-12-28T06:43:12","guid":{"rendered":"https:\/\/www.tenyutool.com\/?post_type=product&#038;p=16803"},"modified":"2022-12-28T06:43:13","modified_gmt":"2022-12-28T06:43:13","slug":"yuksek-hiz-celigi-matkap-ucu-dusuk-fiyat-ile-metal-paslanmaz-celik-icin-m2-hss-6542-cesitli-malzeme-tiplerini-kesti","status":"publish","type":"product","link":"https:\/\/www.tenyutool.com\/tr\/product\/high-speed-steel-drill-bit-cut-various-of-material-types-m2-hss-6542-for-metal-stainless-steel-with-low-price\/","title":{"rendered":"Y\u00fcksek H\u0131z \u00c7eli\u011fi Matkap Ucu \u00c7e\u015fitli Malzeme Tiplerini Kesti M2 HSS 6542 Metal i\u00e7in D\u00fc\u015f\u00fck Fiyatl\u0131 Paslanmaz \u00c7elik"},"content":{"rendered":"<p>\u00d6zellikler:<\/p>\n<ul>\n<li>M2 matkap u\u00e7lar\u0131 di\u011fer matkap u\u00e7lar\u0131ndan daha pahal\u0131d\u0131r, ancak paslanmaz \u00e7elikte delme, uzun \u00f6m\u00fcr, en iyi se\u00e7im<\/li>\n<li data-spm-anchor-id=\"0.0.0.i140.2dea4f05jD1M0Y\">Merkez z\u0131mbaya gerek yok, temas halinde 135 \u00b0 ayr\u0131k noktal\u0131 matkaplar ve y\u00fcr\u00fcmeyi \u00f6nler<\/li>\n<li data-spm-anchor-id=\"0.0.0.i140.2dea4f05jD1M0Y\">En \u00fcst d\u00fczey do\u011fruluk ve performans i\u00e7in hassas zemin noktas\u0131, yivler, g\u00f6vde, bo\u015fluk ve matkap \u00e7ap\u0131<\/li>\n<li data-spm-anchor-id=\"0.0.0.i140.2dea4f05jD1M0Y\">Ta\u015flanm\u0131\u015f yivler, ucun t\u00fcm \u00e7al\u0131\u015fma y\u00fczeyi boyunca maksimize, verimlili\u011fi kald\u0131rmak i\u00e7in h\u0131zl\u0131 tala\u015f sa\u011flar<\/li>\n<\/ul>\n<figure id=\"attachment_16805\" aria-describedby=\"caption-attachment-16805\" style=\"width: 800px\" class=\"wp-caption alignnone\"><img fetchpriority=\"high\" decoding=\"async\" class=\"size-full wp-image-16805\" src=\"https:\/\/www.tenyutool.com\/wp-content\/uploads\/2022\/12\/H6ab9710e6896434fbf8b58c956ce0c0aa.webp.jpg\" alt=\"y\u00fcksek h\u0131z \u00e7eli\u011fi matkap ucu, d\u00fc\u015f\u00fck fiyat ile metal paslanmaz \u00e7elik i\u00e7in m2 hss 6542 \u00e7e\u015fitli malzeme tiplerini kesti\" width=\"800\" height=\"800\" srcset=\"https:\/\/www.tenyutool.com\/wp-content\/uploads\/2022\/12\/H6ab9710e6896434fbf8b58c956ce0c0aa.webp.jpg 800w, https:\/\/www.tenyutool.com\/wp-content\/uploads\/2022\/12\/H6ab9710e6896434fbf8b58c956ce0c0aa.webp-150x150.jpg 150w, https:\/\/www.tenyutool.com\/wp-content\/uploads\/2022\/12\/H6ab9710e6896434fbf8b58c956ce0c0aa.webp-768x768.jpg 768w, https:\/\/www.tenyutool.com\/wp-content\/uploads\/2022\/12\/H6ab9710e6896434fbf8b58c956ce0c0aa.webp-12x12.jpg 12w, https:\/\/www.tenyutool.com\/wp-content\/uploads\/2022\/12\/H6ab9710e6896434fbf8b58c956ce0c0aa.webp-300x300.jpg 300w, https:\/\/www.tenyutool.com\/wp-content\/uploads\/2022\/12\/H6ab9710e6896434fbf8b58c956ce0c0aa.webp-600x600.jpg 600w, https:\/\/www.tenyutool.com\/wp-content\/uploads\/2022\/12\/H6ab9710e6896434fbf8b58c956ce0c0aa.webp-100x100.jpg 100w\" sizes=\"(max-width: 800px) 100vw, 800px\" \/><figcaption id=\"caption-attachment-16805\" class=\"wp-caption-text\">y\u00fcksek h\u0131z \u00e7eli\u011fi matkap ucu, d\u00fc\u015f\u00fck fiyat ile metal paslanmaz \u00e7elik i\u00e7in m2 hss 6542 \u00e7e\u015fitli malzeme tiplerini kesti<\/figcaption><\/figure>\n<table style=\"border-collapse: collapse; width: 595.52pt;\" border=\"0\" width=\"794\" cellspacing=\"0\" cellpadding=\"0\">\n<tbody>\n<tr style=\"height: 35.00pt;\">\n<td class=\"et2\" style=\"height: 35.00pt; width: 595.50pt;\" colspan=\"6\" width=\"794\" height=\"46\">\u00dcr\u00fcn A\u00e7\u0131klamas\u0131<\/td>\n<\/tr>\n<tr style=\"height: 35.00pt;\">\n<td class=\"et3\" style=\"height: 35.00pt;\" colspan=\"6\" height=\"46\">Sizin \u0130\u00e7in Daha Fazla Se\u00e7enek: Ana Sayfa &gt; HSS Matkap Ucu &gt; D\u00fcz \u015eaftl\u0131 Matkap Ucu<\/td>\n<\/tr>\n<tr style=\"height: 35.00pt;\">\n<td class=\"et4\" style=\"height: 35.00pt;\" height=\"46\">\u00dcr\u00fcn ad\u0131<\/td>\n<td class=\"et5\" style=\"width: 429.00pt;\" colspan=\"5\" width=\"572\">Y\u00fcksek H\u0131z \u00c7eli\u011fi Matkap Ucu \u00c7e\u015fitli Malzeme Tiplerini Kesti M2 HSS 6542 Metal i\u00e7in D\u00fc\u015f\u00fck Fiyatl\u0131 Paslanmaz \u00c7elik<\/td>\n<\/tr>\n<tr style=\"height: 35.00pt;\">\n<td class=\"et4\" style=\"height: 35.00pt;\" height=\"46\">Malzeme<\/td>\n<td class=\"et5\" style=\"width: 429.00pt;\" colspan=\"5\" width=\"572\">M2 HSS 6542 ( M35 HSS-E HSS-Co5% )<\/td>\n<\/tr>\n<tr style=\"height: 35.00pt;\">\n<td class=\"et7\" style=\"height: 35.00pt;\" height=\"46\">\u0130\u015flem<\/td>\n<td class=\"et6\" colspan=\"5\">Tamamen \u00d6\u011f\u00fct\u00fclm\u00fc\u015f (Ayr\u0131ca Haddelenmi\u015f ve Cilalanm\u0131\u015f, Haddelenmi\u015f, Frezelenmi\u015f)<\/td>\n<\/tr>\n<tr style=\"height: 60.00pt;\">\n<td class=\"et7\" style=\"height: 60.00pt;\" height=\"80\">Standart<\/td>\n<td class=\"et5\" style=\"width: 429.00pt;\" colspan=\"5\" width=\"572\">DIN338 (Saplama DIN1897, Uzun DIN340, Ekstra Uzun DIN1869, Demirci Azalt\u0131lm\u0131\u015f \u015eaft 10mm, 13mm, DIN345 Konik \u015eaft Mevcuttur)<br \/>\nJobber Uzunlu\u011fu (Ayr\u0131ca Saplama Vidas\u0131 Makine Uzunlu\u011fu, Uzun Konik Uzunluk, Airctraft Extensoin, Ekstra Uzun 12&quot;, 18&quot;, 24&quot;, G\u00fcm\u00fc\u015f ve Deming 1\/2&quot; Azalt\u0131lm\u0131\u015f Sap)<\/td>\n<\/tr>\n<tr style=\"height: 35.00pt;\">\n<td class=\"et7\" style=\"height: 35.00pt;\" height=\"46\">Web &amp; Fl\u00fct Tipi<\/td>\n<td class=\"et5\" style=\"width: 429.00pt;\" colspan=\"5\" width=\"572\">Normal Web ve Fl\u00fct (Ayr\u0131ca Parabolik Fl\u00fctl\u00fc Kal\u0131n Web, Normal Fl\u00fctl\u00fc A\u011f\u0131r Hizmet Web&#039;i de vard\u0131r)<\/td>\n<\/tr>\n<tr style=\"height: 35.00pt;\">\n<td class=\"et7\" style=\"height: 35.00pt;\" height=\"46\">paket<\/td>\n<td class=\"et5\" style=\"width: 429.00pt;\" colspan=\"5\" width=\"572\">10\/5 Adet PVC Torbal\u0131, Plastik Kutulu, Tek Tek Ciltli Kart, \u00c7ift Blister, Kapakl\u0131<\/td>\n<\/tr>\n<\/tbody>\n<\/table>","protected":false},"excerpt":{"rendered":"<p>Features\uff1a M2 drill bits are more expensive than other drill bits, but drilling in stainless steel, long life, best choose No need center punch, 135 \u00b0 split-point drills on contact and prevents walking Precision ground point, flutes, body, clearance and drill diameter for the ultimate in accuracy and performance Ground flutes provide fast chip to [&hellip;]<\/p>\n","protected":false},"featured_media":16805,"comment_status":"closed","ping_status":"closed","template":"","meta":{"_acf_changed":false,"_seopress_robots_primary_cat":"","_seopress_titles_title":"High-Speed Steel M2 HSS 6542 Drill Bit | for Metal Stainless Steel","_seopress_titles_desc":"","_seopress_robots_index":"","site-sidebar-layout":"default","site-content-layout":"default","ast-site-content-layout":"default","site-content-style":"default","site-sidebar-style":"default","ast-global-header-display":"","ast-banner-title-visibility":"","ast-main-header-display":"","ast-hfb-above-header-display":"","ast-hfb-below-header-display":"","ast-hfb-mobile-header-display":"","site-post-title":"","ast-breadcrumbs-content":"","ast-featured-img":"","footer-sml-layout":"","ast-disable-related-posts":"","theme-transparent-header-meta":"default","adv-header-id-meta":"","stick-header-meta":"","header-above-stick-meta":"","header-main-stick-meta":"","header-below-stick-meta":"","astra-migrate-meta-layouts":"default","ast-page-background-enabled":"default","ast-page-background-meta":{"desktop":{"background-color":"","background-image":"","background-repeat":"repeat","background-position":"center center","background-size":"auto","background-attachment":"scroll","background-type":"","background-media":"","overlay-type":"","overlay-color":"","overlay-opacity":"","overlay-gradient":""},"tablet":{"background-color":"","background-image":"","background-repeat":"repeat","background-position":"center center","background-size":"auto","background-attachment":"scroll","background-type":"","background-media":"","overlay-type":"","overlay-color":"","overlay-opacity":"","overlay-gradient":""},"mobile":{"background-color":"","background-image":"","background-repeat":"repeat","background-position":"center center","background-size":"auto","background-attachment":"scroll","background-type":"","background-media":"","overlay-type":"","overlay-color":"","overlay-opacity":"","overlay-gradient":""}},"ast-content-background-meta":{"desktop":{"background-color":"var(--ast-global-color-5)","background-image":"","background-repeat":"repeat","background-position":"center center","background-size":"auto","background-attachment":"scroll","background-type":"","background-media":"","overlay-type":"","overlay-color":"","overlay-opacity":"","overlay-gradient":""},"tablet":{"background-color":"var(--ast-global-color-5)","background-image":"","background-repeat":"repeat","background-position":"center center","background-size":"auto","background-attachment":"scroll","background-type":"","background-media":"","overlay-type":"","overlay-color":"","overlay-opacity":"","overlay-gradient":""},"mobile":{"background-color":"var(--ast-global-color-5)","background-image":"","background-repeat":"repeat","background-position":"center center","background-size":"auto","background-attachment":"scroll","background-type":"","background-media":"","overlay-type":"","overlay-color":"","overlay-opacity":"","overlay-gradient":""}}},"product_brand":[],"product_cat":[22],"product_tag":[],"class_list":{"0":"post-16803","1":"product","2":"type-product","3":"status-publish","4":"has-post-thumbnail","6":"product_cat-drillbits","7":"desktop-align-left","8":"tablet-align-left","9":"mobile-align-left","11":"first","12":"instock","13":"shipping-taxable","14":"product-type-simple"},"acf":[],"_links":{"self":[{"href":"https:\/\/www.tenyutool.com\/tr\/wp-json\/wp\/v2\/product\/16803","targetHints":{"allow":["GET"]}}],"collection":[{"href":"https:\/\/www.tenyutool.com\/tr\/wp-json\/wp\/v2\/product"}],"about":[{"href":"https:\/\/www.tenyutool.com\/tr\/wp-json\/wp\/v2\/types\/product"}],"replies":[{"embeddable":true,"href":"https:\/\/www.tenyutool.com\/tr\/wp-json\/wp\/v2\/comments?post=16803"}],"wp:featuredmedia":[{"embeddable":true,"href":"https:\/\/www.tenyutool.com\/tr\/wp-json\/wp\/v2\/media\/16805"}],"wp:attachment":[{"href":"https:\/\/www.tenyutool.com\/tr\/wp-json\/wp\/v2\/media?parent=16803"}],"wp:term":[{"taxonomy":"product_brand","embeddable":true,"href":"https:\/\/www.tenyutool.com\/tr\/wp-json\/wp\/v2\/product_brand?post=16803"},{"taxonomy":"product_cat","embeddable":true,"href":"https:\/\/www.tenyutool.com\/tr\/wp-json\/wp\/v2\/product_cat?post=16803"},{"taxonomy":"product_tag","embeddable":true,"href":"https:\/\/www.tenyutool.com\/tr\/wp-json\/wp\/v2\/product_tag?post=16803"}],"curies":[{"name":"wp","href":"https:\/\/api.w.org\/{rel}","templated":true}]}}