{"id":16846,"date":"2022-12-30T08:41:21","date_gmt":"2022-12-30T08:41:21","guid":{"rendered":"https:\/\/www.tenyutool.com\/?post_type=product&#038;p=16846"},"modified":"2022-12-30T08:41:22","modified_gmt":"2022-12-30T08:41:22","slug":"demir-cam-taslama-ve-kesme-icin-birinci-sinif-sicak-satis-cok-amacli-metal-kesme-diski-elmas-bicak","status":"publish","type":"product","link":"https:\/\/www.tenyutool.com\/tr\/product\/premium-hot-sell-multipurpose-metal-cutting-disc-diamond-blade-for-iron-glass-grinding-and-cutting\/","title":{"rendered":"Premium S\u0131cak Sat\u0131\u015f \u00c7ok Ama\u00e7l\u0131 Metal Kesme Diski Demir Cam Ta\u015flama ve Kesme i\u00e7in Elmas B\u0131\u00e7ak"},"content":{"rendered":"<p>\u00d6zellikler:<\/p>\n<ul>\n<li>K\u0131r\u0131lmaz ve y\u00fcksek \u0131s\u0131ya dayan\u0131kl\u0131 segmentler.<\/li>\n<li data-spm-anchor-id=\"a2700.pc-decorate.0.i7.21773333xCpgPo\">\u00c7ekirde\u011fin her iki taraf\u0131 da a\u015f\u0131nd\u0131r\u0131c\u0131 taneciklerle kapl\u0131d\u0131r.<\/li>\n<li data-spm-anchor-id=\"a2700.pc-decorate.0.i3.21773333xCpgPo\">Daha iyi bir kesme h\u0131z\u0131 ve tak\u0131m \u00f6mr\u00fc kombinasyonu sa\u011flamas\u0131 garanti edilir.<\/li>\n<li data-spm-anchor-id=\"a2700.pc-decorate.0.i9.21773333xCpgPo\">\u00c7ekirdek, \u0131s\u0131l i\u015flem g\u00f6rm\u00fc\u015f y\u00fcksek h\u0131z \u00e7eli\u011finden yap\u0131lm\u0131\u015ft\u0131r.<\/li>\n<li data-spm-anchor-id=\"a2700.pc-decorate.0.i8.21773333xCpgPo\">Granit, mermer, Al\u00fcminyum, Oto G\u00f6vde Panelleri, D\u00f6kme Demir gibi zorlu malzemeleri kesmek i\u00e7in tasarlanm\u0131\u015ft\u0131r.<\/li>\n<\/ul>\n<p>&nbsp;<\/p>\n<figure id=\"attachment_16848\" aria-describedby=\"caption-attachment-16848\" style=\"width: 800px\" class=\"wp-caption alignnone\"><img fetchpriority=\"high\" decoding=\"async\" class=\"size-full wp-image-16848\" src=\"https:\/\/www.tenyutool.com\/wp-content\/uploads\/2022\/12\/Hd1e1332ccac34eb8bec56637e8c5006bX.webp.jpg\" alt=\"Demir cam ta\u015flama ve kesme i\u00e7in premium s\u0131cak sat\u0131\u015f \u00e7ok ama\u00e7l\u0131 metal kesme diski elmas b\u0131\u00e7ak\" width=\"800\" height=\"800\" srcset=\"https:\/\/www.tenyutool.com\/wp-content\/uploads\/2022\/12\/Hd1e1332ccac34eb8bec56637e8c5006bX.webp.jpg 800w, https:\/\/www.tenyutool.com\/wp-content\/uploads\/2022\/12\/Hd1e1332ccac34eb8bec56637e8c5006bX.webp-150x150.jpg 150w, https:\/\/www.tenyutool.com\/wp-content\/uploads\/2022\/12\/Hd1e1332ccac34eb8bec56637e8c5006bX.webp-768x768.jpg 768w, https:\/\/www.tenyutool.com\/wp-content\/uploads\/2022\/12\/Hd1e1332ccac34eb8bec56637e8c5006bX.webp-12x12.jpg 12w, https:\/\/www.tenyutool.com\/wp-content\/uploads\/2022\/12\/Hd1e1332ccac34eb8bec56637e8c5006bX.webp-300x300.jpg 300w, https:\/\/www.tenyutool.com\/wp-content\/uploads\/2022\/12\/Hd1e1332ccac34eb8bec56637e8c5006bX.webp-600x600.jpg 600w, https:\/\/www.tenyutool.com\/wp-content\/uploads\/2022\/12\/Hd1e1332ccac34eb8bec56637e8c5006bX.webp-100x100.jpg 100w\" sizes=\"(max-width: 800px) 100vw, 800px\" \/><figcaption id=\"caption-attachment-16848\" class=\"wp-caption-text\">Demir cam ta\u015flama ve kesme i\u00e7in premium s\u0131cak sat\u0131\u015f \u00e7ok ama\u00e7l\u0131 metal kesme diski elmas b\u0131\u00e7ak<\/figcaption><\/figure>\n<table width=\"794\">\n<tbody>\n<tr>\n<td colspan=\"6\" width=\"794\">\u00dcr\u00fcn A\u00e7\u0131klamas\u0131<\/td>\n<\/tr>\n<tr>\n<td colspan=\"6\">Sizin \u0130\u00e7in Daha Fazla Se\u00e7enek: <a href=\"https:\/\/www.tenyutool.com\/tr\/\">Ev<\/a> &gt; Testere B\u0131\u00e7a\u011f\u0131 &gt; Segment Elmas Testere B\u0131\u00e7a\u011f\u0131<\/td>\n<\/tr>\n<tr>\n<td>\u00dcr\u00fcn ad\u0131<\/td>\n<td colspan=\"5\" width=\"572\">Premium S\u0131cak Sat\u0131\u015f \u00c7ok Ama\u00e7l\u0131 Metal Kesme Diski Demir Cam Ta\u015flama ve Kesme i\u00e7in Elmas B\u0131\u00e7ak<\/td>\n<\/tr>\n<tr>\n<td>Malzeme<\/td>\n<td colspan=\"5\" width=\"572\">\u00a0B\u0131\u00e7ak Malzemesi: Elmas Grit<br \/>\nG\u00f6vde Malzemesi: Ala\u015f\u0131ml\u0131 \u00c7elik<\/td>\n<\/tr>\n<tr>\n<td>\u0130\u015flem<\/td>\n<td colspan=\"5\">Kaynak<\/td>\n<\/tr>\n<tr>\n<td>Ba\u015fvuru<\/td>\n<td colspan=\"5\" width=\"572\">\u00c7elik Mermer D\u00f6kme Demir A\u011fa\u00e7 Kesimi \u0130\u00e7in<\/td>\n<\/tr>\n<tr>\n<td>paket<\/td>\n<td colspan=\"5\" width=\"572\">\u00a0Bir PVC \u00e7ift blister, ka\u011f\u0131t kutu veya PVC Cilt Kart\u0131 i\u00e7inde tek par\u00e7a<\/td>\n<\/tr>\n<\/tbody>\n<\/table>","protected":false},"excerpt":{"rendered":"<p>Features\uff1a Unbreakable and highly heat resistant segments. Both sides of the core are coated with abrasive grains. It is guaranteed to deliver a better combination of cutting speed and tool life. The core is made with heat-treated high speed steel. Designed to cut through tough materials, including granite, marble, Aluminum, Auto Body Panels, Cast Iron. [&hellip;]<\/p>\n","protected":false},"featured_media":16848,"comment_status":"closed","ping_status":"closed","template":"","meta":{"_acf_changed":false,"_seopress_robots_primary_cat":"","_seopress_titles_title":"Multipurpose Metal Cutting Disc Diamond Blade | for Iron Glass Grinding and Cutting","_seopress_titles_desc":"","_seopress_robots_index":"","site-sidebar-layout":"default","site-content-layout":"default","ast-site-content-layout":"default","site-content-style":"default","site-sidebar-style":"default","ast-global-header-display":"","ast-banner-title-visibility":"","ast-main-header-display":"","ast-hfb-above-header-display":"","ast-hfb-below-header-display":"","ast-hfb-mobile-header-display":"","site-post-title":"","ast-breadcrumbs-content":"","ast-featured-img":"","footer-sml-layout":"","ast-disable-related-posts":"","theme-transparent-header-meta":"default","adv-header-id-meta":"","stick-header-meta":"","header-above-stick-meta":"","header-main-stick-meta":"","header-below-stick-meta":"","astra-migrate-meta-layouts":"default","ast-page-background-enabled":"default","ast-page-background-meta":{"desktop":{"background-color":"","background-image":"","background-repeat":"repeat","background-position":"center center","background-size":"auto","background-attachment":"scroll","background-type":"","background-media":"","overlay-type":"","overlay-color":"","overlay-opacity":"","overlay-gradient":""},"tablet":{"background-color":"","background-image":"","background-repeat":"repeat","background-position":"center center","background-size":"auto","background-attachment":"scroll","background-type":"","background-media":"","overlay-type":"","overlay-color":"","overlay-opacity":"","overlay-gradient":""},"mobile":{"background-color":"","background-image":"","background-repeat":"repeat","background-position":"center center","background-size":"auto","background-attachment":"scroll","background-type":"","background-media":"","overlay-type":"","overlay-color":"","overlay-opacity":"","overlay-gradient":""}},"ast-content-background-meta":{"desktop":{"background-color":"var(--ast-global-color-5)","background-image":"","background-repeat":"repeat","background-position":"center center","background-size":"auto","background-attachment":"scroll","background-type":"","background-media":"","overlay-type":"","overlay-color":"","overlay-opacity":"","overlay-gradient":""},"tablet":{"background-color":"var(--ast-global-color-5)","background-image":"","background-repeat":"repeat","background-position":"center center","background-size":"auto","background-attachment":"scroll","background-type":"","background-media":"","overlay-type":"","overlay-color":"","overlay-opacity":"","overlay-gradient":""},"mobile":{"background-color":"var(--ast-global-color-5)","background-image":"","background-repeat":"repeat","background-position":"center center","background-size":"auto","background-attachment":"scroll","background-type":"","background-media":"","overlay-type":"","overlay-color":"","overlay-opacity":"","overlay-gradient":""}}},"product_brand":[],"product_cat":[21],"product_tag":[],"class_list":{"0":"post-16846","1":"product","2":"type-product","3":"status-publish","4":"has-post-thumbnail","6":"product_cat-sawblade","7":"desktop-align-left","8":"tablet-align-left","9":"mobile-align-left","11":"first","12":"instock","13":"shipping-taxable","14":"product-type-simple"},"acf":[],"_links":{"self":[{"href":"https:\/\/www.tenyutool.com\/tr\/wp-json\/wp\/v2\/product\/16846","targetHints":{"allow":["GET"]}}],"collection":[{"href":"https:\/\/www.tenyutool.com\/tr\/wp-json\/wp\/v2\/product"}],"about":[{"href":"https:\/\/www.tenyutool.com\/tr\/wp-json\/wp\/v2\/types\/product"}],"replies":[{"embeddable":true,"href":"https:\/\/www.tenyutool.com\/tr\/wp-json\/wp\/v2\/comments?post=16846"}],"wp:featuredmedia":[{"embeddable":true,"href":"https:\/\/www.tenyutool.com\/tr\/wp-json\/wp\/v2\/media\/16848"}],"wp:attachment":[{"href":"https:\/\/www.tenyutool.com\/tr\/wp-json\/wp\/v2\/media?parent=16846"}],"wp:term":[{"taxonomy":"product_brand","embeddable":true,"href":"https:\/\/www.tenyutool.com\/tr\/wp-json\/wp\/v2\/product_brand?post=16846"},{"taxonomy":"product_cat","embeddable":true,"href":"https:\/\/www.tenyutool.com\/tr\/wp-json\/wp\/v2\/product_cat?post=16846"},{"taxonomy":"product_tag","embeddable":true,"href":"https:\/\/www.tenyutool.com\/tr\/wp-json\/wp\/v2\/product_tag?post=16846"}],"curies":[{"name":"wp","href":"https:\/\/api.w.org\/{rel}","templated":true}]}}