{"id":16849,"date":"2022-12-30T08:48:45","date_gmt":"2022-12-30T08:48:45","guid":{"rendered":"https:\/\/www.tenyutool.com\/?post_type=product&#038;p=16849"},"modified":"2022-12-30T08:48:46","modified_gmt":"2022-12-30T08:48:46","slug":"acili-taslama-makinesi-icin-birinci-sinif-ultra-ince-elmas-cam-karo-testere-bicagi-kesme-diski","status":"publish","type":"product","link":"https:\/\/www.tenyutool.com\/tr\/product\/premium-ultra-thin-diamond-glass-tile-saw-blade-cutting-disc-wheel-for-angle-grinder\/","title":{"rendered":"A\u00e7\u0131 \u00d6\u011f\u00fct\u00fcc\u00fc i\u00e7in Premium Ultra \u0130nce Elmas Cam Fayans Testere B\u0131\u00e7a\u011f\u0131 Kesme Diski Tekerle\u011fi"},"content":{"rendered":"<p>\u00d6zellikler:<\/p>\n<ul>\n<li>Y\u00fcksek s\u0131cakl\u0131\u011fa dayan\u0131kl\u0131d\u0131r.<\/li>\n<li data-spm-anchor-id=\"a2700.pc-decorate.0.i6.1bf43333aRzjZV\">Keskindir ve \u00e7\u00f6kmez.<\/li>\n<li data-spm-anchor-id=\"a2700.pc-decorate.0.i4.1bf43333aRzjZV\">D\u00fc\u015f\u00fck ta\u015flama g\u00fcr\u00fclt\u00fcs\u00fc, daha az toz, daha az d\u00f6k\u00fcnt\u00fc.<\/li>\n<li data-spm-anchor-id=\"a2700.pc-decorate.0.i7.1bf43333aRzjZV\">Kurulumu ve kullan\u0131m\u0131 kolayd\u0131r.<\/li>\n<li data-spm-anchor-id=\"a2700.pc-decorate.0.i8.1bf43333aRzjZV\">Elmas y\u00fcksek manganl\u0131 \u00e7elik matrisi, yeni lehimleme s\u00fcrecini benimser.<\/li>\n<\/ul>\n<figure id=\"attachment_16851\" aria-describedby=\"caption-attachment-16851\" style=\"width: 800px\" class=\"wp-caption alignnone\"><img fetchpriority=\"high\" decoding=\"async\" class=\"size-full wp-image-16851\" src=\"https:\/\/www.tenyutool.com\/wp-content\/uploads\/2022\/12\/H4c3d0b78b7454e428096972aff3c50cby.webp.jpg\" alt=\"A\u00e7\u0131 \u00f6\u011f\u00fct\u00fcc\u00fc i\u00e7in premium ultra ince elmas cam karo testere b\u0131\u00e7a\u011f\u0131 kesme diski tekerlek\" width=\"800\" height=\"800\" srcset=\"https:\/\/www.tenyutool.com\/wp-content\/uploads\/2022\/12\/H4c3d0b78b7454e428096972aff3c50cby.webp.jpg 800w, https:\/\/www.tenyutool.com\/wp-content\/uploads\/2022\/12\/H4c3d0b78b7454e428096972aff3c50cby.webp-150x150.jpg 150w, https:\/\/www.tenyutool.com\/wp-content\/uploads\/2022\/12\/H4c3d0b78b7454e428096972aff3c50cby.webp-768x768.jpg 768w, https:\/\/www.tenyutool.com\/wp-content\/uploads\/2022\/12\/H4c3d0b78b7454e428096972aff3c50cby.webp-12x12.jpg 12w, https:\/\/www.tenyutool.com\/wp-content\/uploads\/2022\/12\/H4c3d0b78b7454e428096972aff3c50cby.webp-300x300.jpg 300w, https:\/\/www.tenyutool.com\/wp-content\/uploads\/2022\/12\/H4c3d0b78b7454e428096972aff3c50cby.webp-600x600.jpg 600w, https:\/\/www.tenyutool.com\/wp-content\/uploads\/2022\/12\/H4c3d0b78b7454e428096972aff3c50cby.webp-100x100.jpg 100w\" sizes=\"(max-width: 800px) 100vw, 800px\" \/><figcaption id=\"caption-attachment-16851\" class=\"wp-caption-text\">A\u00e7\u0131 \u00f6\u011f\u00fct\u00fcc\u00fc i\u00e7in premium ultra ince elmas cam karo testere b\u0131\u00e7a\u011f\u0131 kesme diski tekerlek<\/figcaption><\/figure>\n<table width=\"794\">\n<tbody>\n<tr>\n<td colspan=\"6\" width=\"794\">\u00dcr\u00fcn A\u00e7\u0131klamas\u0131<\/td>\n<\/tr>\n<tr>\n<td colspan=\"6\">Sizin \u0130\u00e7in Daha Fazla Se\u00e7enek: <a href=\"https:\/\/www.tenyutool.com\/tr\/\">Ev<\/a> &gt; Testere B\u0131\u00e7a\u011f\u0131 &gt; Cam Testere B\u0131\u00e7a\u011f\u0131<\/td>\n<\/tr>\n<tr>\n<td>\u00dcr\u00fcn ad\u0131<\/td>\n<td colspan=\"5\" width=\"572\">A\u00e7\u0131 \u00d6\u011f\u00fct\u00fcc\u00fc i\u00e7in Premium Ultra \u0130nce Elmas Cam Fayans Testere B\u0131\u00e7a\u011f\u0131 Kesme Diski Tekerle\u011fi<\/td>\n<\/tr>\n<tr>\n<td>Malzeme<\/td>\n<td colspan=\"5\" width=\"572\">Elmas Tanecik<\/td>\n<\/tr>\n<tr>\n<td>Renk<\/td>\n<td colspan=\"5\" width=\"572\">\u00a0Ye\u015fil, Mavi, Sar\u0131, Turuncu, Siyah, K\u0131rm\u0131z\u0131, Mavi, Mor<\/td>\n<\/tr>\n<tr>\n<td>B\u0131\u00e7ak Tipi<\/td>\n<td colspan=\"5\" width=\"572\">\u00a0Cam Testere B\u0131\u00e7a\u011f\u0131<\/td>\n<\/tr>\n<tr>\n<td>Ba\u015fvuru<\/td>\n<td colspan=\"5\" width=\"572\">Cam, Al\u00fcminyum, Porselen, Seramik, Mermer Kesimi \u0130\u00e7in<\/td>\n<\/tr>\n<tr>\n<td>paket<\/td>\n<td colspan=\"5\" width=\"572\">Bir Ka\u011f\u0131t Kutusunda Tek Par\u00e7a<\/td>\n<\/tr>\n<\/tbody>\n<\/table>","protected":false},"excerpt":{"rendered":"<p>Features\uff1a Resistant to high temperature. It is sharp and will not collapse. Low grinding noise, less dust, less debris. Easy to install and use. It adopts diamond high manganese steel matrix, new brazing process. Product Description More Choice For You: Home &gt; Saw Blade &gt; Glass Saw Blade Product Name Premium Ultra Thin Diamond Glass [&hellip;]<\/p>\n","protected":false},"featured_media":16851,"comment_status":"closed","ping_status":"closed","template":"","meta":{"_acf_changed":false,"_seopress_robots_primary_cat":"","_seopress_titles_title":"Diamond Glass Tile Saw Blade Cutting Disc Wheel | for Angle Grinder","_seopress_titles_desc":"","_seopress_robots_index":"","site-sidebar-layout":"default","site-content-layout":"default","ast-site-content-layout":"default","site-content-style":"default","site-sidebar-style":"default","ast-global-header-display":"","ast-banner-title-visibility":"","ast-main-header-display":"","ast-hfb-above-header-display":"","ast-hfb-below-header-display":"","ast-hfb-mobile-header-display":"","site-post-title":"","ast-breadcrumbs-content":"","ast-featured-img":"","footer-sml-layout":"","ast-disable-related-posts":"","theme-transparent-header-meta":"default","adv-header-id-meta":"","stick-header-meta":"","header-above-stick-meta":"","header-main-stick-meta":"","header-below-stick-meta":"","astra-migrate-meta-layouts":"default","ast-page-background-enabled":"default","ast-page-background-meta":{"desktop":{"background-color":"","background-image":"","background-repeat":"repeat","background-position":"center center","background-size":"auto","background-attachment":"scroll","background-type":"","background-media":"","overlay-type":"","overlay-color":"","overlay-opacity":"","overlay-gradient":""},"tablet":{"background-color":"","background-image":"","background-repeat":"repeat","background-position":"center center","background-size":"auto","background-attachment":"scroll","background-type":"","background-media":"","overlay-type":"","overlay-color":"","overlay-opacity":"","overlay-gradient":""},"mobile":{"background-color":"","background-image":"","background-repeat":"repeat","background-position":"center center","background-size":"auto","background-attachment":"scroll","background-type":"","background-media":"","overlay-type":"","overlay-color":"","overlay-opacity":"","overlay-gradient":""}},"ast-content-background-meta":{"desktop":{"background-color":"var(--ast-global-color-5)","background-image":"","background-repeat":"repeat","background-position":"center center","background-size":"auto","background-attachment":"scroll","background-type":"","background-media":"","overlay-type":"","overlay-color":"","overlay-opacity":"","overlay-gradient":""},"tablet":{"background-color":"var(--ast-global-color-5)","background-image":"","background-repeat":"repeat","background-position":"center center","background-size":"auto","background-attachment":"scroll","background-type":"","background-media":"","overlay-type":"","overlay-color":"","overlay-opacity":"","overlay-gradient":""},"mobile":{"background-color":"var(--ast-global-color-5)","background-image":"","background-repeat":"repeat","background-position":"center center","background-size":"auto","background-attachment":"scroll","background-type":"","background-media":"","overlay-type":"","overlay-color":"","overlay-opacity":"","overlay-gradient":""}}},"product_brand":[],"product_cat":[21],"product_tag":[],"class_list":{"0":"post-16849","1":"product","2":"type-product","3":"status-publish","4":"has-post-thumbnail","6":"product_cat-sawblade","7":"desktop-align-left","8":"tablet-align-left","9":"mobile-align-left","11":"first","12":"instock","13":"shipping-taxable","14":"product-type-simple"},"acf":[],"_links":{"self":[{"href":"https:\/\/www.tenyutool.com\/tr\/wp-json\/wp\/v2\/product\/16849","targetHints":{"allow":["GET"]}}],"collection":[{"href":"https:\/\/www.tenyutool.com\/tr\/wp-json\/wp\/v2\/product"}],"about":[{"href":"https:\/\/www.tenyutool.com\/tr\/wp-json\/wp\/v2\/types\/product"}],"replies":[{"embeddable":true,"href":"https:\/\/www.tenyutool.com\/tr\/wp-json\/wp\/v2\/comments?post=16849"}],"wp:featuredmedia":[{"embeddable":true,"href":"https:\/\/www.tenyutool.com\/tr\/wp-json\/wp\/v2\/media\/16851"}],"wp:attachment":[{"href":"https:\/\/www.tenyutool.com\/tr\/wp-json\/wp\/v2\/media?parent=16849"}],"wp:term":[{"taxonomy":"product_brand","embeddable":true,"href":"https:\/\/www.tenyutool.com\/tr\/wp-json\/wp\/v2\/product_brand?post=16849"},{"taxonomy":"product_cat","embeddable":true,"href":"https:\/\/www.tenyutool.com\/tr\/wp-json\/wp\/v2\/product_cat?post=16849"},{"taxonomy":"product_tag","embeddable":true,"href":"https:\/\/www.tenyutool.com\/tr\/wp-json\/wp\/v2\/product_tag?post=16849"}],"curies":[{"name":"wp","href":"https:\/\/api.w.org\/{rel}","templated":true}]}}