{"id":16862,"date":"2023-01-02T02:12:25","date_gmt":"2023-01-02T02:12:25","guid":{"rendered":"https:\/\/www.tenyutool.com\/?post_type=product&#038;p=16862"},"modified":"2023-01-02T02:12:26","modified_gmt":"2023-01-02T02:12:26","slug":"miknatislayici-halkasi-manyetik-vida-halkasi-yakalayici-tutucu-icin-1-4-inc-altigen-sapli-tornavida-uclari","status":"publish","type":"product","link":"https:\/\/www.tenyutool.com\/tr\/product\/magnetizer-ring-magnetic-screw-ring-catcher-holder-for-1-4-inch-hex-shank-screwdriver-bits\/","title":{"rendered":"M\u0131knat\u0131slay\u0131c\u0131 Halka Manyetik Vida Halkas\u0131 Catcher Tutucu 1\/4 \u0130n\u00e7 Hex Shank Tornavida U\u00e7lar\u0131 \u0130\u00e7in"},"content":{"rendered":"<p>\u00d6zellik:<\/p>\n<ul>\n<li>\u00a0Dayan\u0131kl\u0131 malzeme, y\u00fcksek verimlilik ve uzun hizmet \u00f6mr\u00fc.<\/li>\n<li data-spm-anchor-id=\"a2700.pc-decorate.0.i15.13673333lS58XV\">\u00c7al\u0131\u015f\u0131rken viday\u0131 kolay ve h\u0131zl\u0131 bir \u015fekilde yakalaman\u0131z i\u00e7in pratik alet.<\/li>\n<li data-spm-anchor-id=\"a2700.pc-decorate.0.i15.13673333lS58XV\">Sadece tornavida ucunu manyetik halkaya sokun, vida kolayca al\u0131nabilir.<\/li>\n<li data-spm-anchor-id=\"a2700.pc-decorate.0.i15.13673333lS58XV\">Kullan\u0131m\u0131 kolay.<\/li>\n<li data-spm-anchor-id=\"a2700.pc-decorate.0.i15.13673333lS58XV\">Vida ve tornavidan\u0131n a\u015f\u0131nmas\u0131n\u0131 azalt\u0131rken vidalar\u0131 do\u011fru bir \u015fekilde kilitleyin ve s\u0131k\u0131ca oturtun<\/li>\n<\/ul>\n<figure id=\"attachment_16864\" aria-describedby=\"caption-attachment-16864\" style=\"width: 800px\" class=\"wp-caption alignnone\"><img fetchpriority=\"high\" decoding=\"async\" class=\"size-full wp-image-16864\" src=\"https:\/\/www.tenyutool.com\/wp-content\/uploads\/2023\/01\/H726a59e6f93541d38be286de9ad41959E.webp.jpg\" alt=\"1\/4 in\u00e7 alt\u0131gen ba\u015fl\u0131 tornavida u\u00e7lar\u0131 i\u00e7in magnetizer halkas\u0131 manyetik vida halkas\u0131 yakalay\u0131c\u0131 tutucu\" width=\"800\" height=\"800\" srcset=\"https:\/\/www.tenyutool.com\/wp-content\/uploads\/2023\/01\/H726a59e6f93541d38be286de9ad41959E.webp.jpg 800w, https:\/\/www.tenyutool.com\/wp-content\/uploads\/2023\/01\/H726a59e6f93541d38be286de9ad41959E.webp-150x150.jpg 150w, https:\/\/www.tenyutool.com\/wp-content\/uploads\/2023\/01\/H726a59e6f93541d38be286de9ad41959E.webp-768x768.jpg 768w, https:\/\/www.tenyutool.com\/wp-content\/uploads\/2023\/01\/H726a59e6f93541d38be286de9ad41959E.webp-12x12.jpg 12w, https:\/\/www.tenyutool.com\/wp-content\/uploads\/2023\/01\/H726a59e6f93541d38be286de9ad41959E.webp-300x300.jpg 300w, https:\/\/www.tenyutool.com\/wp-content\/uploads\/2023\/01\/H726a59e6f93541d38be286de9ad41959E.webp-600x600.jpg 600w, https:\/\/www.tenyutool.com\/wp-content\/uploads\/2023\/01\/H726a59e6f93541d38be286de9ad41959E.webp-100x100.jpg 100w\" sizes=\"(max-width: 800px) 100vw, 800px\" \/><figcaption id=\"caption-attachment-16864\" class=\"wp-caption-text\">1\/4 in\u00e7 alt\u0131gen ba\u015fl\u0131 tornavida u\u00e7lar\u0131 i\u00e7in magnetizer halkas\u0131 manyetik vida halkas\u0131 yakalay\u0131c\u0131 tutucu<\/figcaption><\/figure>\n<table width=\"794\">\n<tbody>\n<tr>\n<td colspan=\"6\" width=\"794\">\u00dcr\u00fcn A\u00e7\u0131klamas\u0131<\/td>\n<\/tr>\n<tr>\n<td colspan=\"6\">Sizin \u0130\u00e7in Daha Fazla Se\u00e7enek: <a href=\"https:\/\/www.tenyutool.com\/tr\/\">Ev<\/a> &gt; Tornavida ve Hasarl\u0131 Vida S\u00f6k\u00fcc\u00fc<\/td>\n<\/tr>\n<tr>\n<td>\u00dcr\u00fcn ad\u0131<\/td>\n<td colspan=\"5\" width=\"572\">M\u0131knat\u0131slay\u0131c\u0131 Halka Manyetik Vida Halkas\u0131 Catcher Tutucu 1\/4 \u0130n\u00e7 Hex Shank Tornavida U\u00e7lar\u0131 \u0130\u00e7in<\/td>\n<\/tr>\n<tr>\n<td>Malzeme<\/td>\n<td colspan=\"5\" width=\"572\">\u00a0Al\u00fcminyum ala\u015f\u0131m<\/td>\n<\/tr>\n<tr>\n<td>Boyut<\/td>\n<td colspan=\"5\" width=\"572\">25mm<\/td>\n<\/tr>\n<tr>\n<td>\u0130\u00e7 \u00f6l\u00e7\u00fc<\/td>\n<td colspan=\"5\" width=\"572\">\u00a01\/4&quot; \/ 6,35 mm<\/td>\n<\/tr>\n<tr>\n<td>Y\u00fczey<\/td>\n<td colspan=\"5\" width=\"572\">K\u0131rm\u0131z\u0131, Sar\u0131, Mavi<\/td>\n<\/tr>\n<tr>\n<td>paket<\/td>\n<td colspan=\"5\" width=\"572\">Bir Plastik Kutuda 10 adet<\/td>\n<\/tr>\n<\/tbody>\n<\/table>","protected":false},"excerpt":{"rendered":"<p>Feature\uff1a \u00a0Durable material, high efficiency, and long service life. Practical tool for you to catch the screw easily and quickly when you are working. Just insert the screwdriver bit into the magnetic ring, the screw can be easily picked up. Easy to use. Accurately lock screws and tightly snapped while reducing abrasion to the screw [&hellip;]<\/p>\n","protected":false},"featured_media":16864,"comment_status":"closed","ping_status":"closed","template":"","meta":{"_acf_changed":false,"_seopress_robots_primary_cat":"","_seopress_titles_title":"Ring Catcher Holder | For 1\/4 Inch Hex Shank Screwdriver Bits","_seopress_titles_desc":"","_seopress_robots_index":"","site-sidebar-layout":"default","site-content-layout":"default","ast-site-content-layout":"default","site-content-style":"default","site-sidebar-style":"default","ast-global-header-display":"","ast-banner-title-visibility":"","ast-main-header-display":"","ast-hfb-above-header-display":"","ast-hfb-below-header-display":"","ast-hfb-mobile-header-display":"","site-post-title":"","ast-breadcrumbs-content":"","ast-featured-img":"","footer-sml-layout":"","ast-disable-related-posts":"","theme-transparent-header-meta":"default","adv-header-id-meta":"","stick-header-meta":"","header-above-stick-meta":"","header-main-stick-meta":"","header-below-stick-meta":"","astra-migrate-meta-layouts":"default","ast-page-background-enabled":"default","ast-page-background-meta":{"desktop":{"background-color":"","background-image":"","background-repeat":"repeat","background-position":"center center","background-size":"auto","background-attachment":"scroll","background-type":"","background-media":"","overlay-type":"","overlay-color":"","overlay-opacity":"","overlay-gradient":""},"tablet":{"background-color":"","background-image":"","background-repeat":"repeat","background-position":"center center","background-size":"auto","background-attachment":"scroll","background-type":"","background-media":"","overlay-type":"","overlay-color":"","overlay-opacity":"","overlay-gradient":""},"mobile":{"background-color":"","background-image":"","background-repeat":"repeat","background-position":"center center","background-size":"auto","background-attachment":"scroll","background-type":"","background-media":"","overlay-type":"","overlay-color":"","overlay-opacity":"","overlay-gradient":""}},"ast-content-background-meta":{"desktop":{"background-color":"var(--ast-global-color-5)","background-image":"","background-repeat":"repeat","background-position":"center center","background-size":"auto","background-attachment":"scroll","background-type":"","background-media":"","overlay-type":"","overlay-color":"","overlay-opacity":"","overlay-gradient":""},"tablet":{"background-color":"var(--ast-global-color-5)","background-image":"","background-repeat":"repeat","background-position":"center center","background-size":"auto","background-attachment":"scroll","background-type":"","background-media":"","overlay-type":"","overlay-color":"","overlay-opacity":"","overlay-gradient":""},"mobile":{"background-color":"var(--ast-global-color-5)","background-image":"","background-repeat":"repeat","background-position":"center center","background-size":"auto","background-attachment":"scroll","background-type":"","background-media":"","overlay-type":"","overlay-color":"","overlay-opacity":"","overlay-gradient":""}}},"product_brand":[],"product_cat":[38],"product_tag":[],"class_list":{"0":"post-16862","1":"product","2":"type-product","3":"status-publish","4":"has-post-thumbnail","6":"product_cat-screwdriver-and-damaged-screw-remover","7":"desktop-align-left","8":"tablet-align-left","9":"mobile-align-left","11":"first","12":"instock","13":"shipping-taxable","14":"product-type-simple"},"acf":[],"_links":{"self":[{"href":"https:\/\/www.tenyutool.com\/tr\/wp-json\/wp\/v2\/product\/16862","targetHints":{"allow":["GET"]}}],"collection":[{"href":"https:\/\/www.tenyutool.com\/tr\/wp-json\/wp\/v2\/product"}],"about":[{"href":"https:\/\/www.tenyutool.com\/tr\/wp-json\/wp\/v2\/types\/product"}],"replies":[{"embeddable":true,"href":"https:\/\/www.tenyutool.com\/tr\/wp-json\/wp\/v2\/comments?post=16862"}],"wp:featuredmedia":[{"embeddable":true,"href":"https:\/\/www.tenyutool.com\/tr\/wp-json\/wp\/v2\/media\/16864"}],"wp:attachment":[{"href":"https:\/\/www.tenyutool.com\/tr\/wp-json\/wp\/v2\/media?parent=16862"}],"wp:term":[{"taxonomy":"product_brand","embeddable":true,"href":"https:\/\/www.tenyutool.com\/tr\/wp-json\/wp\/v2\/product_brand?post=16862"},{"taxonomy":"product_cat","embeddable":true,"href":"https:\/\/www.tenyutool.com\/tr\/wp-json\/wp\/v2\/product_cat?post=16862"},{"taxonomy":"product_tag","embeddable":true,"href":"https:\/\/www.tenyutool.com\/tr\/wp-json\/wp\/v2\/product_tag?post=16862"}],"curies":[{"name":"wp","href":"https:\/\/api.w.org\/{rel}","templated":true}]}}