{"id":16865,"date":"2023-01-02T02:26:18","date_gmt":"2023-01-02T02:26:18","guid":{"rendered":"https:\/\/www.tenyutool.com\/?post_type=product&#038;p=16865"},"modified":"2023-01-02T02:26:18","modified_gmt":"2023-01-02T02:26:18","slug":"200-300mm-altigen-sapli-esnek-matkap-ucu-manyetik-tornavida-saft-uzatma-bit-tutucu-icin-dar-alan","status":"publish","type":"product","link":"https:\/\/www.tenyutool.com\/tr\/product\/200-300mm-hex-shank-flexible-drill-bit-magnetic-screwdriver-shaft-extension-bit-holder-for-narrow-space\/","title":{"rendered":"Dar Alan i\u00e7in 200-300mm Hex Shank Esnek Matkap Ucu Manyetik Tornavida Mil Uzatma Bit Tutucu"},"content":{"rendered":"<p>\u00d6zellik:<\/p>\n<ul>\n<li>Y\u00fcksek kaliteli plastik ve \u00e7elik, onu onar\u0131m ve kurulum i\u00e7in iyi bir yard\u0131mc\u0131 yapmak i\u00e7in birle\u015ftirir.<\/li>\n<li data-spm-anchor-id=\"a2700.pc-decorate.0.i4.16b833331qKNNd\">Bir\u00e7ok farkl\u0131 a\u00e7\u0131da b\u00fck\u00fclebilir, b\u00fck\u00fclebilir ve d\u00f6nebilir.<\/li>\n<li data-spm-anchor-id=\"a2700.pc-decorate.0.i6.16b833331qKNNd\">Bu esnek matkap ucu uzant\u0131s\u0131n\u0131n daha fazla sorunu h\u0131zla \u00e7\u00f6zmenize yard\u0131mc\u0131 olmas\u0131na izin verin.<\/li>\n<li data-spm-anchor-id=\"a2700.pc-decorate.0.i7.16b833331qKNNd\">\u0130\u00e7 \u015faft geni\u015f bir d\u00f6n\u00fc\u015f aral\u0131\u011f\u0131na sahiptir ve k\u00fctle olarak stabildir.<\/li>\n<li data-spm-anchor-id=\"a2700.pc-decorate.0.i2.16b83333hu3tND\">Vidan\u0131za uygun, 1\/4&quot; (6,35 mm)<\/li>\n<\/ul>\n<figure id=\"attachment_16867\" aria-describedby=\"caption-attachment-16867\" style=\"width: 800px\" class=\"wp-caption alignnone\"><img fetchpriority=\"high\" decoding=\"async\" class=\"size-full wp-image-16867\" src=\"https:\/\/www.tenyutool.com\/wp-content\/uploads\/2023\/01\/H723d5dbeab014472b5f601f580ef344aQ.webp.jpg\" alt=\"200 300mm alt\u0131gen \u015faft esnek matkap ucu manyetik tornavida mil uzatma bit tutucu dar alan i\u00e7in\" width=\"800\" height=\"800\" srcset=\"https:\/\/www.tenyutool.com\/wp-content\/uploads\/2023\/01\/H723d5dbeab014472b5f601f580ef344aQ.webp.jpg 800w, https:\/\/www.tenyutool.com\/wp-content\/uploads\/2023\/01\/H723d5dbeab014472b5f601f580ef344aQ.webp-150x150.jpg 150w, https:\/\/www.tenyutool.com\/wp-content\/uploads\/2023\/01\/H723d5dbeab014472b5f601f580ef344aQ.webp-768x768.jpg 768w, https:\/\/www.tenyutool.com\/wp-content\/uploads\/2023\/01\/H723d5dbeab014472b5f601f580ef344aQ.webp-12x12.jpg 12w, https:\/\/www.tenyutool.com\/wp-content\/uploads\/2023\/01\/H723d5dbeab014472b5f601f580ef344aQ.webp-300x300.jpg 300w, https:\/\/www.tenyutool.com\/wp-content\/uploads\/2023\/01\/H723d5dbeab014472b5f601f580ef344aQ.webp-600x600.jpg 600w, https:\/\/www.tenyutool.com\/wp-content\/uploads\/2023\/01\/H723d5dbeab014472b5f601f580ef344aQ.webp-100x100.jpg 100w\" sizes=\"(max-width: 800px) 100vw, 800px\" \/><figcaption id=\"caption-attachment-16867\" class=\"wp-caption-text\">200 300mm alt\u0131gen \u015faft esnek matkap ucu manyetik tornavida mil uzatma bit tutucu dar alan i\u00e7in<\/figcaption><\/figure>\n<table width=\"794\">\n<tbody>\n<tr>\n<td colspan=\"6\" width=\"794\">\u00dcr\u00fcn A\u00e7\u0131klamas\u0131<\/td>\n<\/tr>\n<tr>\n<td colspan=\"6\">Sizin \u0130\u00e7in Daha Fazla Se\u00e7enek:<a href=\"https:\/\/www.tenyutool.com\/tr\/\"> Ev<\/a> &gt; Tornavida ve Hasarl\u0131 Vida S\u00f6k\u00fcc\u00fc<\/td>\n<\/tr>\n<tr>\n<td>\u00dcr\u00fcn ad\u0131<\/td>\n<td colspan=\"5\" width=\"572\">200-300mm Hex Shank Esnek Matkap Ucu Manyetik Tornavida Mil Uzatma Bit Tutucu Dar Alan i\u00e7in<\/td>\n<\/tr>\n<tr>\n<td>Malzeme<\/td>\n<td colspan=\"5\" width=\"572\">Karbon \u00c7eli\u011fi, M\u0131knat\u0131s \u00c7eli\u011fi ve Plastik<\/td>\n<\/tr>\n<tr>\n<td>\u0130ncik<\/td>\n<td colspan=\"5\" width=\"572\">1\/4&quot; Alt\u0131gen \u015eaft<\/td>\n<\/tr>\n<tr>\n<td>Renk<\/td>\n<td colspan=\"5\" width=\"572\">\u00a0Siyah\/Mavi\/K\u0131rm\u0131z\u0131\/Turuncu\/Sar\u0131<\/td>\n<\/tr>\n<tr>\n<td>Boyut<\/td>\n<td colspan=\"5\" width=\"572\">200mm, 250mm, 300mm<\/td>\n<\/tr>\n<tr>\n<td>paket<\/td>\n<td colspan=\"5\" width=\"572\">Bir \u00c7ift Blisterde Tek Par\u00e7a<\/td>\n<\/tr>\n<\/tbody>\n<\/table>","protected":false},"excerpt":{"rendered":"<p>Feature\uff1a High quality plastic and steel combine to make it a good helper for repair and installation. It can bend, twist and spin at many different angles. Let this flexible drill bit extension help you solve more problems quickly. The inner shaft has a wide rotation range and is stable in mass. Match your screw, [&hellip;]<\/p>\n","protected":false},"featured_media":16867,"comment_status":"closed","ping_status":"closed","template":"","meta":{"_acf_changed":false,"_seopress_robots_primary_cat":"","_seopress_titles_title":"200-300mm Hex Shank Flexible Drill Bit  | for Norrow Space","_seopress_titles_desc":"","_seopress_robots_index":"","site-sidebar-layout":"default","site-content-layout":"default","ast-site-content-layout":"default","site-content-style":"default","site-sidebar-style":"default","ast-global-header-display":"","ast-banner-title-visibility":"","ast-main-header-display":"","ast-hfb-above-header-display":"","ast-hfb-below-header-display":"","ast-hfb-mobile-header-display":"","site-post-title":"","ast-breadcrumbs-content":"","ast-featured-img":"","footer-sml-layout":"","ast-disable-related-posts":"","theme-transparent-header-meta":"default","adv-header-id-meta":"","stick-header-meta":"","header-above-stick-meta":"","header-main-stick-meta":"","header-below-stick-meta":"","astra-migrate-meta-layouts":"default","ast-page-background-enabled":"default","ast-page-background-meta":{"desktop":{"background-color":"","background-image":"","background-repeat":"repeat","background-position":"center center","background-size":"auto","background-attachment":"scroll","background-type":"","background-media":"","overlay-type":"","overlay-color":"","overlay-opacity":"","overlay-gradient":""},"tablet":{"background-color":"","background-image":"","background-repeat":"repeat","background-position":"center center","background-size":"auto","background-attachment":"scroll","background-type":"","background-media":"","overlay-type":"","overlay-color":"","overlay-opacity":"","overlay-gradient":""},"mobile":{"background-color":"","background-image":"","background-repeat":"repeat","background-position":"center center","background-size":"auto","background-attachment":"scroll","background-type":"","background-media":"","overlay-type":"","overlay-color":"","overlay-opacity":"","overlay-gradient":""}},"ast-content-background-meta":{"desktop":{"background-color":"var(--ast-global-color-5)","background-image":"","background-repeat":"repeat","background-position":"center center","background-size":"auto","background-attachment":"scroll","background-type":"","background-media":"","overlay-type":"","overlay-color":"","overlay-opacity":"","overlay-gradient":""},"tablet":{"background-color":"var(--ast-global-color-5)","background-image":"","background-repeat":"repeat","background-position":"center center","background-size":"auto","background-attachment":"scroll","background-type":"","background-media":"","overlay-type":"","overlay-color":"","overlay-opacity":"","overlay-gradient":""},"mobile":{"background-color":"var(--ast-global-color-5)","background-image":"","background-repeat":"repeat","background-position":"center center","background-size":"auto","background-attachment":"scroll","background-type":"","background-media":"","overlay-type":"","overlay-color":"","overlay-opacity":"","overlay-gradient":""}}},"product_brand":[],"product_cat":[38],"product_tag":[],"class_list":{"0":"post-16865","1":"product","2":"type-product","3":"status-publish","4":"has-post-thumbnail","6":"product_cat-screwdriver-and-damaged-screw-remover","7":"desktop-align-left","8":"tablet-align-left","9":"mobile-align-left","11":"first","12":"instock","13":"shipping-taxable","14":"product-type-simple"},"acf":[],"_links":{"self":[{"href":"https:\/\/www.tenyutool.com\/tr\/wp-json\/wp\/v2\/product\/16865","targetHints":{"allow":["GET"]}}],"collection":[{"href":"https:\/\/www.tenyutool.com\/tr\/wp-json\/wp\/v2\/product"}],"about":[{"href":"https:\/\/www.tenyutool.com\/tr\/wp-json\/wp\/v2\/types\/product"}],"replies":[{"embeddable":true,"href":"https:\/\/www.tenyutool.com\/tr\/wp-json\/wp\/v2\/comments?post=16865"}],"wp:featuredmedia":[{"embeddable":true,"href":"https:\/\/www.tenyutool.com\/tr\/wp-json\/wp\/v2\/media\/16867"}],"wp:attachment":[{"href":"https:\/\/www.tenyutool.com\/tr\/wp-json\/wp\/v2\/media?parent=16865"}],"wp:term":[{"taxonomy":"product_brand","embeddable":true,"href":"https:\/\/www.tenyutool.com\/tr\/wp-json\/wp\/v2\/product_brand?post=16865"},{"taxonomy":"product_cat","embeddable":true,"href":"https:\/\/www.tenyutool.com\/tr\/wp-json\/wp\/v2\/product_cat?post=16865"},{"taxonomy":"product_tag","embeddable":true,"href":"https:\/\/www.tenyutool.com\/tr\/wp-json\/wp\/v2\/product_tag?post=16865"}],"curies":[{"name":"wp","href":"https:\/\/api.w.org\/{rel}","templated":true}]}}