{"id":16868,"date":"2023-01-03T01:00:09","date_gmt":"2023-01-03T01:00:09","guid":{"rendered":"https:\/\/www.tenyutool.com\/?post_type=product&#038;p=16868"},"modified":"2023-01-03T01:00:10","modified_gmt":"2023-01-03T01:00:10","slug":"4-inc-yun-kece-parlatici-tekerlek-kece-yuksek-yogunluklu-ince-beyaz-yun-ped-acili-taslama-doner-alet-asindirici","status":"publish","type":"product","link":"https:\/\/www.tenyutool.com\/tr\/product\/4-inch-wool-felt-buffing-wheel-felt-high-density-fine-white-wool-pad-angle-grinder-rotary-tool-abrasive\/","title":{"rendered":"4 In\u00e7 Y\u00fcn Ke\u00e7e Parlat\u0131c\u0131 Tekerlek Ke\u00e7e Y\u00fcksek Yo\u011funluklu \u0130nce Beyaz Y\u00fcn Ped A\u00e7\u0131 \u00d6\u011f\u00fct\u00fcc\u00fc D\u00f6ner Alet A\u015f\u0131nd\u0131r\u0131c\u0131"},"content":{"rendered":"<p>\u00d6zellik:<\/p>\n<ul>\n<li>\u00a0Parlatma s\u0131ras\u0131nda y\u00fczeyi \u00e7izmeden yumu\u015fak ve \u00e7evre dostu do\u011fal malzeme.<\/li>\n<li data-spm-anchor-id=\"a2700.pc-decorate.0.i3.5fe93333wqOkWI\">\u00a0Disk pedi a\u015f\u0131nmaya dayan\u0131kl\u0131d\u0131r ve uzun hizmet s\u00fcresi i\u00e7in g\u00fcvenlidir.<\/li>\n<li data-spm-anchor-id=\"a2700.pc-decorate.0.i4.5fe93333wqOkWI\">Parlat\u0131c\u0131 tekerlek balatalar\u0131, \u00e7e\u015fitli y\u00fczey parlatma ve temizleme i\u015flemlerinde yayg\u0131n olarak kullan\u0131lmaktad\u0131r.<\/li>\n<li data-spm-anchor-id=\"a2700.pc-decorate.0.i5.5fe93333wqOkWI\">\u00a0A\u00e7\u0131 \u00d6\u011f\u00fct\u00fcc\u00fc i\u00e7in m\u00fckemmel.<\/li>\n<li data-spm-anchor-id=\"a2700.pc-decorate.0.i6.5fe93333wqOkWI\">\u00a0G\u00fc\u00e7l\u00fc Uyumluluk.<\/li>\n<\/ul>\n<figure id=\"attachment_16870\" aria-describedby=\"caption-attachment-16870\" style=\"width: 800px\" class=\"wp-caption alignnone\"><img fetchpriority=\"high\" decoding=\"async\" class=\"size-full wp-image-16870\" src=\"https:\/\/www.tenyutool.com\/wp-content\/uploads\/2023\/01\/Wool-Felt-Buffing-Wheel.jpg\" alt=\"4 in\u00e7 y\u00fcn ke\u00e7e parlat\u0131c\u0131 tekerlek ke\u00e7e y\u00fcksek yo\u011funluklu ince beyaz y\u00fcn ped a\u00e7\u0131l\u0131 ta\u015flama d\u00f6ner alet a\u015f\u0131nd\u0131r\u0131c\u0131\" width=\"800\" height=\"800\" srcset=\"https:\/\/www.tenyutool.com\/wp-content\/uploads\/2023\/01\/Wool-Felt-Buffing-Wheel.jpg 800w, https:\/\/www.tenyutool.com\/wp-content\/uploads\/2023\/01\/Wool-Felt-Buffing-Wheel-150x150.jpg 150w, https:\/\/www.tenyutool.com\/wp-content\/uploads\/2023\/01\/Wool-Felt-Buffing-Wheel-768x768.jpg 768w, https:\/\/www.tenyutool.com\/wp-content\/uploads\/2023\/01\/Wool-Felt-Buffing-Wheel-12x12.jpg 12w, https:\/\/www.tenyutool.com\/wp-content\/uploads\/2023\/01\/Wool-Felt-Buffing-Wheel-300x300.jpg 300w, https:\/\/www.tenyutool.com\/wp-content\/uploads\/2023\/01\/Wool-Felt-Buffing-Wheel-600x600.jpg 600w, https:\/\/www.tenyutool.com\/wp-content\/uploads\/2023\/01\/Wool-Felt-Buffing-Wheel-100x100.jpg 100w\" sizes=\"(max-width: 800px) 100vw, 800px\" \/><figcaption id=\"caption-attachment-16870\" class=\"wp-caption-text\">4 in\u00e7 y\u00fcn ke\u00e7e parlat\u0131c\u0131 tekerlek ke\u00e7e y\u00fcksek yo\u011funluklu ince beyaz y\u00fcn ped a\u00e7\u0131l\u0131 ta\u015flama d\u00f6ner alet a\u015f\u0131nd\u0131r\u0131c\u0131<\/figcaption><\/figure>\n<table width=\"794\">\n<tbody>\n<tr>\n<td colspan=\"6\" width=\"794\">\u00dcr\u00fcn A\u00e7\u0131klamas\u0131<\/td>\n<\/tr>\n<tr>\n<td colspan=\"6\">Sizin \u0130\u00e7in Daha Fazla Se\u00e7enek: <a href=\"https:\/\/www.tenyutool.com\/tr\/\">Ev<\/a> &gt; Parlatma Parlatma Aletleri<\/td>\n<\/tr>\n<tr>\n<td>\u00dcr\u00fcn ad\u0131<\/td>\n<td colspan=\"5\" width=\"572\">4 In\u00e7 Y\u00fcn Ke\u00e7e Parlat\u0131c\u0131 Tekerlek Ke\u00e7e Y\u00fcksek Yo\u011funluklu \u0130nce Beyaz Y\u00fcn Ped A\u00e7\u0131 \u00d6\u011f\u00fct\u00fcc\u00fc D\u00f6ner Alet A\u015f\u0131nd\u0131r\u0131c\u0131<\/td>\n<\/tr>\n<tr>\n<td>Malzeme<\/td>\n<td colspan=\"5\" width=\"572\">100% Y\u00fcn Ke\u00e7e<\/td>\n<\/tr>\n<tr>\n<td>Destek Malzemesi<\/td>\n<td colspan=\"5\">Plastik<\/td>\n<\/tr>\n<tr>\n<td>Renk<\/td>\n<td colspan=\"5\" width=\"572\">Beyaz<\/td>\n<\/tr>\n<tr>\n<td>Ba\u015fvuru<\/td>\n<td colspan=\"5\" width=\"572\">\u00a0mermer cilas\u0131<\/td>\n<\/tr>\n<tr>\n<td>paket<\/td>\n<td colspan=\"5\" width=\"572\">Y\u00fcn Ke\u00e7e Parlatma Ta\u015flama Diski i\u00e7in \u0130\u00e7 Plastik Torba D\u0131\u015f Karton Kutu<\/td>\n<\/tr>\n<\/tbody>\n<\/table>","protected":false},"excerpt":{"rendered":"<p>Feature: \u00a0soft &amp; enviromental-friendly natural material without scratching the surface when polishing. \u00a0The disc pad is wear resistant and safe for long service period. Buffing wheel pads are widely used in various surface buffing and cleaning. \u00a0Perfect for Angle Grinder. \u00a0Strong Compatibility. Product Description More Choice For You: Home &gt; Buffing Polishing Tools Product Name [&hellip;]<\/p>\n","protected":false},"featured_media":16870,"comment_status":"closed","ping_status":"closed","template":"","meta":{"_acf_changed":false,"_seopress_robots_primary_cat":"","_seopress_titles_title":"Wool Felt Buffing Wheel Felt |  Angle Grinder Rotary Tool Abrasive","_seopress_titles_desc":"","_seopress_robots_index":"","site-sidebar-layout":"default","site-content-layout":"default","ast-site-content-layout":"default","site-content-style":"default","site-sidebar-style":"default","ast-global-header-display":"","ast-banner-title-visibility":"","ast-main-header-display":"","ast-hfb-above-header-display":"","ast-hfb-below-header-display":"","ast-hfb-mobile-header-display":"","site-post-title":"","ast-breadcrumbs-content":"","ast-featured-img":"","footer-sml-layout":"","ast-disable-related-posts":"","theme-transparent-header-meta":"default","adv-header-id-meta":"","stick-header-meta":"","header-above-stick-meta":"","header-main-stick-meta":"","header-below-stick-meta":"","astra-migrate-meta-layouts":"default","ast-page-background-enabled":"default","ast-page-background-meta":{"desktop":{"background-color":"","background-image":"","background-repeat":"repeat","background-position":"center center","background-size":"auto","background-attachment":"scroll","background-type":"","background-media":"","overlay-type":"","overlay-color":"","overlay-opacity":"","overlay-gradient":""},"tablet":{"background-color":"","background-image":"","background-repeat":"repeat","background-position":"center center","background-size":"auto","background-attachment":"scroll","background-type":"","background-media":"","overlay-type":"","overlay-color":"","overlay-opacity":"","overlay-gradient":""},"mobile":{"background-color":"","background-image":"","background-repeat":"repeat","background-position":"center center","background-size":"auto","background-attachment":"scroll","background-type":"","background-media":"","overlay-type":"","overlay-color":"","overlay-opacity":"","overlay-gradient":""}},"ast-content-background-meta":{"desktop":{"background-color":"var(--ast-global-color-5)","background-image":"","background-repeat":"repeat","background-position":"center center","background-size":"auto","background-attachment":"scroll","background-type":"","background-media":"","overlay-type":"","overlay-color":"","overlay-opacity":"","overlay-gradient":""},"tablet":{"background-color":"var(--ast-global-color-5)","background-image":"","background-repeat":"repeat","background-position":"center center","background-size":"auto","background-attachment":"scroll","background-type":"","background-media":"","overlay-type":"","overlay-color":"","overlay-opacity":"","overlay-gradient":""},"mobile":{"background-color":"var(--ast-global-color-5)","background-image":"","background-repeat":"repeat","background-position":"center center","background-size":"auto","background-attachment":"scroll","background-type":"","background-media":"","overlay-type":"","overlay-color":"","overlay-opacity":"","overlay-gradient":""}}},"product_brand":[],"product_cat":[35],"product_tag":[],"class_list":{"0":"post-16868","1":"product","2":"type-product","3":"status-publish","4":"has-post-thumbnail","6":"product_cat-polishing-tools","7":"desktop-align-left","8":"tablet-align-left","9":"mobile-align-left","11":"first","12":"instock","13":"shipping-taxable","14":"product-type-simple"},"acf":[],"_links":{"self":[{"href":"https:\/\/www.tenyutool.com\/tr\/wp-json\/wp\/v2\/product\/16868","targetHints":{"allow":["GET"]}}],"collection":[{"href":"https:\/\/www.tenyutool.com\/tr\/wp-json\/wp\/v2\/product"}],"about":[{"href":"https:\/\/www.tenyutool.com\/tr\/wp-json\/wp\/v2\/types\/product"}],"replies":[{"embeddable":true,"href":"https:\/\/www.tenyutool.com\/tr\/wp-json\/wp\/v2\/comments?post=16868"}],"wp:featuredmedia":[{"embeddable":true,"href":"https:\/\/www.tenyutool.com\/tr\/wp-json\/wp\/v2\/media\/16870"}],"wp:attachment":[{"href":"https:\/\/www.tenyutool.com\/tr\/wp-json\/wp\/v2\/media?parent=16868"}],"wp:term":[{"taxonomy":"product_brand","embeddable":true,"href":"https:\/\/www.tenyutool.com\/tr\/wp-json\/wp\/v2\/product_brand?post=16868"},{"taxonomy":"product_cat","embeddable":true,"href":"https:\/\/www.tenyutool.com\/tr\/wp-json\/wp\/v2\/product_cat?post=16868"},{"taxonomy":"product_tag","embeddable":true,"href":"https:\/\/www.tenyutool.com\/tr\/wp-json\/wp\/v2\/product_tag?post=16868"}],"curies":[{"name":"wp","href":"https:\/\/api.w.org\/{rel}","templated":true}]}}