{"id":16872,"date":"2023-01-09T02:18:05","date_gmt":"2023-01-09T02:18:05","guid":{"rendered":"https:\/\/www.tenyutool.com\/?post_type=product&#038;p=16872"},"modified":"2023-01-09T02:18:05","modified_gmt":"2023-01-09T02:18:05","slug":"6-inc-aluminyum-oksit-zimpara-kagidi-60-2000-grit-yuvarlak-zimpara-kagidi-parlatma-islak-ve-kuru-zimpara-diski","status":"publish","type":"product","link":"https:\/\/www.tenyutool.com\/tr\/product\/6-inch-aluminum-oxide-sandpaper-60-2000-grit-round-sandpaper-polishing-wet-and-dry-sanding-disc\/","title":{"rendered":"6-in\u00e7 Al\u00fcminyum Oksit Z\u0131mpara Ka\u011f\u0131d\u0131 60-2000 Grit Yuvarlak Z\u0131mpara Parlatma Islak ve Kuru Z\u0131mpara Diski"},"content":{"rendered":"<p>\u00d6zellik:<\/p>\n<ul>\n<li>\u00c7ok i\u015flevli net z\u0131mpara malzemesi, s\u00fcper t\u0131kanma \u00f6nleyici etki, toz birikimini etkili bir \u015fekilde azaltabilir.<\/li>\n<li>Neredeyse tozsuz z\u0131mparalama, ta\u015f\u0131nabilir veya di\u011fer vakumlama sistemleriyle kullan\u0131labilir.<\/li>\n<li>Otomotiv i\u015fleri, araba cilalama, ah\u015fap i\u015fleri, metal i\u015fleri, z\u0131mparalama astarlar\u0131, cam elyaf\u0131 ve plastikler i\u00e7in yayg\u0131n olarak kullan\u0131l\u0131r.<\/li>\n<li>Kolay kurulum ve kald\u0131rma, ayr\u0131ca kullan\u0131mda kuruldu\u011funda d\u00fc\u015fmeyecektir.<\/li>\n<li>Hem \u0131slak hem de kuru ama\u00e7lar i\u00e7in kullan\u0131labilirler.<\/li>\n<\/ul>\n<figure id=\"attachment_16874\" aria-describedby=\"caption-attachment-16874\" style=\"width: 800px\" class=\"wp-caption alignnone\"><img fetchpriority=\"high\" decoding=\"async\" class=\"size-full wp-image-16874\" src=\"https:\/\/www.tenyutool.com\/wp-content\/uploads\/2023\/01\/Round-Sandpaper.jpg\" alt=\"6 in\u00e7 al\u00fcminyum oksit z\u0131mpara 60 2000 grit yuvarlak z\u0131mpara parlatma \u0131slak ve kuru z\u0131mpara diski\" width=\"800\" height=\"800\" srcset=\"https:\/\/www.tenyutool.com\/wp-content\/uploads\/2023\/01\/Round-Sandpaper.jpg 800w, https:\/\/www.tenyutool.com\/wp-content\/uploads\/2023\/01\/Round-Sandpaper-150x150.jpg 150w, https:\/\/www.tenyutool.com\/wp-content\/uploads\/2023\/01\/Round-Sandpaper-768x768.jpg 768w, https:\/\/www.tenyutool.com\/wp-content\/uploads\/2023\/01\/Round-Sandpaper-12x12.jpg 12w, https:\/\/www.tenyutool.com\/wp-content\/uploads\/2023\/01\/Round-Sandpaper-300x300.jpg 300w, https:\/\/www.tenyutool.com\/wp-content\/uploads\/2023\/01\/Round-Sandpaper-600x600.jpg 600w, https:\/\/www.tenyutool.com\/wp-content\/uploads\/2023\/01\/Round-Sandpaper-100x100.jpg 100w\" sizes=\"(max-width: 800px) 100vw, 800px\" \/><figcaption id=\"caption-attachment-16874\" class=\"wp-caption-text\">6 in\u00e7 al\u00fcminyum oksit z\u0131mpara 60 2000 grit yuvarlak z\u0131mpara parlatma \u0131slak ve kuru z\u0131mpara diski<\/figcaption><\/figure>\n<table style=\"border-collapse: collapse; width: 595.52pt;\" border=\"0\" width=\"794\" cellspacing=\"0\" cellpadding=\"0\">\n<tbody>\n<tr style=\"height: 35.00pt;\">\n<td class=\"et2\" style=\"height: 35.00pt; width: 595.50pt;\" colspan=\"6\" width=\"794\" height=\"46\">\u00dcr\u00fcn A\u00e7\u0131klamas\u0131<\/td>\n<\/tr>\n<tr style=\"height: 35.00pt;\">\n<td class=\"et3\" style=\"height: 35.00pt;\" colspan=\"6\" height=\"46\">Sizin \u0130\u00e7in Daha Fazla Se\u00e7enek<span class=\"font4\">\uff1a <\/span><a href=\"https:\/\/www.tenyutool.com\/tr\/\"><span class=\"font3\">Ev<\/span><\/a><span class=\"font4\">\uff1e<\/span><span class=\"font3\">Parlatma Aletleri &gt; Z\u0131mpara Ka\u011f\u0131d\u0131<\/span><\/td>\n<\/tr>\n<tr style=\"height: 35.00pt;\">\n<td class=\"et4\" style=\"height: 35.00pt;\" height=\"46\">\u00dcr\u00fcn ad\u0131<\/td>\n<td class=\"et5\" style=\"width: 429.00pt;\" colspan=\"5\" width=\"572\">6-in\u00e7 Al\u00fcminyum Oksit Z\u0131mpara Ka\u011f\u0131d\u0131 60-2000 Grit Yuvarlak Z\u0131mpara Parlatma Islak ve Kuru Z\u0131mpara Diski<\/td>\n<\/tr>\n<tr style=\"height: 35.00pt;\">\n<td class=\"et4\" style=\"height: 35.00pt;\" height=\"46\">Malzeme<\/td>\n<td class=\"et5\" style=\"width: 429.00pt;\" colspan=\"5\" width=\"572\">Al\u00fcminyum Oksit Z\u0131mpara Ka\u011f\u0131d\u0131<\/td>\n<\/tr>\n<tr style=\"height: 35.00pt;\">\n<td class=\"et7\" style=\"height: 35.00pt;\" height=\"46\">Ba\u015fvuru<\/td>\n<td class=\"et6\" colspan=\"5\">Z\u0131mparalama veya Parlatma i\u00e7in<\/td>\n<\/tr>\n<tr style=\"height: 35.00pt;\">\n<td class=\"et7\" style=\"height: 35.00pt;\" height=\"46\">Kumta\u015f\u0131<\/td>\n<td class=\"et5\" style=\"width: 429.00pt;\" colspan=\"5\" width=\"572\">60-2000 Kum<\/td>\n<\/tr>\n<tr style=\"height: 35.00pt;\">\n<td class=\"et7\" style=\"height: 35.00pt;\" height=\"46\">Tip<\/td>\n<td class=\"et5\" style=\"width: 429.00pt;\" colspan=\"5\" width=\"572\">A\u015f\u0131nd\u0131r\u0131c\u0131 Disk<\/td>\n<\/tr>\n<tr style=\"height: 35.00pt;\">\n<td class=\"et7\" style=\"height: 35.00pt;\" height=\"46\">paket<\/td>\n<td class=\"et5\" style=\"width: 429.00pt;\" colspan=\"5\" width=\"572\">100 adet\/torba, 1000 adet\/ctn, standart karton<\/td>\n<\/tr>\n<\/tbody>\n<\/table>","protected":false},"excerpt":{"rendered":"<p>Feature: Multifunctional net sanding material, super anti-clogging effect can effectively reduce dust deposition. Virtually dust-free sanding, can be used with portable or other vacuuming systems. Widely used for automotive work, car polishing, wood working, metal working, sanding down primers, fiberglass and plastics. Easy installation and removal, also will not fall off when installed in use. [&hellip;]<\/p>\n","protected":false},"featured_media":16874,"comment_status":"closed","ping_status":"closed","template":"","meta":{"_acf_changed":false,"_seopress_robots_primary_cat":"","_seopress_titles_title":"Aluminum Oxide Sandpaper | Sandpaper Polishing Wet and Dry Sanding Disc","_seopress_titles_desc":"","_seopress_robots_index":"","site-sidebar-layout":"default","site-content-layout":"default","ast-site-content-layout":"default","site-content-style":"default","site-sidebar-style":"default","ast-global-header-display":"","ast-banner-title-visibility":"","ast-main-header-display":"","ast-hfb-above-header-display":"","ast-hfb-below-header-display":"","ast-hfb-mobile-header-display":"","site-post-title":"","ast-breadcrumbs-content":"","ast-featured-img":"","footer-sml-layout":"","ast-disable-related-posts":"","theme-transparent-header-meta":"default","adv-header-id-meta":"","stick-header-meta":"","header-above-stick-meta":"","header-main-stick-meta":"","header-below-stick-meta":"","astra-migrate-meta-layouts":"default","ast-page-background-enabled":"default","ast-page-background-meta":{"desktop":{"background-color":"","background-image":"","background-repeat":"repeat","background-position":"center center","background-size":"auto","background-attachment":"scroll","background-type":"","background-media":"","overlay-type":"","overlay-color":"","overlay-opacity":"","overlay-gradient":""},"tablet":{"background-color":"","background-image":"","background-repeat":"repeat","background-position":"center center","background-size":"auto","background-attachment":"scroll","background-type":"","background-media":"","overlay-type":"","overlay-color":"","overlay-opacity":"","overlay-gradient":""},"mobile":{"background-color":"","background-image":"","background-repeat":"repeat","background-position":"center center","background-size":"auto","background-attachment":"scroll","background-type":"","background-media":"","overlay-type":"","overlay-color":"","overlay-opacity":"","overlay-gradient":""}},"ast-content-background-meta":{"desktop":{"background-color":"var(--ast-global-color-5)","background-image":"","background-repeat":"repeat","background-position":"center center","background-size":"auto","background-attachment":"scroll","background-type":"","background-media":"","overlay-type":"","overlay-color":"","overlay-opacity":"","overlay-gradient":""},"tablet":{"background-color":"var(--ast-global-color-5)","background-image":"","background-repeat":"repeat","background-position":"center center","background-size":"auto","background-attachment":"scroll","background-type":"","background-media":"","overlay-type":"","overlay-color":"","overlay-opacity":"","overlay-gradient":""},"mobile":{"background-color":"var(--ast-global-color-5)","background-image":"","background-repeat":"repeat","background-position":"center center","background-size":"auto","background-attachment":"scroll","background-type":"","background-media":"","overlay-type":"","overlay-color":"","overlay-opacity":"","overlay-gradient":""}}},"product_brand":[],"product_cat":[35],"product_tag":[],"class_list":{"0":"post-16872","1":"product","2":"type-product","3":"status-publish","4":"has-post-thumbnail","6":"product_cat-polishing-tools","7":"desktop-align-left","8":"tablet-align-left","9":"mobile-align-left","11":"first","12":"instock","13":"shipping-taxable","14":"product-type-simple"},"acf":[],"_links":{"self":[{"href":"https:\/\/www.tenyutool.com\/tr\/wp-json\/wp\/v2\/product\/16872","targetHints":{"allow":["GET"]}}],"collection":[{"href":"https:\/\/www.tenyutool.com\/tr\/wp-json\/wp\/v2\/product"}],"about":[{"href":"https:\/\/www.tenyutool.com\/tr\/wp-json\/wp\/v2\/types\/product"}],"replies":[{"embeddable":true,"href":"https:\/\/www.tenyutool.com\/tr\/wp-json\/wp\/v2\/comments?post=16872"}],"wp:featuredmedia":[{"embeddable":true,"href":"https:\/\/www.tenyutool.com\/tr\/wp-json\/wp\/v2\/media\/16874"}],"wp:attachment":[{"href":"https:\/\/www.tenyutool.com\/tr\/wp-json\/wp\/v2\/media?parent=16872"}],"wp:term":[{"taxonomy":"product_brand","embeddable":true,"href":"https:\/\/www.tenyutool.com\/tr\/wp-json\/wp\/v2\/product_brand?post=16872"},{"taxonomy":"product_cat","embeddable":true,"href":"https:\/\/www.tenyutool.com\/tr\/wp-json\/wp\/v2\/product_cat?post=16872"},{"taxonomy":"product_tag","embeddable":true,"href":"https:\/\/www.tenyutool.com\/tr\/wp-json\/wp\/v2\/product_tag?post=16872"}],"curies":[{"name":"wp","href":"https:\/\/api.w.org\/{rel}","templated":true}]}}