{"id":16875,"date":"2023-01-09T02:36:10","date_gmt":"2023-01-09T02:36:10","guid":{"rendered":"https:\/\/www.tenyutool.com\/?post_type=product&#038;p=16875"},"modified":"2023-01-09T02:36:10","modified_gmt":"2023-01-09T02:36:10","slug":"4-parca-cok-amacli-power-clean-scrubber-firca-elektrikli-temizleme-fircasi-kit-ile-uzatma","status":"publish","type":"product","link":"https:\/\/www.tenyutool.com\/tr\/product\/4-pcs-all-purpose-power-clean-scrubber-brush-electric-cleaning-brush-kit-with-extend\/","title":{"rendered":"4 adet \u00c7ok Ama\u00e7l\u0131 Power Clean Ovma F\u0131r\u00e7as\u0131 Elektrikli Temizleme F\u0131r\u00e7as\u0131 Kiti Uzat\u0131n"},"content":{"rendered":"<p>\u00d6zellik:<\/p>\n<ul>\n<li>Sertlik matkap f\u0131r\u00e7as\u0131 kafas\u0131, inat\u00e7\u0131 temizlik i\u015fini daha h\u0131zl\u0131 yapabilir ve temizli\u011fi daha kapsaml\u0131 hale getirebilir.<\/li>\n<li data-spm-anchor-id=\"a2700.pc-decorate.0.i11.1e803333A6CFv9\">T\u00fcm f\u0131r\u00e7alar, \u00e7o\u011fu matkaba ve s\u00fcr\u00fcc\u00fcye uyacak \u015fekilde \u00e7eyrek in\u00e7lik h\u0131zl\u0131 vites de\u011fi\u015ftirme \u00f6zelli\u011fine sahiptir.<\/li>\n<li data-spm-anchor-id=\"a2700.pc-decorate.0.i12.1e803333A6CFv9\">Banyo y\u00fczeylerinizin etraf\u0131n\u0131 temizlemek i\u00e7in farkl\u0131 boyutlarda ve \u015fekillerde f\u0131r\u00e7alar.<\/li>\n<li data-spm-anchor-id=\"a2700.pc-decorate.0.i13.1e803333A6CFv9\">Orta sertlikte naylon k\u0131llar, k\u00fcvet ve du\u015f karosu y\u00fczeylerinizi \u00e7izmez.<\/li>\n<li data-spm-anchor-id=\"a2700.pc-decorate.0.i14.1e803333A6CFv9\">Elektrikli y\u0131kay\u0131c\u0131 matkap f\u0131r\u00e7as\u0131 temizli\u011fi, manuel temizlemeye g\u00f6re daha verimli hale gelir ve daha temiz y\u00fczeyler elde eder.<\/li>\n<\/ul>\n<figure id=\"attachment_16877\" aria-describedby=\"caption-attachment-16877\" style=\"width: 800px\" class=\"wp-caption alignnone\"><img fetchpriority=\"high\" decoding=\"async\" class=\"size-full wp-image-16877\" src=\"https:\/\/www.tenyutool.com\/wp-content\/uploads\/2023\/01\/Scrubber-Brush-Electric.jpg\" alt=\"4 adet \u00e7ok ama\u00e7l\u0131 g\u00fc\u00e7 temiz yer ovma f\u0131r\u00e7as\u0131 elektrikli temizleme f\u0131r\u00e7as\u0131 seti uzatmal\u0131\" width=\"800\" height=\"800\" srcset=\"https:\/\/www.tenyutool.com\/wp-content\/uploads\/2023\/01\/Scrubber-Brush-Electric.jpg 800w, https:\/\/www.tenyutool.com\/wp-content\/uploads\/2023\/01\/Scrubber-Brush-Electric-150x150.jpg 150w, https:\/\/www.tenyutool.com\/wp-content\/uploads\/2023\/01\/Scrubber-Brush-Electric-768x768.jpg 768w, https:\/\/www.tenyutool.com\/wp-content\/uploads\/2023\/01\/Scrubber-Brush-Electric-12x12.jpg 12w, https:\/\/www.tenyutool.com\/wp-content\/uploads\/2023\/01\/Scrubber-Brush-Electric-300x300.jpg 300w, https:\/\/www.tenyutool.com\/wp-content\/uploads\/2023\/01\/Scrubber-Brush-Electric-600x600.jpg 600w, https:\/\/www.tenyutool.com\/wp-content\/uploads\/2023\/01\/Scrubber-Brush-Electric-100x100.jpg 100w\" sizes=\"(max-width: 800px) 100vw, 800px\" \/><figcaption id=\"caption-attachment-16877\" class=\"wp-caption-text\">4 adet \u00e7ok ama\u00e7l\u0131 g\u00fc\u00e7 temiz yer ovma f\u0131r\u00e7as\u0131 uzatmal\u0131 elektrikli temizleme f\u0131r\u00e7as\u0131 seti<\/figcaption><\/figure>\n<table width=\"794\">\n<tbody>\n<tr>\n<td colspan=\"6\" width=\"794\">\u00dcr\u00fcn A\u00e7\u0131klamas\u0131<\/td>\n<\/tr>\n<tr>\n<td colspan=\"6\">Sizin \u0130\u00e7in Daha Fazla Se\u00e7enek: <a href=\"https:\/\/www.tenyutool.com\/tr\/\">Ev<\/a> &gt; Temizleme F\u0131r\u00e7as\u0131<\/td>\n<\/tr>\n<tr>\n<td>\u00dcr\u00fcn ad\u0131<\/td>\n<td colspan=\"5\">4 adet \u00c7ok Ama\u00e7l\u0131 Power Clean Ovma F\u0131r\u00e7as\u0131 Elektrikli Temizleme F\u0131r\u00e7as\u0131 Kiti Uzat\u0131n<\/td>\n<\/tr>\n<tr>\n<td>Malzeme<\/td>\n<td colspan=\"5\" width=\"572\">PP<\/td>\n<\/tr>\n<tr>\n<td>Ba\u015fvuru<\/td>\n<td colspan=\"5\" width=\"572\">\u00a0Temizleme F\u0131r\u00e7as\u0131 i\u00e7in<\/td>\n<\/tr>\n<tr>\n<td>Renk<\/td>\n<td colspan=\"5\" width=\"572\">\u00a0beyaz, sar\u0131, ye\u015fil, mavi, k\u0131rm\u0131z\u0131, siyah<\/td>\n<\/tr>\n<tr>\n<td>paket<\/td>\n<td colspan=\"5\" width=\"572\">100 ADET\/KOL\u0130 Standart Kartonda Gelir<\/td>\n<\/tr>\n<\/tbody>\n<\/table>","protected":false},"excerpt":{"rendered":"<p>Feature: Stiffness drill brush head can get the stubborn cleaning job done faster and make cleaning more thoroughly. All brushes have quarter inch quick change shift to fits most drills and drivers. Different sizes and shapes of brushes for cleaning around your bathroom surfaces. Medium stiffness nylon bristles will not scratch your bathtub and shower [&hellip;]<\/p>\n","protected":false},"featured_media":16877,"comment_status":"closed","ping_status":"closed","template":"","meta":{"_acf_changed":false,"_seopress_robots_primary_cat":"","_seopress_titles_title":"All Purpose Power Clean Scrubber Brush Electric Cleaning | Brush Kit with Extend","_seopress_titles_desc":"","_seopress_robots_index":"","site-sidebar-layout":"default","site-content-layout":"default","ast-site-content-layout":"default","site-content-style":"default","site-sidebar-style":"default","ast-global-header-display":"","ast-banner-title-visibility":"","ast-main-header-display":"","ast-hfb-above-header-display":"","ast-hfb-below-header-display":"","ast-hfb-mobile-header-display":"","site-post-title":"","ast-breadcrumbs-content":"","ast-featured-img":"","footer-sml-layout":"","ast-disable-related-posts":"","theme-transparent-header-meta":"default","adv-header-id-meta":"","stick-header-meta":"","header-above-stick-meta":"","header-main-stick-meta":"","header-below-stick-meta":"","astra-migrate-meta-layouts":"default","ast-page-background-enabled":"default","ast-page-background-meta":{"desktop":{"background-color":"","background-image":"","background-repeat":"repeat","background-position":"center center","background-size":"auto","background-attachment":"scroll","background-type":"","background-media":"","overlay-type":"","overlay-color":"","overlay-opacity":"","overlay-gradient":""},"tablet":{"background-color":"","background-image":"","background-repeat":"repeat","background-position":"center center","background-size":"auto","background-attachment":"scroll","background-type":"","background-media":"","overlay-type":"","overlay-color":"","overlay-opacity":"","overlay-gradient":""},"mobile":{"background-color":"","background-image":"","background-repeat":"repeat","background-position":"center center","background-size":"auto","background-attachment":"scroll","background-type":"","background-media":"","overlay-type":"","overlay-color":"","overlay-opacity":"","overlay-gradient":""}},"ast-content-background-meta":{"desktop":{"background-color":"var(--ast-global-color-5)","background-image":"","background-repeat":"repeat","background-position":"center center","background-size":"auto","background-attachment":"scroll","background-type":"","background-media":"","overlay-type":"","overlay-color":"","overlay-opacity":"","overlay-gradient":""},"tablet":{"background-color":"var(--ast-global-color-5)","background-image":"","background-repeat":"repeat","background-position":"center center","background-size":"auto","background-attachment":"scroll","background-type":"","background-media":"","overlay-type":"","overlay-color":"","overlay-opacity":"","overlay-gradient":""},"mobile":{"background-color":"var(--ast-global-color-5)","background-image":"","background-repeat":"repeat","background-position":"center center","background-size":"auto","background-attachment":"scroll","background-type":"","background-media":"","overlay-type":"","overlay-color":"","overlay-opacity":"","overlay-gradient":""}}},"product_brand":[],"product_cat":[36],"product_tag":[],"class_list":{"0":"post-16875","1":"product","2":"type-product","3":"status-publish","4":"has-post-thumbnail","6":"product_cat-new-tools","7":"desktop-align-left","8":"tablet-align-left","9":"mobile-align-left","11":"first","12":"instock","13":"shipping-taxable","14":"product-type-simple"},"acf":[],"_links":{"self":[{"href":"https:\/\/www.tenyutool.com\/tr\/wp-json\/wp\/v2\/product\/16875","targetHints":{"allow":["GET"]}}],"collection":[{"href":"https:\/\/www.tenyutool.com\/tr\/wp-json\/wp\/v2\/product"}],"about":[{"href":"https:\/\/www.tenyutool.com\/tr\/wp-json\/wp\/v2\/types\/product"}],"replies":[{"embeddable":true,"href":"https:\/\/www.tenyutool.com\/tr\/wp-json\/wp\/v2\/comments?post=16875"}],"wp:featuredmedia":[{"embeddable":true,"href":"https:\/\/www.tenyutool.com\/tr\/wp-json\/wp\/v2\/media\/16877"}],"wp:attachment":[{"href":"https:\/\/www.tenyutool.com\/tr\/wp-json\/wp\/v2\/media?parent=16875"}],"wp:term":[{"taxonomy":"product_brand","embeddable":true,"href":"https:\/\/www.tenyutool.com\/tr\/wp-json\/wp\/v2\/product_brand?post=16875"},{"taxonomy":"product_cat","embeddable":true,"href":"https:\/\/www.tenyutool.com\/tr\/wp-json\/wp\/v2\/product_cat?post=16875"},{"taxonomy":"product_tag","embeddable":true,"href":"https:\/\/www.tenyutool.com\/tr\/wp-json\/wp\/v2\/product_tag?post=16875"}],"curies":[{"name":"wp","href":"https:\/\/api.w.org\/{rel}","templated":true}]}}