{"id":16891,"date":"2023-01-15T05:40:47","date_gmt":"2023-01-15T05:40:47","guid":{"rendered":"https:\/\/www.tenyutool.com\/?post_type=product&#038;p=16891"},"modified":"2023-01-31T08:03:44","modified_gmt":"2023-01-31T08:03:44","slug":"el-agac-isleme-dubel-jig-duz-delik-bulucu-ahsap-delme-kavila-aksesuarlari-diy-araci","status":"publish","type":"product","link":"https:\/\/www.tenyutool.com\/tr\/product\/handheld-woodworking-doweling-jig-straight-hole-locator-wood-drilling-dowelling-accessories-diy-tool\/","title":{"rendered":"El A\u011fa\u00e7 \u0130\u015fleme D\u00fcbel Jig D\u00fcz Delik Bulucu Ah\u015fap Delme Kavila Aksesuarlar\u0131 DIY arac\u0131"},"content":{"rendered":"<p>\u00d6zellik:<\/p>\n<ul>\n<li>Metal Bur\u00e7lu, Sa\u011flam, Dayan\u0131kl\u0131 ve Uzun Hizmet \u00d6mr\u00fc ile Y\u00fcksek Etkili Plastik.<\/li>\n<li data-spm-anchor-id=\"a2700.pc-decorate.0.i5.1fd53333HgqKHR\">U\u00e7tan uca, T ve u\u00e7tan uca birle\u015ftirmeler yapabilir.<\/li>\n<li data-spm-anchor-id=\"a2700.pc-decorate.0.i9.1fd53333HgqKHR\">Milimetre do\u011frulu\u011fu, mesafe do\u011fru bir \u015fekilde ayarlanabilir, a\u011fa\u00e7 i\u015fleme delme i\u00e7in uygundur.<\/li>\n<li data-spm-anchor-id=\"a2700.pc-decorate.0.i4.1fd53333HgqKHR\">Matkap deli\u011fi ile ah\u015fap kenar\u0131 aras\u0131ndaki mesafe ileri geri ayarlanabilir.<\/li>\n<li data-spm-anchor-id=\"a2700.pc-decorate.0.i11.1fd53333HgqKHR\">6mm 8mm10mm matkap u\u00e7lar\u0131na uygundur, montaj\u0131 kolayd\u0131r, yuvarlak d\u00fcbellerin birle\u015ftirilmesinde kullan\u0131labilir.<\/li>\n<\/ul>\n<figure id=\"attachment_16893\" aria-describedby=\"caption-attachment-16893\" style=\"width: 800px\" class=\"wp-caption alignnone\"><img fetchpriority=\"high\" decoding=\"async\" class=\"size-full wp-image-16893\" src=\"https:\/\/www.tenyutool.com\/wp-content\/uploads\/2023\/01\/Straight-Hole-Locator-.jpg\" alt=\"El a\u011fa\u00e7 \u0130\u015fleme d\u00fcbel jig d\u00fcz delik bulucu ah\u015fap delme kavila aksesuarlar\u0131 diy arac\u0131\" width=\"800\" height=\"800\" srcset=\"https:\/\/www.tenyutool.com\/wp-content\/uploads\/2023\/01\/Straight-Hole-Locator-.jpg 800w, https:\/\/www.tenyutool.com\/wp-content\/uploads\/2023\/01\/Straight-Hole-Locator--150x150.jpg 150w, https:\/\/www.tenyutool.com\/wp-content\/uploads\/2023\/01\/Straight-Hole-Locator--768x768.jpg 768w, https:\/\/www.tenyutool.com\/wp-content\/uploads\/2023\/01\/Straight-Hole-Locator--12x12.jpg 12w, https:\/\/www.tenyutool.com\/wp-content\/uploads\/2023\/01\/Straight-Hole-Locator--300x300.jpg 300w, https:\/\/www.tenyutool.com\/wp-content\/uploads\/2023\/01\/Straight-Hole-Locator--600x600.jpg 600w, https:\/\/www.tenyutool.com\/wp-content\/uploads\/2023\/01\/Straight-Hole-Locator--100x100.jpg 100w\" sizes=\"(max-width: 800px) 100vw, 800px\" \/><figcaption id=\"caption-attachment-16893\" class=\"wp-caption-text\">El a\u011fa\u00e7 \u0130\u015fleme d\u00fcbel jig d\u00fcz delik bulucu ah\u015fap delme kavila aksesuarlar\u0131 diy arac\u0131<\/figcaption><\/figure>\n<table width=\"794\">\n<tbody>\n<tr>\n<td colspan=\"6\" width=\"794\">\u00dcr\u00fcn A\u00e7\u0131klamas\u0131<\/td>\n<\/tr>\n<tr>\n<td colspan=\"6\">Sizin \u0130\u00e7in Daha Fazla Se\u00e7enek: <a href=\"https:\/\/www.tenyutool.com\/tr\/\">Ev<\/a> &gt; \u00dcr\u00fcnler &gt; Yeni Ara\u00e7lar<\/td>\n<\/tr>\n<tr>\n<td>\u00dcr\u00fcn ad\u0131<\/td>\n<td colspan=\"5\" width=\"572\">El A\u011fa\u00e7 \u0130\u015fleme D\u00fcbel Jig D\u00fcz Delik Bulucu Ah\u015fap Delme Kavila Aksesuarlar\u0131 DIY arac\u0131<\/td>\n<\/tr>\n<tr>\n<td>Ba\u015fvuru<\/td>\n<td colspan=\"5\" width=\"572\">\u00a0Ah\u015fap \u0130\u015fleme<\/td>\n<\/tr>\n<tr>\n<td>Malzeme<\/td>\n<td colspan=\"5\" width=\"572\">ABS plastik<\/td>\n<\/tr>\n<tr>\n<td>Renk<\/td>\n<td colspan=\"5\" width=\"572\">Sar\u0131\/Turuncu\/Ye\u015fil\/Mavi\/Gri<\/td>\n<\/tr>\n<tr>\n<td>Kullan\u0131m<\/td>\n<td colspan=\"5\" width=\"572\">\u00a0\u00e7ok i\u015flevli<\/td>\n<\/tr>\n<\/tbody>\n<\/table>","protected":false},"excerpt":{"rendered":"<p>Feature: High-impact Plastic with Metal Bushing, Sturdy, Durable and Long Service Life. Capable of edge-to-edge, T, and edge-to-corner joints. Millimeter accuracy, distance can be adjusted accurately, suitable for woodworking punching. The distance between the drill hole and the wood edge can be adjusted back and forth. Suitable for 6mm 8mm10mm drill bits, easy to install, [&hellip;]<\/p>\n","protected":false},"featured_media":16893,"comment_status":"closed","ping_status":"closed","template":"","meta":{"_acf_changed":false,"_seopress_robots_primary_cat":"none","_seopress_titles_title":"Hole Locator Wood Drilling |  Dowelling Accessories DIY tool","_seopress_titles_desc":"","_seopress_robots_index":"","site-sidebar-layout":"default","site-content-layout":"default","ast-site-content-layout":"default","site-content-style":"default","site-sidebar-style":"default","ast-global-header-display":"","ast-banner-title-visibility":"","ast-main-header-display":"","ast-hfb-above-header-display":"","ast-hfb-below-header-display":"","ast-hfb-mobile-header-display":"","site-post-title":"","ast-breadcrumbs-content":"","ast-featured-img":"","footer-sml-layout":"","ast-disable-related-posts":"","theme-transparent-header-meta":"default","adv-header-id-meta":"","stick-header-meta":"","header-above-stick-meta":"","header-main-stick-meta":"","header-below-stick-meta":"","astra-migrate-meta-layouts":"default","ast-page-background-enabled":"default","ast-page-background-meta":{"desktop":{"background-color":"","background-image":"","background-repeat":"repeat","background-position":"center center","background-size":"auto","background-attachment":"scroll","background-type":"","background-media":"","overlay-type":"","overlay-color":"","overlay-opacity":"","overlay-gradient":""},"tablet":{"background-color":"","background-image":"","background-repeat":"repeat","background-position":"center center","background-size":"auto","background-attachment":"scroll","background-type":"","background-media":"","overlay-type":"","overlay-color":"","overlay-opacity":"","overlay-gradient":""},"mobile":{"background-color":"","background-image":"","background-repeat":"repeat","background-position":"center center","background-size":"auto","background-attachment":"scroll","background-type":"","background-media":"","overlay-type":"","overlay-color":"","overlay-opacity":"","overlay-gradient":""}},"ast-content-background-meta":{"desktop":{"background-color":"var(--ast-global-color-5)","background-image":"","background-repeat":"repeat","background-position":"center center","background-size":"auto","background-attachment":"scroll","background-type":"","background-media":"","overlay-type":"","overlay-color":"","overlay-opacity":"","overlay-gradient":""},"tablet":{"background-color":"var(--ast-global-color-5)","background-image":"","background-repeat":"repeat","background-position":"center center","background-size":"auto","background-attachment":"scroll","background-type":"","background-media":"","overlay-type":"","overlay-color":"","overlay-opacity":"","overlay-gradient":""},"mobile":{"background-color":"var(--ast-global-color-5)","background-image":"","background-repeat":"repeat","background-position":"center center","background-size":"auto","background-attachment":"scroll","background-type":"","background-media":"","overlay-type":"","overlay-color":"","overlay-opacity":"","overlay-gradient":""}}},"product_brand":[],"product_cat":[36],"product_tag":[],"class_list":{"0":"post-16891","1":"product","2":"type-product","3":"status-publish","4":"has-post-thumbnail","6":"product_cat-new-tools","7":"desktop-align-left","8":"tablet-align-left","9":"mobile-align-left","11":"first","12":"instock","13":"shipping-taxable","14":"product-type-simple"},"acf":[],"_links":{"self":[{"href":"https:\/\/www.tenyutool.com\/tr\/wp-json\/wp\/v2\/product\/16891","targetHints":{"allow":["GET"]}}],"collection":[{"href":"https:\/\/www.tenyutool.com\/tr\/wp-json\/wp\/v2\/product"}],"about":[{"href":"https:\/\/www.tenyutool.com\/tr\/wp-json\/wp\/v2\/types\/product"}],"replies":[{"embeddable":true,"href":"https:\/\/www.tenyutool.com\/tr\/wp-json\/wp\/v2\/comments?post=16891"}],"wp:featuredmedia":[{"embeddable":true,"href":"https:\/\/www.tenyutool.com\/tr\/wp-json\/wp\/v2\/media\/16893"}],"wp:attachment":[{"href":"https:\/\/www.tenyutool.com\/tr\/wp-json\/wp\/v2\/media?parent=16891"}],"wp:term":[{"taxonomy":"product_brand","embeddable":true,"href":"https:\/\/www.tenyutool.com\/tr\/wp-json\/wp\/v2\/product_brand?post=16891"},{"taxonomy":"product_cat","embeddable":true,"href":"https:\/\/www.tenyutool.com\/tr\/wp-json\/wp\/v2\/product_cat?post=16891"},{"taxonomy":"product_tag","embeddable":true,"href":"https:\/\/www.tenyutool.com\/tr\/wp-json\/wp\/v2\/product_tag?post=16891"}],"curies":[{"name":"wp","href":"https:\/\/api.w.org\/{rel}","templated":true}]}}