{"id":16897,"date":"2023-01-31T07:20:25","date_gmt":"2023-01-31T07:20:25","guid":{"rendered":"https:\/\/www.tenyutool.com\/?post_type=product&#038;p=16897"},"modified":"2023-01-31T08:19:34","modified_gmt":"2023-01-31T08:19:34","slug":"cok-islevli-kemer-delme","status":"publish","type":"product","link":"https:\/\/www.tenyutool.com\/tr\/product\/multifunctional-belt-punching\/","title":{"rendered":"El Aleti \u00c7ok Delikli Mini 6 Delik Konfor Kolu \u00c7ok Fonksiyonlu Kemer Delme D\u00f6ner H\u0131zl\u0131 Boyut Ayar Pensesi"},"content":{"rendered":"<p>\u00d6zellik:<\/p>\n<ul>\n<li>Sap, Kavisli kaymaz Tasar\u0131m, Orta B\u00fck\u00fclme, Tutarl\u0131 Hareketler, \u0130yi \u015eok Emme Etkisi ve \u0130yi Uygulanabilirli\u011fi Benimser.<\/li>\n<li data-spm-anchor-id=\"a2700.pc-decorate.0.i9.685f3333LhHDWb\">Vida S\u0131k\u0131ca Sabitlenir, Y\u00fczey, Gev\u015fetilmesi Kolay Olmayan Korozyon \u00d6nleyici ve Paslanma \u00d6nleyici ile \u0130\u015flenir.<\/li>\n<li data-spm-anchor-id=\"a2700.pc-decorate.0.i10.685f3333LhHDWb\">\u015eekil: Sivri A\u011f\u0131z.<\/li>\n<li data-spm-anchor-id=\"a2700.pc-decorate.0.i12.685f3333LhHDWb\">Y\u00fcksek sertlik ve toklu\u011fa sahip y\u00fcksek karbonlu \u00e7elik malzemeden yap\u0131lm\u0131\u015ft\u0131r ve z\u0131mbalanmas\u0131 gereken malzemeyi kolayca delebilir.<\/li>\n<li data-spm-anchor-id=\"a2700.pc-decorate.0.i17.685f3333LhHDWb\">Delme pensesi, \u00e7e\u015fitli delme ihtiya\u00e7lar\u0131n\u0131 kar\u015f\u0131lamak i\u00e7in farkl\u0131 boyutlarda 6 delme par\u00e7as\u0131 ile \u00e7ok i\u015flevlidir.<\/li>\n<\/ul>\n<figure id=\"attachment_16899\" aria-describedby=\"caption-attachment-16899\" style=\"width: 800px\" class=\"wp-caption alignnone\"><img fetchpriority=\"high\" decoding=\"async\" class=\"size-full wp-image-16899\" src=\"https:\/\/www.tenyutool.com\/wp-content\/uploads\/2023\/01\/Multifunctional-Belt-Punching.jpg\" alt=\"El aleti \u00e7ok delikli mini 6 delikli konfor kolu \u00e7ok fonksiyonlu kemer delme d\u00f6ner h\u0131zl\u0131 boyut ayar pensesi\" width=\"800\" height=\"800\" srcset=\"https:\/\/www.tenyutool.com\/wp-content\/uploads\/2023\/01\/Multifunctional-Belt-Punching.jpg 800w, https:\/\/www.tenyutool.com\/wp-content\/uploads\/2023\/01\/Multifunctional-Belt-Punching-150x150.jpg 150w, https:\/\/www.tenyutool.com\/wp-content\/uploads\/2023\/01\/Multifunctional-Belt-Punching-768x768.jpg 768w, https:\/\/www.tenyutool.com\/wp-content\/uploads\/2023\/01\/Multifunctional-Belt-Punching-12x12.jpg 12w, https:\/\/www.tenyutool.com\/wp-content\/uploads\/2023\/01\/Multifunctional-Belt-Punching-300x300.jpg 300w, https:\/\/www.tenyutool.com\/wp-content\/uploads\/2023\/01\/Multifunctional-Belt-Punching-600x600.jpg 600w, https:\/\/www.tenyutool.com\/wp-content\/uploads\/2023\/01\/Multifunctional-Belt-Punching-100x100.jpg 100w\" sizes=\"(max-width: 800px) 100vw, 800px\" \/><figcaption id=\"caption-attachment-16899\" class=\"wp-caption-text\">El aleti \u00e7ok delikli mini 6 delikli konfor kolu \u00e7ok fonksiyonlu kemer delme d\u00f6ner h\u0131zl\u0131 boyut ayar pensesi<\/figcaption><\/figure>\n<table width=\"794\">\n<tbody>\n<tr>\n<td colspan=\"6\" width=\"794\">\u00dcr\u00fcn A\u00e7\u0131klamas\u0131<\/td>\n<\/tr>\n<tr>\n<td colspan=\"6\">Sizin i\u00e7in Daha Fazla Se\u00e7enek: <a href=\"https:\/\/www.tenyutool.com\/tr\/\">Ev<\/a> &gt; \u00dcr\u00fcnler &gt; Yeni Ara\u00e7lar<\/td>\n<\/tr>\n<tr>\n<td>\u00dcr\u00fcn ad\u0131<\/td>\n<td colspan=\"5\" width=\"572\">El Aleti \u00c7ok Delikli Mini 6 Delik Konfor Kolu \u00c7ok Fonksiyonlu Kemer Delme D\u00f6ner H\u0131zl\u0131 Boyut Ayar Pensesi<\/td>\n<\/tr>\n<tr>\n<td>Malzeme<\/td>\n<td colspan=\"5\" width=\"572\">\u00a0\u00c7elik<\/td>\n<\/tr>\n<tr>\n<td>Kulp Malzemesi<\/td>\n<td colspan=\"5\">\u00a0Yumu\u015fak Tutu\u015flu Plastik<\/td>\n<\/tr>\n<tr>\n<td>Tip<\/td>\n<td colspan=\"5\" width=\"572\">Donan\u0131m Ara\u00e7lar\u0131<\/td>\n<\/tr>\n<tr>\n<td>paket<\/td>\n<td colspan=\"5\">Blister Kart + karton<\/td>\n<\/tr>\n<\/tbody>\n<\/table>","protected":false},"excerpt":{"rendered":"<p>Feature\uff1a The Handle Adopts Curved anti-slip Design, Moderate Bending, Consistent Gestures, Good Shock Absorption Effect and Good Practicability. The Screw is Fixed Firmly, the Surface is Treated with Anti-corrosion and Anti-rust, Which is not Easy to Loosen. Shape: Pointed Mouth. Made of high\u2011carbon steel material, with high hardness and toughness, and can easily pierce through [&hellip;]<\/p>\n","protected":false},"featured_media":16899,"comment_status":"closed","ping_status":"closed","template":"","meta":{"_acf_changed":false,"_seopress_robots_primary_cat":"none","_seopress_titles_title":"Multifunctional Belt Punching | Revolving Quick Size Adjustment Pliers","_seopress_titles_desc":"","_seopress_robots_index":"","site-sidebar-layout":"default","site-content-layout":"default","ast-site-content-layout":"default","site-content-style":"default","site-sidebar-style":"default","ast-global-header-display":"","ast-banner-title-visibility":"","ast-main-header-display":"","ast-hfb-above-header-display":"","ast-hfb-below-header-display":"","ast-hfb-mobile-header-display":"","site-post-title":"","ast-breadcrumbs-content":"","ast-featured-img":"","footer-sml-layout":"","ast-disable-related-posts":"","theme-transparent-header-meta":"default","adv-header-id-meta":"","stick-header-meta":"","header-above-stick-meta":"","header-main-stick-meta":"","header-below-stick-meta":"","astra-migrate-meta-layouts":"default","ast-page-background-enabled":"default","ast-page-background-meta":{"desktop":{"background-color":"","background-image":"","background-repeat":"repeat","background-position":"center center","background-size":"auto","background-attachment":"scroll","background-type":"","background-media":"","overlay-type":"","overlay-color":"","overlay-opacity":"","overlay-gradient":""},"tablet":{"background-color":"","background-image":"","background-repeat":"repeat","background-position":"center center","background-size":"auto","background-attachment":"scroll","background-type":"","background-media":"","overlay-type":"","overlay-color":"","overlay-opacity":"","overlay-gradient":""},"mobile":{"background-color":"","background-image":"","background-repeat":"repeat","background-position":"center center","background-size":"auto","background-attachment":"scroll","background-type":"","background-media":"","overlay-type":"","overlay-color":"","overlay-opacity":"","overlay-gradient":""}},"ast-content-background-meta":{"desktop":{"background-color":"var(--ast-global-color-5)","background-image":"","background-repeat":"repeat","background-position":"center center","background-size":"auto","background-attachment":"scroll","background-type":"","background-media":"","overlay-type":"","overlay-color":"","overlay-opacity":"","overlay-gradient":""},"tablet":{"background-color":"var(--ast-global-color-5)","background-image":"","background-repeat":"repeat","background-position":"center center","background-size":"auto","background-attachment":"scroll","background-type":"","background-media":"","overlay-type":"","overlay-color":"","overlay-opacity":"","overlay-gradient":""},"mobile":{"background-color":"var(--ast-global-color-5)","background-image":"","background-repeat":"repeat","background-position":"center center","background-size":"auto","background-attachment":"scroll","background-type":"","background-media":"","overlay-type":"","overlay-color":"","overlay-opacity":"","overlay-gradient":""}}},"product_brand":[],"product_cat":[36],"product_tag":[],"class_list":{"0":"post-16897","1":"product","2":"type-product","3":"status-publish","4":"has-post-thumbnail","6":"product_cat-new-tools","7":"desktop-align-left","8":"tablet-align-left","9":"mobile-align-left","11":"first","12":"instock","13":"shipping-taxable","14":"product-type-simple"},"acf":[],"_links":{"self":[{"href":"https:\/\/www.tenyutool.com\/tr\/wp-json\/wp\/v2\/product\/16897","targetHints":{"allow":["GET"]}}],"collection":[{"href":"https:\/\/www.tenyutool.com\/tr\/wp-json\/wp\/v2\/product"}],"about":[{"href":"https:\/\/www.tenyutool.com\/tr\/wp-json\/wp\/v2\/types\/product"}],"replies":[{"embeddable":true,"href":"https:\/\/www.tenyutool.com\/tr\/wp-json\/wp\/v2\/comments?post=16897"}],"wp:featuredmedia":[{"embeddable":true,"href":"https:\/\/www.tenyutool.com\/tr\/wp-json\/wp\/v2\/media\/16899"}],"wp:attachment":[{"href":"https:\/\/www.tenyutool.com\/tr\/wp-json\/wp\/v2\/media?parent=16897"}],"wp:term":[{"taxonomy":"product_brand","embeddable":true,"href":"https:\/\/www.tenyutool.com\/tr\/wp-json\/wp\/v2\/product_brand?post=16897"},{"taxonomy":"product_cat","embeddable":true,"href":"https:\/\/www.tenyutool.com\/tr\/wp-json\/wp\/v2\/product_cat?post=16897"},{"taxonomy":"product_tag","embeddable":true,"href":"https:\/\/www.tenyutool.com\/tr\/wp-json\/wp\/v2\/product_tag?post=16897"}],"curies":[{"name":"wp","href":"https:\/\/api.w.org\/{rel}","templated":true}]}}