{"id":16903,"date":"2023-01-31T08:15:35","date_gmt":"2023-01-31T08:15:35","guid":{"rendered":"https:\/\/www.tenyutool.com\/?post_type=product&#038;p=16903"},"modified":"2023-01-31T08:19:55","modified_gmt":"2023-01-31T08:19:55","slug":"oluklu-yildiz-tornavida-set","status":"publish","type":"product","link":"https:\/\/www.tenyutool.com\/tr\/product\/slotted-phillips-screwdriver-set\/","title":{"rendered":"8 Par\u00e7a Darbeli D\u00fcz Y\u0131ld\u0131z Tornavida Seti Manuel De\u011fi\u015ftirilebilir Pratik \u00c7anta ile"},"content":{"rendered":"<p>\u00d6zellik:<\/p>\n<ul>\n<li>S2 ala\u015f\u0131ml\u0131 \u00e7elik g\u00fc\u00e7l\u00fc, dayan\u0131kl\u0131 \u00e7eliktir ve korozyona dayan\u0131kl\u0131d\u0131r.<\/li>\n<li data-spm-anchor-id=\"a2700.pc-decorate.0.i5.303e3333TYi3SV\">Bir\u00e7ok uygulama alan\u0131 i\u00e7in 1 ara\u00e7.<\/li>\n<li data-spm-anchor-id=\"a2700.pc-decorate.0.i6.303e3333TYi3SV\">S\u0131kma ve gev\u015fetme i\u00e7in de\u011fi\u015ftirilebilir.<\/li>\n<li data-spm-anchor-id=\"a2700.pc-decorate.0.i3.303e3333TYi3SV\">\u00d6zel \u00e7al\u0131\u015fma g\u00f6reviniz i\u00e7in b\u0131\u00e7aklar\u0131 ve u\u00e7lar\u0131 kolayca de\u011fi\u015ftirin.<\/li>\n<li data-spm-anchor-id=\"a2700.pc-decorate.0.i7.303e3333TYi3SV\">Dayan\u0131kl\u0131 kavrama k\u0131sm\u0131, darbeli tornavidan\u0131n en inat\u00e7\u0131 vidalara bile dayanabilmesini sa\u011flar.<\/li>\n<\/ul>\n<figure id=\"attachment_16905\" aria-describedby=\"caption-attachment-16905\" style=\"width: 800px\" class=\"wp-caption alignnone\"><img fetchpriority=\"high\" decoding=\"async\" class=\"size-full wp-image-16905\" src=\"https:\/\/www.tenyutool.com\/wp-content\/uploads\/2023\/01\/Slotted-Phillips-Screwdriver-Set.jpg\" alt=\"8 par\u00e7a darbeli yar\u0131kl\u0131 y\u0131ld\u0131z tornavida seti, manuel olarak de\u011fi\u015ftirilebilir, pratik \u00e7anta ile\" width=\"800\" height=\"800\" srcset=\"https:\/\/www.tenyutool.com\/wp-content\/uploads\/2023\/01\/Slotted-Phillips-Screwdriver-Set.jpg 800w, https:\/\/www.tenyutool.com\/wp-content\/uploads\/2023\/01\/Slotted-Phillips-Screwdriver-Set-150x150.jpg 150w, https:\/\/www.tenyutool.com\/wp-content\/uploads\/2023\/01\/Slotted-Phillips-Screwdriver-Set-768x768.jpg 768w, https:\/\/www.tenyutool.com\/wp-content\/uploads\/2023\/01\/Slotted-Phillips-Screwdriver-Set-12x12.jpg 12w, https:\/\/www.tenyutool.com\/wp-content\/uploads\/2023\/01\/Slotted-Phillips-Screwdriver-Set-300x300.jpg 300w, https:\/\/www.tenyutool.com\/wp-content\/uploads\/2023\/01\/Slotted-Phillips-Screwdriver-Set-600x600.jpg 600w, https:\/\/www.tenyutool.com\/wp-content\/uploads\/2023\/01\/Slotted-Phillips-Screwdriver-Set-100x100.jpg 100w\" sizes=\"(max-width: 800px) 100vw, 800px\" \/><figcaption id=\"caption-attachment-16905\" class=\"wp-caption-text\">8 par\u00e7a darbeli yar\u0131kl\u0131 y\u0131ld\u0131z tornavida seti, manuel olarak de\u011fi\u015ftirilebilir, pratik \u00e7anta ile<\/figcaption><\/figure>\n<table width=\"816\">\n<tbody>\n<tr>\n<td colspan=\"6\" width=\"816\">\u00dcr\u00fcn A\u00e7\u0131klamas\u0131<\/td>\n<\/tr>\n<tr>\n<td colspan=\"6\" width=\"816\">Sizin i\u00e7in Daha Fazla Se\u00e7enek: <a href=\"https:\/\/www.tenyutool.com\/tr\/\">Ev<\/a> &gt; \u00dcr\u00fcnler &gt; Tornavida ve Hasarl\u0131 Vida S\u00f6k\u00fcc\u00fc<\/td>\n<\/tr>\n<tr>\n<td>\u00dcr\u00fcn ad\u0131<\/td>\n<td colspan=\"5\" width=\"594\">8 Par\u00e7a Darbeli D\u00fcz Y\u0131ld\u0131z Tornavida Seti Manuel De\u011fi\u015ftirilebilir Pratik \u00c7anta ile<\/td>\n<\/tr>\n<tr>\n<td>Malzeme<\/td>\n<td colspan=\"5\" width=\"594\">\u00a0S2 Ala\u015f\u0131ml\u0131 \u00c7elik<\/td>\n<\/tr>\n<tr>\n<td>Boyut<\/td>\n<td colspan=\"5\">9 x 75 mm, 8 x 36 mm, PH1 x 75 mm, PH2 x 75 mm, PH3 x 75 mm, PH3 x 36 mm<\/td>\n<\/tr>\n<tr>\n<td>Fl\u00fct<\/td>\n<td colspan=\"5\" width=\"594\">\u00a0\u00c7ift U\u00e7lu Sol El Spiral Fl\u00fct<\/td>\n<\/tr>\n<tr>\n<td>Y\u00fczey<\/td>\n<td colspan=\"5\" width=\"594\">\u00a0Krom<\/td>\n<\/tr>\n<tr>\n<td>paket<\/td>\n<td colspan=\"5\" width=\"594\">\u00a0Bir Pratik \u00c7antada 8 adet<\/td>\n<\/tr>\n<\/tbody>\n<\/table>\n<p>&nbsp;<\/p>\n<p>&nbsp;<\/p>","protected":false},"excerpt":{"rendered":"<p>Feature: S2 alloy steel is strong, durable steel, and corrosion-resistant. 1 tool for many application areas. Switchable for tightening and loosening. Easily replace blades and bits for your specific work task. Durable grip part ensures that the impact screwdriver can withstand even the most stubborn screws. Product Description More Choice for You: Home &gt; Products [&hellip;]<\/p>\n","protected":false},"featured_media":16905,"comment_status":"closed","ping_status":"closed","template":"","meta":{"_acf_changed":false,"_seopress_robots_primary_cat":"none","_seopress_titles_title":"Impact Slotted Phillips Screwdriver Set | Manual Switchable ","_seopress_titles_desc":"","_seopress_robots_index":"","site-sidebar-layout":"default","site-content-layout":"default","ast-site-content-layout":"default","site-content-style":"default","site-sidebar-style":"default","ast-global-header-display":"","ast-banner-title-visibility":"","ast-main-header-display":"","ast-hfb-above-header-display":"","ast-hfb-below-header-display":"","ast-hfb-mobile-header-display":"","site-post-title":"","ast-breadcrumbs-content":"","ast-featured-img":"","footer-sml-layout":"","ast-disable-related-posts":"","theme-transparent-header-meta":"default","adv-header-id-meta":"","stick-header-meta":"","header-above-stick-meta":"","header-main-stick-meta":"","header-below-stick-meta":"","astra-migrate-meta-layouts":"default","ast-page-background-enabled":"default","ast-page-background-meta":{"desktop":{"background-color":"","background-image":"","background-repeat":"repeat","background-position":"center center","background-size":"auto","background-attachment":"scroll","background-type":"","background-media":"","overlay-type":"","overlay-color":"","overlay-opacity":"","overlay-gradient":""},"tablet":{"background-color":"","background-image":"","background-repeat":"repeat","background-position":"center center","background-size":"auto","background-attachment":"scroll","background-type":"","background-media":"","overlay-type":"","overlay-color":"","overlay-opacity":"","overlay-gradient":""},"mobile":{"background-color":"","background-image":"","background-repeat":"repeat","background-position":"center center","background-size":"auto","background-attachment":"scroll","background-type":"","background-media":"","overlay-type":"","overlay-color":"","overlay-opacity":"","overlay-gradient":""}},"ast-content-background-meta":{"desktop":{"background-color":"var(--ast-global-color-5)","background-image":"","background-repeat":"repeat","background-position":"center center","background-size":"auto","background-attachment":"scroll","background-type":"","background-media":"","overlay-type":"","overlay-color":"","overlay-opacity":"","overlay-gradient":""},"tablet":{"background-color":"var(--ast-global-color-5)","background-image":"","background-repeat":"repeat","background-position":"center center","background-size":"auto","background-attachment":"scroll","background-type":"","background-media":"","overlay-type":"","overlay-color":"","overlay-opacity":"","overlay-gradient":""},"mobile":{"background-color":"var(--ast-global-color-5)","background-image":"","background-repeat":"repeat","background-position":"center center","background-size":"auto","background-attachment":"scroll","background-type":"","background-media":"","overlay-type":"","overlay-color":"","overlay-opacity":"","overlay-gradient":""}}},"product_brand":[],"product_cat":[38],"product_tag":[],"class_list":{"0":"post-16903","1":"product","2":"type-product","3":"status-publish","4":"has-post-thumbnail","6":"product_cat-screwdriver-and-damaged-screw-remover","7":"desktop-align-left","8":"tablet-align-left","9":"mobile-align-left","11":"first","12":"instock","13":"shipping-taxable","14":"product-type-simple"},"acf":[],"_links":{"self":[{"href":"https:\/\/www.tenyutool.com\/tr\/wp-json\/wp\/v2\/product\/16903","targetHints":{"allow":["GET"]}}],"collection":[{"href":"https:\/\/www.tenyutool.com\/tr\/wp-json\/wp\/v2\/product"}],"about":[{"href":"https:\/\/www.tenyutool.com\/tr\/wp-json\/wp\/v2\/types\/product"}],"replies":[{"embeddable":true,"href":"https:\/\/www.tenyutool.com\/tr\/wp-json\/wp\/v2\/comments?post=16903"}],"wp:featuredmedia":[{"embeddable":true,"href":"https:\/\/www.tenyutool.com\/tr\/wp-json\/wp\/v2\/media\/16905"}],"wp:attachment":[{"href":"https:\/\/www.tenyutool.com\/tr\/wp-json\/wp\/v2\/media?parent=16903"}],"wp:term":[{"taxonomy":"product_brand","embeddable":true,"href":"https:\/\/www.tenyutool.com\/tr\/wp-json\/wp\/v2\/product_brand?post=16903"},{"taxonomy":"product_cat","embeddable":true,"href":"https:\/\/www.tenyutool.com\/tr\/wp-json\/wp\/v2\/product_cat?post=16903"},{"taxonomy":"product_tag","embeddable":true,"href":"https:\/\/www.tenyutool.com\/tr\/wp-json\/wp\/v2\/product_tag?post=16903"}],"curies":[{"name":"wp","href":"https:\/\/api.w.org\/{rel}","templated":true}]}}