{"id":16936,"date":"2023-04-03T06:26:53","date_gmt":"2023-04-03T06:26:53","guid":{"rendered":"https:\/\/www.tenyutool.com\/?post_type=product&#038;p=16936"},"modified":"2023-04-03T06:26:53","modified_gmt":"2023-04-03T06:26:53","slug":"tornavida-uclari-seti","status":"publish","type":"product","link":"https:\/\/www.tenyutool.com\/tr\/product\/screwdriver-bits-set\/","title":{"rendered":"Tornavida Ucu Torsiyon Ucu \u00c7ift Kaymaz Toplu Kafa #2 Y\u0131ld\u0131z Tornavida U\u00e7 Seti"},"content":{"rendered":"<p>\u00d6zellik:<\/p>\n<ul>\n<li>Manyetik ve \u00c7ift U\u00e7lu - \u00c7ift u\u00e7lu phillips u\u00e7lar\u0131 manyetik tasar\u0131ma sahiptir, Ekstra \u00e7ok y\u00f6nl\u00fcl\u00fck i\u00e7in \u00c7ift u\u00e7ludur.<\/li>\n<li data-spm-anchor-id=\"a2700.pc-decorate.0.i23.5f993333gqP9io\">Maksimum dayan\u0131kl\u0131l\u0131k i\u00e7in S2 ala\u015f\u0131ml\u0131 \u00e7elikten yap\u0131lm\u0131\u015f Phillips tornavida matkap ucu.<\/li>\n<li data-spm-anchor-id=\"a2700.pc-decorate.0.i24.5f993333gqP9io\">Eksik, b\u00fck\u00fclm\u00fc\u015f veya k\u0131r\u0131lm\u0131\u015f y\u0131ld\u0131z tornavida u\u00e7lar\u0131 i\u00e7in harika bir yedek.<\/li>\n<li data-spm-anchor-id=\"a2700.pc-decorate.0.i25.5f993333gqP9io\">Elektrikli tornavidalar, el tornavidalar\u0131, elektrikli matkaplar, hava matkaplar\u0131 ve benzeri i\u00e7in uygun y\u0131ld\u0131z tornavida ucu.<\/li>\n<li data-spm-anchor-id=\"a2700.pc-decorate.0.i26.5f993333gqP9io\">Y\u00fczey \u0130\u015flem: Kum p\u00fcsk\u00fcrtme\/Kahverengi\/Nikel Kaplama\/Krom Kaplama\/Tabanca Rengi vb.<\/li>\n<\/ul>\n<figure id=\"attachment_16939\" aria-describedby=\"caption-attachment-16939\" style=\"width: 800px\" class=\"wp-caption alignnone\"><img fetchpriority=\"high\" decoding=\"async\" class=\"size-full wp-image-16939\" src=\"https:\/\/www.tenyutool.com\/wp-content\/uploads\/2023\/04\/Screwdriver-Bits-Set.jpg\" alt=\"tornavida ucu burulma biti \u00e7ift kaymaz toplu kafa #2 phillips tornavida u\u00e7lar\u0131 seti\" width=\"800\" height=\"800\" srcset=\"https:\/\/www.tenyutool.com\/wp-content\/uploads\/2023\/04\/Screwdriver-Bits-Set.jpg 800w, https:\/\/www.tenyutool.com\/wp-content\/uploads\/2023\/04\/Screwdriver-Bits-Set-150x150.jpg 150w, https:\/\/www.tenyutool.com\/wp-content\/uploads\/2023\/04\/Screwdriver-Bits-Set-768x768.jpg 768w, https:\/\/www.tenyutool.com\/wp-content\/uploads\/2023\/04\/Screwdriver-Bits-Set-12x12.jpg 12w, https:\/\/www.tenyutool.com\/wp-content\/uploads\/2023\/04\/Screwdriver-Bits-Set-300x300.jpg 300w, https:\/\/www.tenyutool.com\/wp-content\/uploads\/2023\/04\/Screwdriver-Bits-Set-600x600.jpg 600w, https:\/\/www.tenyutool.com\/wp-content\/uploads\/2023\/04\/Screwdriver-Bits-Set-100x100.jpg 100w\" sizes=\"(max-width: 800px) 100vw, 800px\" \/><figcaption id=\"caption-attachment-16939\" class=\"wp-caption-text\">tornavida ucu burulma biti \u00e7ift kaymaz toplu kafa #2 phillips tornavida u\u00e7lar\u0131 seti<\/figcaption><\/figure>\n<table width=\"794\">\n<tbody>\n<tr>\n<td colspan=\"6\" width=\"794\">\u00dcr\u00fcn A\u00e7\u0131klamas\u0131<\/td>\n<\/tr>\n<tr>\n<td colspan=\"6\">Sizin \u0130\u00e7in Daha Fazla Se\u00e7enek\uff1aAna Sayfa &gt; Tornavida ve Hasarl\u0131 Vida S\u00f6k\u00fcc\u00fc<\/td>\n<\/tr>\n<tr>\n<td>\u00dcr\u00fcn ad\u0131<\/td>\n<td colspan=\"5\" width=\"572\">Tornavida Ucu Torsiyon Ucu \u00c7ift Kaymaz Toplu Kafa #2 Y\u0131ld\u0131z Tornavida U\u00e7 Seti<\/td>\n<\/tr>\n<tr>\n<td>Malzeme<\/td>\n<td colspan=\"5\">\u00a0S2 \u00c7elik<\/td>\n<\/tr>\n<tr>\n<td>Sertlik<\/td>\n<td colspan=\"5\">HRC56-60\/HRC61-62<\/td>\n<\/tr>\n<tr>\n<td>Boyut<\/td>\n<td colspan=\"5\" width=\"572\">PH2*50MM\/ 65MM \/ 100MM veya iste\u011finize g\u00f6re<\/td>\n<\/tr>\n<tr>\n<td>\u015eaft Tipi<\/td>\n<td colspan=\"5\">Alt\u0131gen \u015eaft<\/td>\n<\/tr>\n<\/tbody>\n<\/table>","protected":false},"excerpt":{"rendered":"<p>Feature\uff1a Magnetic &amp; Double Ended &#8211; Double end phillips bit are with magnetic design, Double-ended for extra versatility. Phillips screwdriver drill bit made of S2 alloy steel for maximum durability. Great replacement for missing, bent or broken phillips screwdriver bits. Cross head screwdriver bit fit for electric screwdrivers, hand screwdrivers, electric drills, air drills and [&hellip;]<\/p>\n","protected":false},"featured_media":16939,"comment_status":"closed","ping_status":"closed","template":"","meta":{"_acf_changed":false,"_seopress_robots_primary_cat":"","_seopress_titles_title":"Screwdriver Bit Torsion Bit Double Anti-slip Batch Head | #2 Phillips Screwdriver Bits Set","_seopress_titles_desc":"","_seopress_robots_index":"","site-sidebar-layout":"default","site-content-layout":"default","ast-site-content-layout":"default","site-content-style":"default","site-sidebar-style":"default","ast-global-header-display":"","ast-banner-title-visibility":"","ast-main-header-display":"","ast-hfb-above-header-display":"","ast-hfb-below-header-display":"","ast-hfb-mobile-header-display":"","site-post-title":"","ast-breadcrumbs-content":"","ast-featured-img":"","footer-sml-layout":"","ast-disable-related-posts":"","theme-transparent-header-meta":"default","adv-header-id-meta":"","stick-header-meta":"","header-above-stick-meta":"","header-main-stick-meta":"","header-below-stick-meta":"","astra-migrate-meta-layouts":"default","ast-page-background-enabled":"default","ast-page-background-meta":{"desktop":{"background-color":"","background-image":"","background-repeat":"repeat","background-position":"center center","background-size":"auto","background-attachment":"scroll","background-type":"","background-media":"","overlay-type":"","overlay-color":"","overlay-opacity":"","overlay-gradient":""},"tablet":{"background-color":"","background-image":"","background-repeat":"repeat","background-position":"center center","background-size":"auto","background-attachment":"scroll","background-type":"","background-media":"","overlay-type":"","overlay-color":"","overlay-opacity":"","overlay-gradient":""},"mobile":{"background-color":"","background-image":"","background-repeat":"repeat","background-position":"center center","background-size":"auto","background-attachment":"scroll","background-type":"","background-media":"","overlay-type":"","overlay-color":"","overlay-opacity":"","overlay-gradient":""}},"ast-content-background-meta":{"desktop":{"background-color":"var(--ast-global-color-5)","background-image":"","background-repeat":"repeat","background-position":"center center","background-size":"auto","background-attachment":"scroll","background-type":"","background-media":"","overlay-type":"","overlay-color":"","overlay-opacity":"","overlay-gradient":""},"tablet":{"background-color":"var(--ast-global-color-5)","background-image":"","background-repeat":"repeat","background-position":"center center","background-size":"auto","background-attachment":"scroll","background-type":"","background-media":"","overlay-type":"","overlay-color":"","overlay-opacity":"","overlay-gradient":""},"mobile":{"background-color":"var(--ast-global-color-5)","background-image":"","background-repeat":"repeat","background-position":"center center","background-size":"auto","background-attachment":"scroll","background-type":"","background-media":"","overlay-type":"","overlay-color":"","overlay-opacity":"","overlay-gradient":""}}},"product_brand":[],"product_cat":[38],"product_tag":[],"class_list":{"0":"post-16936","1":"product","2":"type-product","3":"status-publish","4":"has-post-thumbnail","6":"product_cat-screwdriver-and-damaged-screw-remover","7":"desktop-align-left","8":"tablet-align-left","9":"mobile-align-left","11":"first","12":"instock","13":"shipping-taxable","14":"product-type-simple"},"acf":[],"_links":{"self":[{"href":"https:\/\/www.tenyutool.com\/tr\/wp-json\/wp\/v2\/product\/16936","targetHints":{"allow":["GET"]}}],"collection":[{"href":"https:\/\/www.tenyutool.com\/tr\/wp-json\/wp\/v2\/product"}],"about":[{"href":"https:\/\/www.tenyutool.com\/tr\/wp-json\/wp\/v2\/types\/product"}],"replies":[{"embeddable":true,"href":"https:\/\/www.tenyutool.com\/tr\/wp-json\/wp\/v2\/comments?post=16936"}],"wp:featuredmedia":[{"embeddable":true,"href":"https:\/\/www.tenyutool.com\/tr\/wp-json\/wp\/v2\/media\/16939"}],"wp:attachment":[{"href":"https:\/\/www.tenyutool.com\/tr\/wp-json\/wp\/v2\/media?parent=16936"}],"wp:term":[{"taxonomy":"product_brand","embeddable":true,"href":"https:\/\/www.tenyutool.com\/tr\/wp-json\/wp\/v2\/product_brand?post=16936"},{"taxonomy":"product_cat","embeddable":true,"href":"https:\/\/www.tenyutool.com\/tr\/wp-json\/wp\/v2\/product_cat?post=16936"},{"taxonomy":"product_tag","embeddable":true,"href":"https:\/\/www.tenyutool.com\/tr\/wp-json\/wp\/v2\/product_tag?post=16936"}],"curies":[{"name":"wp","href":"https:\/\/api.w.org\/{rel}","templated":true}]}}