{"id":17721,"date":"2024-10-16T07:07:10","date_gmt":"2024-10-16T07:07:10","guid":{"rendered":"https:\/\/www.tenyutool.com\/?post_type=product&#038;p=17721"},"modified":"2024-10-16T07:07:10","modified_gmt":"2024-10-16T07:07:10","slug":"marble-diamond-blade","status":"publish","type":"product","link":"https:\/\/www.tenyutool.com\/tr\/product\/marble-diamond-blade\/","title":{"rendered":"Concrete Cutting Tile Disk with Marble Diamond Porcelain Ceramic Tile Circular Saw Blade for Angle Grinder"},"content":{"rendered":"<p>\u00d6zellik:<\/p>\n<ul>\n<li>Our blade supply is precise and clean-cut.<\/li>\n<li>Hot press supply\u00a0clean and precise cuts with minimal chipping.<\/li>\n<li>Suitable\u00a0for both dry and wet cutting.<\/li>\n<li>With high-strength 65Mn steel and premium diamond grit.<\/li>\n<li>Suitable for angle grinder, and other machines.<\/li>\n<\/ul>\n<p><img fetchpriority=\"high\" decoding=\"async\" class=\"size-full wp-image-17725\" src=\"https:\/\/www.tenyutool.com\/wp-content\/uploads\/2024\/10\/Concrete-Cutting-Tile-Disk-with-Marble-Diamond-Porcelain-Ceramic-Tile-Circular-Saw-Blade-for-Angle-Grinder.jpg\" alt=\"concrete cutting tile disk with marble diamond porcelain ceramic tile circular saw blade for angle grinder\" width=\"800\" height=\"800\" srcset=\"https:\/\/www.tenyutool.com\/wp-content\/uploads\/2024\/10\/Concrete-Cutting-Tile-Disk-with-Marble-Diamond-Porcelain-Ceramic-Tile-Circular-Saw-Blade-for-Angle-Grinder.jpg 800w, https:\/\/www.tenyutool.com\/wp-content\/uploads\/2024\/10\/Concrete-Cutting-Tile-Disk-with-Marble-Diamond-Porcelain-Ceramic-Tile-Circular-Saw-Blade-for-Angle-Grinder-150x150.jpg 150w, https:\/\/www.tenyutool.com\/wp-content\/uploads\/2024\/10\/Concrete-Cutting-Tile-Disk-with-Marble-Diamond-Porcelain-Ceramic-Tile-Circular-Saw-Blade-for-Angle-Grinder-768x768.jpg 768w, https:\/\/www.tenyutool.com\/wp-content\/uploads\/2024\/10\/Concrete-Cutting-Tile-Disk-with-Marble-Diamond-Porcelain-Ceramic-Tile-Circular-Saw-Blade-for-Angle-Grinder-12x12.jpg 12w, https:\/\/www.tenyutool.com\/wp-content\/uploads\/2024\/10\/Concrete-Cutting-Tile-Disk-with-Marble-Diamond-Porcelain-Ceramic-Tile-Circular-Saw-Blade-for-Angle-Grinder-300x300.jpg 300w, https:\/\/www.tenyutool.com\/wp-content\/uploads\/2024\/10\/Concrete-Cutting-Tile-Disk-with-Marble-Diamond-Porcelain-Ceramic-Tile-Circular-Saw-Blade-for-Angle-Grinder-600x600.jpg 600w, https:\/\/www.tenyutool.com\/wp-content\/uploads\/2024\/10\/Concrete-Cutting-Tile-Disk-with-Marble-Diamond-Porcelain-Ceramic-Tile-Circular-Saw-Blade-for-Angle-Grinder-100x100.jpg 100w\" sizes=\"(max-width: 800px) 100vw, 800px\" \/><\/p>\n<p><img decoding=\"async\" class=\"size-full wp-image-17726\" src=\"https:\/\/www.tenyutool.com\/wp-content\/uploads\/2024\/10\/Concrete-Cutting-Tile-Disk-with-Marble-Diamond-Porcelain-Ceramic-Tile-Circular-Saw-Blade-for-Angle-Grinder-1.jpg\" alt=\"concrete cutting tile disk with marble diamond porcelain ceramic tile circular saw blade for angle grinder\" width=\"800\" height=\"800\" srcset=\"https:\/\/www.tenyutool.com\/wp-content\/uploads\/2024\/10\/Concrete-Cutting-Tile-Disk-with-Marble-Diamond-Porcelain-Ceramic-Tile-Circular-Saw-Blade-for-Angle-Grinder-1.jpg 800w, https:\/\/www.tenyutool.com\/wp-content\/uploads\/2024\/10\/Concrete-Cutting-Tile-Disk-with-Marble-Diamond-Porcelain-Ceramic-Tile-Circular-Saw-Blade-for-Angle-Grinder-1-150x150.jpg 150w, https:\/\/www.tenyutool.com\/wp-content\/uploads\/2024\/10\/Concrete-Cutting-Tile-Disk-with-Marble-Diamond-Porcelain-Ceramic-Tile-Circular-Saw-Blade-for-Angle-Grinder-1-768x768.jpg 768w, https:\/\/www.tenyutool.com\/wp-content\/uploads\/2024\/10\/Concrete-Cutting-Tile-Disk-with-Marble-Diamond-Porcelain-Ceramic-Tile-Circular-Saw-Blade-for-Angle-Grinder-1-12x12.jpg 12w, https:\/\/www.tenyutool.com\/wp-content\/uploads\/2024\/10\/Concrete-Cutting-Tile-Disk-with-Marble-Diamond-Porcelain-Ceramic-Tile-Circular-Saw-Blade-for-Angle-Grinder-1-300x300.jpg 300w, https:\/\/www.tenyutool.com\/wp-content\/uploads\/2024\/10\/Concrete-Cutting-Tile-Disk-with-Marble-Diamond-Porcelain-Ceramic-Tile-Circular-Saw-Blade-for-Angle-Grinder-1-600x600.jpg 600w, https:\/\/www.tenyutool.com\/wp-content\/uploads\/2024\/10\/Concrete-Cutting-Tile-Disk-with-Marble-Diamond-Porcelain-Ceramic-Tile-Circular-Saw-Blade-for-Angle-Grinder-1-100x100.jpg 100w\" sizes=\"(max-width: 800px) 100vw, 800px\" \/><\/p>\n<p><img decoding=\"async\" class=\"size-full wp-image-17727\" src=\"https:\/\/www.tenyutool.com\/wp-content\/uploads\/2024\/10\/Concrete-Cutting-Tile-Disk-with-Marble-Diamond-Porcelain-Ceramic-Tile-Circular-Saw-Blade-for-Angle-Grinder-2.jpg\" alt=\"concrete cutting tile disk with marble diamond porcelain ceramic tile circular saw blade for angle grinder\" width=\"800\" height=\"800\" srcset=\"https:\/\/www.tenyutool.com\/wp-content\/uploads\/2024\/10\/Concrete-Cutting-Tile-Disk-with-Marble-Diamond-Porcelain-Ceramic-Tile-Circular-Saw-Blade-for-Angle-Grinder-2.jpg 800w, https:\/\/www.tenyutool.com\/wp-content\/uploads\/2024\/10\/Concrete-Cutting-Tile-Disk-with-Marble-Diamond-Porcelain-Ceramic-Tile-Circular-Saw-Blade-for-Angle-Grinder-2-150x150.jpg 150w, https:\/\/www.tenyutool.com\/wp-content\/uploads\/2024\/10\/Concrete-Cutting-Tile-Disk-with-Marble-Diamond-Porcelain-Ceramic-Tile-Circular-Saw-Blade-for-Angle-Grinder-2-768x768.jpg 768w, https:\/\/www.tenyutool.com\/wp-content\/uploads\/2024\/10\/Concrete-Cutting-Tile-Disk-with-Marble-Diamond-Porcelain-Ceramic-Tile-Circular-Saw-Blade-for-Angle-Grinder-2-12x12.jpg 12w, https:\/\/www.tenyutool.com\/wp-content\/uploads\/2024\/10\/Concrete-Cutting-Tile-Disk-with-Marble-Diamond-Porcelain-Ceramic-Tile-Circular-Saw-Blade-for-Angle-Grinder-2-300x300.jpg 300w, https:\/\/www.tenyutool.com\/wp-content\/uploads\/2024\/10\/Concrete-Cutting-Tile-Disk-with-Marble-Diamond-Porcelain-Ceramic-Tile-Circular-Saw-Blade-for-Angle-Grinder-2-600x600.jpg 600w, https:\/\/www.tenyutool.com\/wp-content\/uploads\/2024\/10\/Concrete-Cutting-Tile-Disk-with-Marble-Diamond-Porcelain-Ceramic-Tile-Circular-Saw-Blade-for-Angle-Grinder-2-100x100.jpg 100w\" sizes=\"(max-width: 800px) 100vw, 800px\" \/><\/p>\n<p><img loading=\"lazy\" decoding=\"async\" class=\"size-full wp-image-17728\" src=\"https:\/\/www.tenyutool.com\/wp-content\/uploads\/2024\/10\/Concrete-Cutting-Tile-Disk-with-Marble-Diamond-Porcelain-Ceramic-Tile-Circular-Saw-Blade-for-Angle-Grinder-4.jpg\" alt=\"concrete cutting tile disk with marble diamond porcelain ceramic tile circular saw blade for angle grinder\" width=\"800\" height=\"800\" srcset=\"https:\/\/www.tenyutool.com\/wp-content\/uploads\/2024\/10\/Concrete-Cutting-Tile-Disk-with-Marble-Diamond-Porcelain-Ceramic-Tile-Circular-Saw-Blade-for-Angle-Grinder-4.jpg 800w, https:\/\/www.tenyutool.com\/wp-content\/uploads\/2024\/10\/Concrete-Cutting-Tile-Disk-with-Marble-Diamond-Porcelain-Ceramic-Tile-Circular-Saw-Blade-for-Angle-Grinder-4-150x150.jpg 150w, https:\/\/www.tenyutool.com\/wp-content\/uploads\/2024\/10\/Concrete-Cutting-Tile-Disk-with-Marble-Diamond-Porcelain-Ceramic-Tile-Circular-Saw-Blade-for-Angle-Grinder-4-768x768.jpg 768w, https:\/\/www.tenyutool.com\/wp-content\/uploads\/2024\/10\/Concrete-Cutting-Tile-Disk-with-Marble-Diamond-Porcelain-Ceramic-Tile-Circular-Saw-Blade-for-Angle-Grinder-4-12x12.jpg 12w, https:\/\/www.tenyutool.com\/wp-content\/uploads\/2024\/10\/Concrete-Cutting-Tile-Disk-with-Marble-Diamond-Porcelain-Ceramic-Tile-Circular-Saw-Blade-for-Angle-Grinder-4-300x300.jpg 300w, https:\/\/www.tenyutool.com\/wp-content\/uploads\/2024\/10\/Concrete-Cutting-Tile-Disk-with-Marble-Diamond-Porcelain-Ceramic-Tile-Circular-Saw-Blade-for-Angle-Grinder-4-600x600.jpg 600w, https:\/\/www.tenyutool.com\/wp-content\/uploads\/2024\/10\/Concrete-Cutting-Tile-Disk-with-Marble-Diamond-Porcelain-Ceramic-Tile-Circular-Saw-Blade-for-Angle-Grinder-4-100x100.jpg 100w\" sizes=\"(max-width: 800px) 100vw, 800px\" \/><\/p>\n<p><img loading=\"lazy\" decoding=\"async\" class=\"size-full wp-image-17724\" src=\"https:\/\/www.tenyutool.com\/wp-content\/uploads\/2024\/10\/Concrete-Cutting-Tile-Disk-with-Marble-Diamond-Porcelain-Ceramic-Tile-Circular-Saw-Blade-for-Angle-Grinder-3.jpg\" alt=\"concrete cutting tile disk with marble diamond porcelain ceramic tile circular saw blade for angle grinder\" width=\"800\" height=\"800\" srcset=\"https:\/\/www.tenyutool.com\/wp-content\/uploads\/2024\/10\/Concrete-Cutting-Tile-Disk-with-Marble-Diamond-Porcelain-Ceramic-Tile-Circular-Saw-Blade-for-Angle-Grinder-3.jpg 800w, https:\/\/www.tenyutool.com\/wp-content\/uploads\/2024\/10\/Concrete-Cutting-Tile-Disk-with-Marble-Diamond-Porcelain-Ceramic-Tile-Circular-Saw-Blade-for-Angle-Grinder-3-150x150.jpg 150w, https:\/\/www.tenyutool.com\/wp-content\/uploads\/2024\/10\/Concrete-Cutting-Tile-Disk-with-Marble-Diamond-Porcelain-Ceramic-Tile-Circular-Saw-Blade-for-Angle-Grinder-3-768x768.jpg 768w, https:\/\/www.tenyutool.com\/wp-content\/uploads\/2024\/10\/Concrete-Cutting-Tile-Disk-with-Marble-Diamond-Porcelain-Ceramic-Tile-Circular-Saw-Blade-for-Angle-Grinder-3-12x12.jpg 12w, https:\/\/www.tenyutool.com\/wp-content\/uploads\/2024\/10\/Concrete-Cutting-Tile-Disk-with-Marble-Diamond-Porcelain-Ceramic-Tile-Circular-Saw-Blade-for-Angle-Grinder-3-300x300.jpg 300w, https:\/\/www.tenyutool.com\/wp-content\/uploads\/2024\/10\/Concrete-Cutting-Tile-Disk-with-Marble-Diamond-Porcelain-Ceramic-Tile-Circular-Saw-Blade-for-Angle-Grinder-3-600x600.jpg 600w, https:\/\/www.tenyutool.com\/wp-content\/uploads\/2024\/10\/Concrete-Cutting-Tile-Disk-with-Marble-Diamond-Porcelain-Ceramic-Tile-Circular-Saw-Blade-for-Angle-Grinder-3-100x100.jpg 100w\" sizes=\"(max-width: 800px) 100vw, 800px\" \/><\/p>\n<p><img loading=\"lazy\" decoding=\"async\" class=\"size-full wp-image-17729\" src=\"https:\/\/www.tenyutool.com\/wp-content\/uploads\/2024\/10\/Concrete-Cutting-Tile-Disk-with-Marble-Diamond-Porcelain-Ceramic-Tile-Circular-Saw-Blade-for-Angle-Grinder-5.jpg\" alt=\"concrete cutting tile disk with marble diamond porcelain ceramic tile circular saw blade for angle grinder\" width=\"800\" height=\"800\" srcset=\"https:\/\/www.tenyutool.com\/wp-content\/uploads\/2024\/10\/Concrete-Cutting-Tile-Disk-with-Marble-Diamond-Porcelain-Ceramic-Tile-Circular-Saw-Blade-for-Angle-Grinder-5.jpg 800w, https:\/\/www.tenyutool.com\/wp-content\/uploads\/2024\/10\/Concrete-Cutting-Tile-Disk-with-Marble-Diamond-Porcelain-Ceramic-Tile-Circular-Saw-Blade-for-Angle-Grinder-5-150x150.jpg 150w, https:\/\/www.tenyutool.com\/wp-content\/uploads\/2024\/10\/Concrete-Cutting-Tile-Disk-with-Marble-Diamond-Porcelain-Ceramic-Tile-Circular-Saw-Blade-for-Angle-Grinder-5-768x768.jpg 768w, https:\/\/www.tenyutool.com\/wp-content\/uploads\/2024\/10\/Concrete-Cutting-Tile-Disk-with-Marble-Diamond-Porcelain-Ceramic-Tile-Circular-Saw-Blade-for-Angle-Grinder-5-12x12.jpg 12w, https:\/\/www.tenyutool.com\/wp-content\/uploads\/2024\/10\/Concrete-Cutting-Tile-Disk-with-Marble-Diamond-Porcelain-Ceramic-Tile-Circular-Saw-Blade-for-Angle-Grinder-5-300x300.jpg 300w, https:\/\/www.tenyutool.com\/wp-content\/uploads\/2024\/10\/Concrete-Cutting-Tile-Disk-with-Marble-Diamond-Porcelain-Ceramic-Tile-Circular-Saw-Blade-for-Angle-Grinder-5-600x600.jpg 600w, https:\/\/www.tenyutool.com\/wp-content\/uploads\/2024\/10\/Concrete-Cutting-Tile-Disk-with-Marble-Diamond-Porcelain-Ceramic-Tile-Circular-Saw-Blade-for-Angle-Grinder-5-100x100.jpg 100w\" sizes=\"(max-width: 800px) 100vw, 800px\" \/><\/p>\n<p><img loading=\"lazy\" decoding=\"async\" class=\"size-full wp-image-17730\" src=\"https:\/\/www.tenyutool.com\/wp-content\/uploads\/2024\/10\/Concrete-Cutting-Tile-Disk-with-Marble-Diamond-Porcelain-Ceramic-Tile-Circular-Saw-Blade-for-Angle-Grinder-6.jpg\" alt=\"concrete cutting tile disk with marble diamond porcelain ceramic tile circular saw blade for angle grinder\" width=\"800\" height=\"800\" srcset=\"https:\/\/www.tenyutool.com\/wp-content\/uploads\/2024\/10\/Concrete-Cutting-Tile-Disk-with-Marble-Diamond-Porcelain-Ceramic-Tile-Circular-Saw-Blade-for-Angle-Grinder-6.jpg 800w, https:\/\/www.tenyutool.com\/wp-content\/uploads\/2024\/10\/Concrete-Cutting-Tile-Disk-with-Marble-Diamond-Porcelain-Ceramic-Tile-Circular-Saw-Blade-for-Angle-Grinder-6-150x150.jpg 150w, https:\/\/www.tenyutool.com\/wp-content\/uploads\/2024\/10\/Concrete-Cutting-Tile-Disk-with-Marble-Diamond-Porcelain-Ceramic-Tile-Circular-Saw-Blade-for-Angle-Grinder-6-768x768.jpg 768w, https:\/\/www.tenyutool.com\/wp-content\/uploads\/2024\/10\/Concrete-Cutting-Tile-Disk-with-Marble-Diamond-Porcelain-Ceramic-Tile-Circular-Saw-Blade-for-Angle-Grinder-6-12x12.jpg 12w, https:\/\/www.tenyutool.com\/wp-content\/uploads\/2024\/10\/Concrete-Cutting-Tile-Disk-with-Marble-Diamond-Porcelain-Ceramic-Tile-Circular-Saw-Blade-for-Angle-Grinder-6-300x300.jpg 300w, https:\/\/www.tenyutool.com\/wp-content\/uploads\/2024\/10\/Concrete-Cutting-Tile-Disk-with-Marble-Diamond-Porcelain-Ceramic-Tile-Circular-Saw-Blade-for-Angle-Grinder-6-600x600.jpg 600w, https:\/\/www.tenyutool.com\/wp-content\/uploads\/2024\/10\/Concrete-Cutting-Tile-Disk-with-Marble-Diamond-Porcelain-Ceramic-Tile-Circular-Saw-Blade-for-Angle-Grinder-6-100x100.jpg 100w\" sizes=\"(max-width: 800px) 100vw, 800px\" \/><\/p>\n<table style=\"border-collapse: collapse; width: 623.27pt;\" border=\"0\" width=\"831\" cellspacing=\"0\" cellpadding=\"0\">\n<tbody>\n<tr style=\"height: 31.50pt;\">\n<td class=\"et2\" style=\"height: 31.50pt; width: 623.25pt;\" colspan=\"5\" width=\"831\" height=\"42\">\u00dcr\u00fcn A\u00e7\u0131klamas\u0131<\/td>\n<\/tr>\n<tr style=\"height: 25.00pt;\">\n<td class=\"et3\" style=\"height: 25.00pt; width: 86.25pt;\" width=\"115\" height=\"33\">\u00dcr\u00fcn<\/td>\n<td class=\"et4\" style=\"width: 537.00pt;\" colspan=\"4\" width=\"716\">Concrete Cutting Tile Disk with Marble Diamond Porcelain Ceramic Tile Circular Saw Blade for Angle Grinder<\/td>\n<\/tr>\n<tr style=\"height: 20.00pt;\">\n<td class=\"et3\" style=\"height: 40.00pt; width: 86.25pt;\" rowspan=\"2\" width=\"115\" height=\"53\">Malzeme<\/td>\n<td class=\"et4\" style=\"width: 537.00pt;\" colspan=\"4\" width=\"716\">B\u0131\u00e7ak Malzemesi: Elmas Grit<\/td>\n<\/tr>\n<tr style=\"height: 20.00pt;\">\n<td class=\"et4\" style=\"width: 537.00pt;\" colspan=\"4\" width=\"716\">G\u00f6vde Malzemesi: 65Mn \u00c7elik<\/td>\n<\/tr>\n<tr style=\"height: 20.00pt;\">\n<td class=\"et3\" style=\"height: 20.00pt; width: 86.25pt;\" width=\"115\" height=\"26\">\u0130\u015flem<\/td>\n<td class=\"et4\" style=\"width: 537.00pt;\" colspan=\"4\" width=\"716\">S\u0131cak Pres Sinterlenmi\u015f<\/td>\n<\/tr>\n<tr style=\"height: 20.00pt;\">\n<td class=\"et3\" style=\"height: 20.00pt; width: 86.25pt;\" width=\"115\" height=\"26\">B\u0131\u00e7ak Tipi<\/td>\n<td class=\"et4\" style=\"width: 537.00pt;\" colspan=\"4\" width=\"716\">Turbo B\u0131\u00e7ak<\/td>\n<\/tr>\n<tr style=\"height: 20.00pt;\">\n<td class=\"et3\" style=\"height: 20.00pt; width: 86.25pt;\" width=\"115\" height=\"26\">Ba\u015fvuru<\/td>\n<td class=\"et4\" style=\"width: 537.00pt;\" colspan=\"4\" width=\"716\">Granit, mermer ta\u015f\u0131 ve beton blok, sert tu\u011fla, kald\u0131r\u0131m tu\u011flas\u0131, betonarme kesmek i\u00e7in<\/td>\n<\/tr>\n<tr style=\"height: 20.00pt;\">\n<td class=\"et3\" style=\"height: 20.00pt; width: 86.25pt;\" width=\"115\" height=\"26\">paket<\/td>\n<td class=\"et4\" style=\"width: 537.00pt;\" colspan=\"4\" width=\"716\">Bir PVC \u00e7ift blister, ka\u011f\u0131t kutu veya PVC Cilt Kart\u0131 i\u00e7inde tek par\u00e7a<\/td>\n<\/tr>\n<\/tbody>\n<\/table>","protected":false},"excerpt":{"rendered":"<p>Feature: Our blade supply is precise and clean-cut. Hot press supply\u00a0clean and precise cuts with minimal chipping. Suitable\u00a0for both dry and wet cutting. With high-strength 65Mn steel and premium diamond grit. Suitable for angle grinder, and other machines. Product Description Product Concrete Cutting Tile Disk with Marble Diamond Porcelain Ceramic Tile Circular Saw Blade for [&hellip;]<\/p>\n","protected":false},"featured_media":17726,"comment_status":"closed","ping_status":"closed","template":"","meta":{"_acf_changed":false,"_seopress_robots_primary_cat":"none","_seopress_titles_title":"Concrete Cutting Tile Disk with Marble Diamond Porcelain Ceramic Tile Circular Saw Blade for Angle Grinder","_seopress_titles_desc":"","_seopress_robots_index":"","site-sidebar-layout":"default","site-content-layout":"","ast-site-content-layout":"default","site-content-style":"default","site-sidebar-style":"default","ast-global-header-display":"","ast-banner-title-visibility":"","ast-main-header-display":"","ast-hfb-above-header-display":"","ast-hfb-below-header-display":"","ast-hfb-mobile-header-display":"","site-post-title":"","ast-breadcrumbs-content":"","ast-featured-img":"","footer-sml-layout":"","ast-disable-related-posts":"","theme-transparent-header-meta":"default","adv-header-id-meta":"","stick-header-meta":"","header-above-stick-meta":"","header-main-stick-meta":"","header-below-stick-meta":"","astra-migrate-meta-layouts":"set","ast-page-background-enabled":"default","ast-page-background-meta":{"desktop":{"background-color":"","background-image":"","background-repeat":"repeat","background-position":"center center","background-size":"auto","background-attachment":"scroll","background-type":"","background-media":"","overlay-type":"","overlay-color":"","overlay-opacity":"","overlay-gradient":""},"tablet":{"background-color":"","background-image":"","background-repeat":"repeat","background-position":"center center","background-size":"auto","background-attachment":"scroll","background-type":"","background-media":"","overlay-type":"","overlay-color":"","overlay-opacity":"","overlay-gradient":""},"mobile":{"background-color":"","background-image":"","background-repeat":"repeat","background-position":"center center","background-size":"auto","background-attachment":"scroll","background-type":"","background-media":"","overlay-type":"","overlay-color":"","overlay-opacity":"","overlay-gradient":""}},"ast-content-background-meta":{"desktop":{"background-color":"var(--ast-global-color-5)","background-image":"","background-repeat":"repeat","background-position":"center center","background-size":"auto","background-attachment":"scroll","background-type":"","background-media":"","overlay-type":"","overlay-color":"","overlay-opacity":"","overlay-gradient":""},"tablet":{"background-color":"var(--ast-global-color-5)","background-image":"","background-repeat":"repeat","background-position":"center center","background-size":"auto","background-attachment":"scroll","background-type":"","background-media":"","overlay-type":"","overlay-color":"","overlay-opacity":"","overlay-gradient":""},"mobile":{"background-color":"var(--ast-global-color-5)","background-image":"","background-repeat":"repeat","background-position":"center center","background-size":"auto","background-attachment":"scroll","background-type":"","background-media":"","overlay-type":"","overlay-color":"","overlay-opacity":"","overlay-gradient":""}}},"product_brand":[],"product_cat":[52],"product_tag":[],"class_list":{"0":"post-17721","1":"product","2":"type-product","3":"status-publish","4":"has-post-thumbnail","6":"product_cat-diamond-saw-blade","7":"desktop-align-left","8":"tablet-align-left","9":"mobile-align-left","11":"first","12":"instock","13":"shipping-taxable","14":"product-type-simple"},"acf":[],"_links":{"self":[{"href":"https:\/\/www.tenyutool.com\/tr\/wp-json\/wp\/v2\/product\/17721","targetHints":{"allow":["GET"]}}],"collection":[{"href":"https:\/\/www.tenyutool.com\/tr\/wp-json\/wp\/v2\/product"}],"about":[{"href":"https:\/\/www.tenyutool.com\/tr\/wp-json\/wp\/v2\/types\/product"}],"replies":[{"embeddable":true,"href":"https:\/\/www.tenyutool.com\/tr\/wp-json\/wp\/v2\/comments?post=17721"}],"wp:featuredmedia":[{"embeddable":true,"href":"https:\/\/www.tenyutool.com\/tr\/wp-json\/wp\/v2\/media\/17726"}],"wp:attachment":[{"href":"https:\/\/www.tenyutool.com\/tr\/wp-json\/wp\/v2\/media?parent=17721"}],"wp:term":[{"taxonomy":"product_brand","embeddable":true,"href":"https:\/\/www.tenyutool.com\/tr\/wp-json\/wp\/v2\/product_brand?post=17721"},{"taxonomy":"product_cat","embeddable":true,"href":"https:\/\/www.tenyutool.com\/tr\/wp-json\/wp\/v2\/product_cat?post=17721"},{"taxonomy":"product_tag","embeddable":true,"href":"https:\/\/www.tenyutool.com\/tr\/wp-json\/wp\/v2\/product_tag?post=17721"}],"curies":[{"name":"wp","href":"https:\/\/api.w.org\/{rel}","templated":true}]}}